{"id":1501,"date":"2023-10-06T06:56:43","date_gmt":"2023-10-06T06:56:43","guid":{"rendered":"https:\/\/www.nhuabinhthuan.com.vn\/vn\/?page_id=1501"},"modified":"2026-01-23T10:36:52","modified_gmt":"2026-01-23T03:36:52","slug":"lich-su-hinh-thanh","status":"publish","type":"page","link":"https:\/\/www.nhuabinhthuan.com.vn\/vn\/gioi-thieu\/lich-su-hinh-thanh\/","title":{"rendered":"L\u1ecaCH S\u1eec H\u00ccNH TH\u00c0NH"},"content":{"rendered":"\t\t<div data-elementor-type=\"wp-page\" data-elementor-id=\"1501\" class=\"elementor elementor-1501\" data-elementor-post-type=\"page\">\n\t\t\t\t\t\t<section class=\"elementor-section elementor-top-section elementor-element elementor-element-4734ac2 elementor-section-height-min-height elementor-section-full_width elementor-section-height-default elementor-section-items-middle\" data-id=\"4734ac2\" data-element_type=\"section\" data-settings=\"{&quot;background_background&quot;:&quot;classic&quot;}\">\n\t\t\t\t\t\t\t<div class=\"elementor-background-overlay\"><\/div>\n\t\t\t\t\t\t\t<div class=\"elementor-container elementor-column-gap-default\">\n\t\t\t\t\t<div class=\"elementor-column elementor-col-100 elementor-top-column elementor-element elementor-element-7037975\" data-id=\"7037975\" data-element_type=\"column\">\n\t\t\t<div class=\"elementor-widget-wrap elementor-element-populated\">\n\t\t\t\t\t\t\t<\/div>\n\t\t<\/div>\n\t\t\t\t\t<\/div>\n\t\t<\/section>\n\t\t<div class=\"elementor-element elementor-element-7c9e5bc e-con-full e-flex e-con e-parent\" data-id=\"7c9e5bc\" data-element_type=\"container\">\n\t\t\t\t<div class=\"elementor-element elementor-element-5464658 elementor--h-position-center elementor--v-position-middle elementor-arrows-position-inside elementor-pagination-position-inside elementor-widget elementor-widget-slides\" data-id=\"5464658\" data-element_type=\"widget\" data-settings=\"{&quot;transition&quot;:&quot;fade&quot;,&quot;transition_speed&quot;:2000,&quot;navigation&quot;:&quot;both&quot;,&quot;autoplay&quot;:&quot;yes&quot;,&quot;pause_on_hover&quot;:&quot;yes&quot;,&quot;pause_on_interaction&quot;:&quot;yes&quot;,&quot;autoplay_speed&quot;:5000,&quot;infinite&quot;:&quot;yes&quot;}\" data-widget_type=\"slides.default\">\n\t\t\t\t<div class=\"elementor-widget-container\">\n\t\t\t\t\t\t\t\t\t<div class=\"elementor-swiper\">\n\t\t\t\t\t<div class=\"elementor-slides-wrapper elementor-main-swiper swiper\" role=\"region\" aria-roledescription=\"carousel\" aria-label=\"Slides\" dir=\"ltr\" data-animation=\"fadeInUp\">\n\t\t\t\t<div class=\"swiper-wrapper elementor-slides\">\n\t\t\t\t\t\t\t\t\t\t<div class=\"elementor-repeater-item-19f6914 swiper-slide\" role=\"group\" aria-roledescription=\"slide\"><div class=\"swiper-slide-bg elementor-ken-burns elementor-ken-burns--in\" role=\"img\"><\/div><div class=\"elementor-background-overlay\"><\/div><div class=\"swiper-slide-inner\" ><div class=\"swiper-slide-contents\"><div class=\"elementor-slide-heading\">--- N\u0102M 2008 ---<\/div><div class=\"elementor-slide-description\">Th\u00e0nh l\u1eadp C\u00f4ng ty C\u1ed5 Ph\u1ea7n C\u01a1 kh\u00ed Nh\u1ef1a B\u00ecnh Thu\u1eadn<\/div><\/div><\/div><\/div><div class=\"elementor-repeater-item-8e671f8 swiper-slide\" role=\"group\" aria-roledescription=\"slide\"><div class=\"swiper-slide-bg elementor-ken-burns elementor-ken-burns--in\" role=\"img\"><\/div><div class=\"elementor-background-overlay\"><\/div><div class=\"swiper-slide-inner\" ><div class=\"swiper-slide-contents\"><div class=\"elementor-slide-heading\">--- N\u0102M 2014 ---<\/div><div class=\"elementor-slide-description\">M\u1edf r\u1ed9ng nh\u00e0 m\u00e1y s\u1ed1 2<\/div><\/div><\/div><\/div><div class=\"elementor-repeater-item-c114a2a swiper-slide\" role=\"group\" aria-roledescription=\"slide\"><div class=\"swiper-slide-bg elementor-ken-burns elementor-ken-burns--in\" role=\"img\"><\/div><div class=\"elementor-background-overlay\"><\/div><div class=\"swiper-slide-inner\" ><div class=\"swiper-slide-contents\"><div class=\"elementor-slide-heading\">--- N\u0102M 2018 ---<\/div><div class=\"elementor-slide-description\">Th\u00e0nh l\u1eadp C\u00f4ng ty TNHH Ph\u00e1t Tri\u1ec3n B\u00ecnh Thu\u1eadn (BTD)<\/div><\/div><\/div><\/div><div class=\"elementor-repeater-item-c3e5acb swiper-slide\" role=\"group\" aria-roledescription=\"slide\"><div class=\"swiper-slide-bg elementor-ken-burns elementor-ken-burns--in\" role=\"img\"><\/div><div class=\"elementor-background-overlay\"><\/div><div class=\"swiper-slide-inner\" ><div class=\"swiper-slide-contents\"><div class=\"elementor-slide-heading\">--- N\u0102M 2019 ---<\/div><div class=\"elementor-slide-description\">Th\u00e0nh l\u1eadp C\u00f4ng ty C\u1ed5 ph\u1ea7n Khu\u00f4n m\u1eabu Nh\u1ef1a Vi\u1ec7t Nam (VPM)\n<\/div><\/div><\/div><\/div><div class=\"elementor-repeater-item-eb0015e swiper-slide\" role=\"group\" aria-roledescription=\"slide\"><div class=\"swiper-slide-bg elementor-ken-burns elementor-ken-burns--in\" role=\"img\"><\/div><div class=\"elementor-background-overlay\"><\/div><div class=\"swiper-slide-inner\" ><div class=\"swiper-slide-contents\"><div class=\"elementor-slide-heading\">--- N\u0102M 2020 ---<\/div><div class=\"elementor-slide-description\">S\u00e1p nh\u1eadp c\u00f4ng ty - T\u0103ng v\u1ed1n \u0111i\u1ec1u l\u1ec7\n<\/div><\/div><\/div><\/div><div class=\"elementor-repeater-item-e858cd8 swiper-slide\" role=\"group\" aria-roledescription=\"slide\"><div class=\"swiper-slide-bg elementor-ken-burns elementor-ken-burns--in\" role=\"img\"><\/div><div class=\"elementor-background-overlay\"><\/div><div class=\"swiper-slide-inner\" ><div class=\"swiper-slide-contents\"><div class=\"elementor-slide-heading\">--- N\u0102M 2021 ---<\/div><div class=\"elementor-slide-description\">\u0110\u1ed5i t\u00ean BTH th\u00e0nh C\u00f4ng ty c\u1ed5 ph\u1ea7n T\u1eadp \u0111o\u00e0n Nh\u1ef1a B\u00ecnh Thu\u1eadn (BPG)\n<\/div><\/div><\/div><\/div>\t\t\t\t<\/div>\n\t\t\t\t\t\t\t\t\t\t\t\t\t\t\t<div class=\"elementor-swiper-button elementor-swiper-button-prev\" role=\"button\" tabindex=\"0\" aria-label=\"Previous slide\">\n\t\t\t\t\t\t\t<i aria-hidden=\"true\" class=\"eicon-chevron-left\"><\/i>\t\t\t\t\t\t<\/div>\n\t\t\t\t\t\t<div class=\"elementor-swiper-button elementor-swiper-button-next\" role=\"button\" tabindex=\"0\" aria-label=\"Next slide\">\n\t\t\t\t\t\t\t<i aria-hidden=\"true\" class=\"eicon-chevron-right\"><\/i>\t\t\t\t\t\t<\/div>\n\t\t\t\t\t\t\t\t\t\t\t\t\t\t\t\t<div class=\"swiper-pagination\"><\/div>\n\t\t\t\t\t\t\t\t\t\t\t\t<\/div>\n\t\t\t\t<\/div>\n\t\t\t\t\t\t\t\t<\/div>\n\t\t\t\t<\/div>\n\t\t\t\t<\/div>\n\t\t\t\t<\/div>\n\t\t","protected":false},"excerpt":{"rendered":"<p>&#8212; N\u0102M 2008 &#8212;Th\u00e0nh l\u1eadp C\u00f4ng ty C\u1ed5 Ph\u1ea7n C\u01a1 kh\u00ed Nh\u1ef1a B\u00ecnh Thu\u1eadn&#8212; N\u0102M 2014 &#8212;M\u1edf r\u1ed9ng nh\u00e0 m\u00e1y s\u1ed1 2&#8212; N\u0102M 2018 &#8212;Th\u00e0nh l\u1eadp C\u00f4ng ty TNHH Ph\u00e1t Tri\u1ec3n B\u00ecnh Thu\u1eadn (BTD)&#8212; N\u0102M 2019 &#8212;Th\u00e0nh l\u1eadp C\u00f4ng ty C\u1ed5 ph\u1ea7n Khu\u00f4n m\u1eabu Nh\u1ef1a Vi\u1ec7t Nam (VPM) &#8212; N\u0102M 2020 &#8212;S\u00e1p nh\u1eadp c\u00f4ng ty &hellip;<\/p>\n<p class=\"read-more\"> <a class=\"\" href=\"https:\/\/www.nhuabinhthuan.com.vn\/vn\/gioi-thieu\/lich-su-hinh-thanh\/\"> <span class=\"screen-reader-text\">L\u1ecaCH S\u1eec H\u00ccNH TH\u00c0NH<\/span> Read More &raquo;<\/a><\/p>\n","protected":false},"author":1,"featured_media":0,"parent":14,"menu_order":5,"comment_status":"closed","ping_status":"closed","template":"","meta":{"site-sidebar-layout":"no-sidebar","site-content-layout":"page-builder","ast-site-content-layout":"full-width-container","site-content-style":"default","site-sidebar-style":"default","ast-global-header-display":"","ast-banner-title-visibility":"","ast-main-header-display":"","ast-hfb-above-header-display":"","ast-hfb-below-header-display":"","ast-hfb-mobile-header-display":"","site-post-title":"disabled","ast-breadcrumbs-content":"","ast-featured-img":"disabled","footer-sml-layout":"","theme-transparent-header-meta":"","adv-header-id-meta":"","stick-header-meta":"","header-above-stick-meta":"","header-main-stick-meta":"","header-below-stick-meta":"","astra-migrate-meta-layouts":"set","footnotes":""},"class_list":["post-1501","page","type-page","status-publish","hentry"],"_links":{"self":[{"href":"https:\/\/www.nhuabinhthuan.com.vn\/vn\/wp-json\/wp\/v2\/pages\/1501","targetHints":{"allow":["GET"]}}],"collection":[{"href":"https:\/\/www.nhuabinhthuan.com.vn\/vn\/wp-json\/wp\/v2\/pages"}],"about":[{"href":"https:\/\/www.nhuabinhthuan.com.vn\/vn\/wp-json\/wp\/v2\/types\/page"}],"author":[{"embeddable":true,"href":"https:\/\/www.nhuabinhthuan.com.vn\/vn\/wp-json\/wp\/v2\/users\/1"}],"replies":[{"embeddable":true,"href":"https:\/\/www.nhuabinhthuan.com.vn\/vn\/wp-json\/wp\/v2\/comments?post=1501"}],"version-history":[{"count":55,"href":"https:\/\/www.nhuabinhthuan.com.vn\/vn\/wp-json\/wp\/v2\/pages\/1501\/revisions"}],"predecessor-version":[{"id":10693,"href":"https:\/\/www.nhuabinhthuan.com.vn\/vn\/wp-json\/wp\/v2\/pages\/1501\/revisions\/10693"}],"up":[{"embeddable":true,"href":"https:\/\/www.nhuabinhthuan.com.vn\/vn\/wp-json\/wp\/v2\/pages\/14"}],"wp:attachment":[{"href":"https:\/\/www.nhuabinhthuan.com.vn\/vn\/wp-json\/wp\/v2\/media?parent=1501"}],"curies":[{"name":"wp","href":"https:\/\/api.w.org\/{rel}","templated":true}]}}