{"id":1503,"date":"2023-10-06T06:57:15","date_gmt":"2023-10-06T06:57:15","guid":{"rendered":"https:\/\/www.nhuabinhthuan.com.vn\/vn\/?page_id=1503"},"modified":"2026-03-17T10:27:34","modified_gmt":"2026-03-17T03:27:34","slug":"cong-ty-thanh-vien","status":"publish","type":"page","link":"https:\/\/www.nhuabinhthuan.com.vn\/vn\/gioi-thieu\/cong-ty-thanh-vien\/","title":{"rendered":"C\u00d4NG TY TH\u00c0NH VI\u00caN"},"content":{"rendered":"\t\t<div data-elementor-type=\"wp-page\" data-elementor-id=\"1503\" class=\"elementor elementor-1503\" data-elementor-post-type=\"page\">\n\t\t\t\t\t\t<section class=\"elementor-section elementor-top-section elementor-element elementor-element-809c30b elementor-section-height-min-height elementor-section-full_width elementor-section-content-middle elementor-section-height-default elementor-section-items-middle\" data-id=\"809c30b\" data-element_type=\"section\" data-settings=\"{&quot;background_background&quot;:&quot;classic&quot;}\">\n\t\t\t\t\t\t\t<div class=\"elementor-background-overlay\"><\/div>\n\t\t\t\t\t\t\t<div class=\"elementor-container elementor-column-gap-default\">\n\t\t\t\t\t<div class=\"elementor-column elementor-col-100 elementor-top-column elementor-element elementor-element-ea72d27\" data-id=\"ea72d27\" data-element_type=\"column\">\n\t\t\t<div class=\"elementor-widget-wrap elementor-element-populated\">\n\t\t\t\t\t\t\t<\/div>\n\t\t<\/div>\n\t\t\t\t\t<\/div>\n\t\t<\/section>\n\t\t<div class=\"elementor-element elementor-element-44ed85a e-con-full e-flex e-con e-parent\" data-id=\"44ed85a\" data-element_type=\"container\">\n\t\t<div class=\"elementor-element elementor-element-68ee88a e-con-full e-flex e-con e-child\" data-id=\"68ee88a\" data-element_type=\"container\" data-settings=\"{&quot;background_background&quot;:&quot;classic&quot;}\">\n\t\t\t\t<div class=\"elementor-element elementor-element-8b66c9c elementor-widget elementor-widget-image\" data-id=\"8b66c9c\" data-element_type=\"widget\" data-widget_type=\"image.default\">\n\t\t\t\t<div class=\"elementor-widget-container\">\n\t\t\t\t\t\t\t\t\t\t\t\t\t\t\t<img fetchpriority=\"high\" decoding=\"async\" width=\"400\" height=\"300\" src=\"https:\/\/www.nhuabinhthuan.com.vn\/vn\/wp-content\/uploads\/2023\/11\/cty-thanh-vien-logo-binh-thuan-plastic-400-300-02.jpg\" class=\"attachment-full size-full wp-image-6236\" alt=\"\" srcset=\"https:\/\/www.nhuabinhthuan.com.vn\/vn\/wp-content\/uploads\/2023\/11\/cty-thanh-vien-logo-binh-thuan-plastic-400-300-02.jpg 400w, https:\/\/www.nhuabinhthuan.com.vn\/vn\/wp-content\/uploads\/2023\/11\/cty-thanh-vien-logo-binh-thuan-plastic-400-300-02-300x225.jpg 300w\" sizes=\"(max-width: 400px) 100vw, 400px\" \/>\t\t\t\t\t\t\t\t\t\t\t\t\t\t\t<\/div>\n\t\t\t\t<\/div>\n\t\t\t\t<div class=\"elementor-element elementor-element-c1ae138 elementor-widget elementor-widget-text-editor\" data-id=\"c1ae138\" data-element_type=\"widget\" data-widget_type=\"text-editor.default\">\n\t\t\t\t<div class=\"elementor-widget-container\">\n\t\t\t\t\t\t\t\t\t<div><strong>C\u00d4NG TY TNHH S\u1ea2N XU\u1ea4T NH\u1ef0A B\u00ccNH THU\u1eacN<\/strong><\/div><div><strong>Nh\u00e0 m\u00e1y s\u1ed1 01 (BTP):<\/strong>\u00a0C\u00e1c s\u1ea3n ph\u1ea9m ph\u1ee5 tr\u1ee3 ng\u00e0nh h\u00e0ng n\u00f4ng nghi\u1ec7p, ng\u01b0 nghi\u1ec7p<br \/><strong>\u0110\u1ecba ch\u1ec9<\/strong>: L\u00f4 CN-03, KCN \u0110\u1ed3ng V\u0103n IV, P. L\u00ea H\u1ed3, T. Ninh B\u00ecnh<br \/><strong>Di\u1ec7n t\u00edch<\/strong>: 7000 m\u00b2<br \/><b>Thi\u1ebft b\u1ecb<\/b>: 33 m\u00e1y \u00e9p<br \/><b>C\u00f4ng su\u1ea5t m\u00e1y<\/b>: T\u1eeb 120 \u0111\u1ebfn 2800 t\u1ea5n.<br \/><strong>S\u1ea3n l\u01b0\u1ee3ng nh\u1ef1a ti\u00eau th\u1ee5<\/strong>: Tr\u00ean 8000 t\u1ea5n\/ n\u0103m<br \/><strong>S\u1ea3n ph\u1ea9m<\/strong>: T\u1eeb 25 tri\u1ec7u s\u1ea3n ph\u1ea9m m\u1ed7i n\u0103m.<\/div>\t\t\t\t\t\t\t\t<\/div>\n\t\t\t\t<\/div>\n\t\t\t\t<\/div>\n\t\t<div class=\"elementor-element elementor-element-07e5fdc e-con-full e-flex e-con e-child\" data-id=\"07e5fdc\" data-element_type=\"container\" data-settings=\"{&quot;background_background&quot;:&quot;classic&quot;}\">\n\t\t\t\t<div class=\"elementor-element elementor-element-2e16169 elementor-widget elementor-widget-image\" data-id=\"2e16169\" data-element_type=\"widget\" data-widget_type=\"image.default\">\n\t\t\t\t<div class=\"elementor-widget-container\">\n\t\t\t\t\t\t\t\t\t\t\t\t\t\t\t<img decoding=\"async\" width=\"400\" height=\"300\" src=\"https:\/\/www.nhuabinhthuan.com.vn\/vn\/wp-content\/uploads\/2024\/07\/Thiet-ke-chua-co-ten-8.png\" class=\"attachment-full size-full wp-image-8569\" alt=\"\" srcset=\"https:\/\/www.nhuabinhthuan.com.vn\/vn\/wp-content\/uploads\/2024\/07\/Thiet-ke-chua-co-ten-8.png 400w, https:\/\/www.nhuabinhthuan.com.vn\/vn\/wp-content\/uploads\/2024\/07\/Thiet-ke-chua-co-ten-8-300x225.png 300w\" sizes=\"(max-width: 400px) 100vw, 400px\" \/>\t\t\t\t\t\t\t\t\t\t\t\t\t\t\t<\/div>\n\t\t\t\t<\/div>\n\t\t\t\t<div class=\"elementor-element elementor-element-57158ef elementor-widget elementor-widget-text-editor\" data-id=\"57158ef\" data-element_type=\"widget\" data-widget_type=\"text-editor.default\">\n\t\t\t\t<div class=\"elementor-widget-container\">\n\t\t\t\t\t\t\t\t\t<div><strong>C\u00d4NG TY C\u1ed4 PH\u1ea6N NH\u1ef0A CH\u1ea4T L\u01af\u1ee2NG CAO B\u00ccNH THU\u1eacN<\/strong><\/div><div><div><strong>Nh\u00e0 m\u00e1y s\u1ed1 02 (BQP):<\/strong>\u00a0S\u1ea3n xu\u1ea5t c\u00e1c m\u1eb7t h\u00e0ng c\u00f4ng nghi\u1ec7p v\u00e0 gia c\u00f4ng, l\u1eafp r\u00e1p<br \/><strong>\u0110\u1ecba ch\u1ec9<\/strong>: L\u00f4 CN-03, KCN \u0110\u1ed3ng V\u0103n IV, P. L\u00ea H\u1ed3, T. Ninh B\u00ecnh<br \/><strong>Di\u1ec7n t\u00edch<\/strong>: 15.000 m\u00b2<br \/><strong>Thi\u1ebft b\u1ecb<\/strong>: 29 m\u00e1y \u00e9p phun<br \/><strong>C\u00f4ng su\u1ea5t m\u00e1y<\/strong>: t\u1eeb 120 \u0111\u1ebfn 2800 t\u1ea5n<br \/><strong>S\u1ea3n l\u01b0\u1ee3ng nh\u1ef1a ti\u00eau th\u1ee5<\/strong>: Tr\u00ean 25000 t\u1ea5n<br \/><strong>S\u1ea3n ph\u1ea9m<\/strong>: T\u1eeb 30 tri\u1ec7u s\u1ea3n ph\u1ea9m m\u1ed7i n\u0103m.<\/div><\/div><div id=\"eJOY__extension_root\" class=\"eJOY__extension_root_class\" style=\"all: unset;\">\u00a0<\/div>\t\t\t\t\t\t\t\t<\/div>\n\t\t\t\t<\/div>\n\t\t\t\t<\/div>\n\t\t<div class=\"elementor-element elementor-element-3dd3b25 e-con-full e-flex e-con e-child\" data-id=\"3dd3b25\" data-element_type=\"container\" data-settings=\"{&quot;background_background&quot;:&quot;classic&quot;}\">\n\t\t\t\t<div class=\"elementor-element elementor-element-80bd31f elementor-widget elementor-widget-image\" data-id=\"80bd31f\" data-element_type=\"widget\" data-widget_type=\"image.default\">\n\t\t\t\t<div class=\"elementor-widget-container\">\n\t\t\t\t\t\t\t\t\t\t\t\t\t\t\t<img decoding=\"async\" width=\"400\" height=\"300\" src=\"https:\/\/www.nhuabinhthuan.com.vn\/vn\/wp-content\/uploads\/2023\/11\/cty-thanh-vien-logo-vina-plast-mould-400-300-02.jpg\" class=\"attachment-full size-full wp-image-6238\" alt=\"\" srcset=\"https:\/\/www.nhuabinhthuan.com.vn\/vn\/wp-content\/uploads\/2023\/11\/cty-thanh-vien-logo-vina-plast-mould-400-300-02.jpg 400w, https:\/\/www.nhuabinhthuan.com.vn\/vn\/wp-content\/uploads\/2023\/11\/cty-thanh-vien-logo-vina-plast-mould-400-300-02-300x225.jpg 300w\" sizes=\"(max-width: 400px) 100vw, 400px\" \/>\t\t\t\t\t\t\t\t\t\t\t\t\t\t\t<\/div>\n\t\t\t\t<\/div>\n\t\t\t\t<div class=\"elementor-element elementor-element-03e4bf7 elementor-widget elementor-widget-text-editor\" data-id=\"03e4bf7\" data-element_type=\"widget\" data-widget_type=\"text-editor.default\">\n\t\t\t\t<div class=\"elementor-widget-container\">\n\t\t\t\t\t\t\t\t\t<p><strong>C\u00d4NG TY C\u1ed4 PH\u1ea6N KHU\u00d4N M\u1eaaU NH\u1ef0A VI\u1ec6T NAM<\/strong><br \/><b>Nh\u00e0 m\u00e1y s\u1ed1 03 (VPM):<\/b>\u00a0S\u1ea3n xu\u1ea5t khu\u00f4n<br \/>26 m\u00e1y c\u00f4ng c\u1ee5 hi\u1ec7n \u0111\u1ea1i.<br \/><b>\u0110\u1ecba ch\u1ec9<\/b>: Km 39, QL5, X\u00e3 K\u1ebb S\u1eb7t, Th\u00e0nh ph\u1ed1 H\u1ea3i Ph\u00f2ng<br \/><strong>S\u1ea3n xu\u1ea5t<\/strong>: 100 s\u1ea3n ph\u1ea9m khu\u00f4n m\u1ed7i n\u0103m v\u1edbi \u0111a d\u1ea1ng k\u00edch th\u01b0\u1edbc t\u1eeb 10cm \u0111\u1ebfn 1,2<span lang=\"VI\">m<\/span>.<\/p>\t\t\t\t\t\t\t\t<\/div>\n\t\t\t\t<\/div>\n\t\t\t\t<\/div>\n\t\t<div class=\"elementor-element elementor-element-847ef08 e-con-full e-flex e-con e-child\" data-id=\"847ef08\" data-element_type=\"container\" data-settings=\"{&quot;background_background&quot;:&quot;classic&quot;}\">\n\t\t\t\t<div class=\"elementor-element elementor-element-0d650ff elementor-widget elementor-widget-image\" data-id=\"0d650ff\" data-element_type=\"widget\" data-widget_type=\"image.default\">\n\t\t\t\t<div class=\"elementor-widget-container\">\n\t\t\t\t\t\t\t\t\t\t\t\t\t\t\t<img loading=\"lazy\" decoding=\"async\" width=\"400\" height=\"300\" src=\"https:\/\/www.nhuabinhthuan.com.vn\/vn\/wp-content\/uploads\/2024\/07\/Thiet-ke-chua-co-ten-14.png\" class=\"attachment-full size-full wp-image-8593\" alt=\"\" srcset=\"https:\/\/www.nhuabinhthuan.com.vn\/vn\/wp-content\/uploads\/2024\/07\/Thiet-ke-chua-co-ten-14.png 400w, https:\/\/www.nhuabinhthuan.com.vn\/vn\/wp-content\/uploads\/2024\/07\/Thiet-ke-chua-co-ten-14-300x225.png 300w\" sizes=\"(max-width: 400px) 100vw, 400px\" \/>\t\t\t\t\t\t\t\t\t\t\t\t\t\t\t<\/div>\n\t\t\t\t<\/div>\n\t\t\t\t<div class=\"elementor-element elementor-element-b712ee7 elementor-widget elementor-widget-text-editor\" data-id=\"b712ee7\" data-element_type=\"widget\" data-widget_type=\"text-editor.default\">\n\t\t\t\t<div class=\"elementor-widget-container\">\n\t\t\t\t\t\t\t\t\t<p><strong>C\u00d4NG TY C\u1ed4 PH\u1ea6N BPG SHINNIHON<\/strong><br \/><b>Nh\u00e0 m\u00e1y s\u1ed1 04 (BSC):<\/b>\u00a0S\u1ea3n xu\u1ea5t pallet v\u00e0 h\u1ea1t nh\u1ef1a<br \/><b>\u0110\u1ecba ch\u1ec9<\/b>: Km39, QL5, X. K\u1ebb S\u1eb7t, TP. H\u1ea3i Ph\u00f2ng.<br \/><strong>Thi\u1ebft b\u1ecb<\/strong>: 4 m\u00e1y \u00e9p v\u00e0 02 d\u00e2y chuy\u1ec1n t\u1ea1o h\u1ea1t<br \/><strong>C\u00f4ng su\u1ea5t m\u00e1y \u00e9p<\/strong>: T\u1eeb 2250 \u2013 2550 t\u1ea5n;<br \/>C\u00f4ng su\u1ea5t m\u00e1y t\u1ea1o h\u1ea1t 16 t\u1ea5n\/ng\u00e0y<br \/><strong>S\u1ea3n l\u01b0\u1ee3ng nh\u1ef1a ti\u00eau th\u1ee5:<\/strong> Tr\u00ean 3000 t\u1ea5n\/ n\u0103m<br \/><strong>S\u1ea3n ph\u1ea9m<\/strong>: T\u1eeb 200 ngh\u00ecn s\u1ea3n ph\u1ea9m m\u1ed7i n\u0103m<br \/><strong>S\u1ed1 l\u01b0\u1ee3ng h\u1ea1t nh\u1ef1a \u0111\u01b0\u1ee3c nh\u1eadp kh\u1ea9u theo gi\u1ea5y ph\u00e9p:<\/strong> 18.000 t\u1ea5n.<\/p>\t\t\t\t\t\t\t\t<\/div>\n\t\t\t\t<\/div>\n\t\t\t\t<\/div>\n\t\t<div class=\"elementor-element elementor-element-0bedc4c e-con-full e-flex e-con e-child\" data-id=\"0bedc4c\" data-element_type=\"container\" data-settings=\"{&quot;background_background&quot;:&quot;classic&quot;}\">\n\t\t\t\t<div class=\"elementor-element elementor-element-4a56b0d elementor-widget elementor-widget-image\" data-id=\"4a56b0d\" data-element_type=\"widget\" data-widget_type=\"image.default\">\n\t\t\t\t<div class=\"elementor-widget-container\">\n\t\t\t\t\t\t\t\t\t\t\t\t\t\t\t<img loading=\"lazy\" decoding=\"async\" width=\"400\" height=\"300\" src=\"https:\/\/www.nhuabinhthuan.com.vn\/vn\/wp-content\/uploads\/2023\/11\/cty-thanh-vien-logo-binh-thuan-south-plastic-400-300-02.jpg\" class=\"attachment-full size-full wp-image-6240\" alt=\"\" srcset=\"https:\/\/www.nhuabinhthuan.com.vn\/vn\/wp-content\/uploads\/2023\/11\/cty-thanh-vien-logo-binh-thuan-south-plastic-400-300-02.jpg 400w, https:\/\/www.nhuabinhthuan.com.vn\/vn\/wp-content\/uploads\/2023\/11\/cty-thanh-vien-logo-binh-thuan-south-plastic-400-300-02-300x225.jpg 300w\" sizes=\"(max-width: 400px) 100vw, 400px\" \/>\t\t\t\t\t\t\t\t\t\t\t\t\t\t\t<\/div>\n\t\t\t\t<\/div>\n\t\t\t\t<div class=\"elementor-element elementor-element-7ec7447 elementor-widget elementor-widget-text-editor\" data-id=\"7ec7447\" data-element_type=\"widget\" data-widget_type=\"text-editor.default\">\n\t\t\t\t<div class=\"elementor-widget-container\">\n\t\t\t\t\t\t\t\t\t<p><strong>C\u00d4NG TY CP D\u1ecaCH V\u1ee4 \u0110\u1ea6U T\u01af NAM S\u01a0N T\u00c2N UY\u00caN<\/strong><br \/><strong>Nh\u00e0 m\u00e1y s\u1ed1<\/strong><strong>\u00a005 (Nam<\/strong><strong>\u00a0T\u00e2n Uy\u00ean<\/strong><strong>)<\/strong><strong>\u00a0(BTS)<\/strong>:<br \/><strong>\u0110\u1ecba<\/strong><strong>\u00a0ch\u1ec9<\/strong>: L\u00f4 E, \u0111\u01b0\u1eddng N5 &#8211; N6, KCN Nam T\u00e2n Uy\u00ean, P. T\u00e2n Hi\u1ec7p, TP. H\u1ed3 Ch\u00ed Minh.<br \/><strong>C\u00f4ng su\u1ea5t<\/strong>: 900 &#8211; 3.000 t\u1ea5n<br \/><strong>Thi\u1ebft b\u1ecb<\/strong>: 4 m\u00e1y \u00e9p: 2.300 &#8211; 2.500 &#8211; 2.700 &#8211; 3.000 t\u1ea5n<br \/>&#8211; 20 m\u00e1y phun trung b\u00ecnh: 900 t\u1ea5n<br \/><strong>Ti\u00eau th\u1ee5<\/strong>: 9.000 t\u1ea5n HDPE m\u1ed7i n\u0103m<\/p>\t\t\t\t\t\t\t\t<\/div>\n\t\t\t\t<\/div>\n\t\t\t\t<\/div>\n\t\t<div class=\"elementor-element elementor-element-2de4c7a e-con-full e-flex e-con e-child\" data-id=\"2de4c7a\" data-element_type=\"container\" data-settings=\"{&quot;background_background&quot;:&quot;classic&quot;}\">\n\t\t\t\t<div class=\"elementor-element elementor-element-77c591c elementor-widget elementor-widget-image\" data-id=\"77c591c\" data-element_type=\"widget\" data-widget_type=\"image.default\">\n\t\t\t\t<div class=\"elementor-widget-container\">\n\t\t\t\t\t\t\t\t\t\t\t\t\t\t\t<img loading=\"lazy\" decoding=\"async\" width=\"400\" height=\"300\" src=\"https:\/\/www.nhuabinhthuan.com.vn\/vn\/wp-content\/uploads\/2024\/07\/Thiet-ke-chua-co-ten-15.png\" class=\"attachment-full size-full wp-image-8597\" alt=\"\" srcset=\"https:\/\/www.nhuabinhthuan.com.vn\/vn\/wp-content\/uploads\/2024\/07\/Thiet-ke-chua-co-ten-15.png 400w, https:\/\/www.nhuabinhthuan.com.vn\/vn\/wp-content\/uploads\/2024\/07\/Thiet-ke-chua-co-ten-15-300x225.png 300w\" sizes=\"(max-width: 400px) 100vw, 400px\" \/>\t\t\t\t\t\t\t\t\t\t\t\t\t\t\t<\/div>\n\t\t\t\t<\/div>\n\t\t\t\t<div class=\"elementor-element elementor-element-90f0ab9 elementor-widget elementor-widget-text-editor\" data-id=\"90f0ab9\" data-element_type=\"widget\" data-widget_type=\"text-editor.default\">\n\t\t\t\t<div class=\"elementor-widget-container\">\n\t\t\t\t\t\t\t\t\t<p><strong>C\u00d4NG TY C\u1ed4 PH\u1ea6N BPG LOGISALL<\/strong><br \/><strong>\u0110\u1ecba<\/strong><strong>\u00a0ch\u1ec9<\/strong>: 121 &#8211; 123 L\u00e2m H\u1ea1, ph\u01b0\u1eddng B\u1ed3 \u0110\u1ec1, TP. H\u00e0 N\u1ed9i<br \/><strong>S\u1ea3n ph\u1ea9m, d\u1ecbch v\u1ee5 ch\u1ee7 l\u1ef1c<\/strong>:<\/p><div>1. V\u1eadn t\u1ea3i\/logistics\u00a0<\/div><div>2. Cho thu\u00ea pallet nh\u1ef1a<\/div><div>3. H\u00e0ng d\u1ef1 \u00e1n<\/div><div>4. M\u00e0ng CO, PE<br \/>T\u1ea7m nh\u00ecn tr\u1edf th\u00e0nh \u0111\u01a1n v\u1ecb ti\u00ean phong, uy t\u00edn v\u00e0 ch\u1ea5t l\u01b0\u1ee3ng cao trong l\u0129nh v\u1ef1c cho thu\u00ea pallet v\u00e0 c\u00e1c gi\u1ea3i ph\u00e1p logistics cho ng\u00e0nh ph\u1ee5 tr\u1ee3 c\u00f4ng nghi\u1ec7p. B\u1eaft k\u1ecbp xu h\u01b0\u1edbng xanh c\u1ee7a th\u1ebf gi\u1edbi!\u00a0<\/div>\t\t\t\t\t\t\t\t<\/div>\n\t\t\t\t<\/div>\n\t\t\t\t<\/div>\n\t\t<div class=\"elementor-element elementor-element-83f3f2c e-con-full e-flex e-con e-child\" data-id=\"83f3f2c\" data-element_type=\"container\" data-settings=\"{&quot;background_background&quot;:&quot;classic&quot;}\">\n\t\t\t\t<div class=\"elementor-element elementor-element-cf443ba elementor-widget elementor-widget-image\" data-id=\"cf443ba\" data-element_type=\"widget\" data-widget_type=\"image.default\">\n\t\t\t\t<div class=\"elementor-widget-container\">\n\t\t\t\t\t\t\t\t\t\t\t\t\t\t\t<img loading=\"lazy\" decoding=\"async\" width=\"400\" height=\"300\" src=\"https:\/\/www.nhuabinhthuan.com.vn\/vn\/wp-content\/uploads\/2023\/11\/cty-thanh-vien-logo-binh-thuan-long-an-400-300-02.jpg\" class=\"attachment-full size-full wp-image-6242\" alt=\"\" srcset=\"https:\/\/www.nhuabinhthuan.com.vn\/vn\/wp-content\/uploads\/2023\/11\/cty-thanh-vien-logo-binh-thuan-long-an-400-300-02.jpg 400w, https:\/\/www.nhuabinhthuan.com.vn\/vn\/wp-content\/uploads\/2023\/11\/cty-thanh-vien-logo-binh-thuan-long-an-400-300-02-300x225.jpg 300w\" sizes=\"(max-width: 400px) 100vw, 400px\" \/>\t\t\t\t\t\t\t\t\t\t\t\t\t\t\t<\/div>\n\t\t\t\t<\/div>\n\t\t\t\t<div class=\"elementor-element elementor-element-f245a97 elementor-widget elementor-widget-text-editor\" data-id=\"f245a97\" data-element_type=\"widget\" data-widget_type=\"text-editor.default\">\n\t\t\t\t<div class=\"elementor-widget-container\">\n\t\t\t\t\t\t\t\t\t<p><strong>C\u00d4NG TY TNHH NH\u1ef0A KH\u00d4I VI\u1ec6T<\/strong><br \/><strong>Nh\u00e0 m\u00e1y s\u1ed1<\/strong><strong> 06<\/strong><strong> (BTL)<\/strong>:<br \/><strong>\u0110\u1ecba<\/strong><strong>\u00a0ch\u1ec9<\/strong>: L\u00f4 s\u1ed1 6, \u0111\u01b0\u1eddng s\u1ed1 3, KCN T\u00e2n \u0110\u1ee9c, X. \u0110\u1ee9c Ho\u00e0, T. T\u00e2y Ninh<\/p><div><strong>Di\u1ec7n t\u00edch<\/strong>: 11.000 m\u00b2<br \/><b>Thi\u1ebft b\u1ecb<\/b>: 7 m\u00e1y \u00e9p, 10 m\u00e1y c\u00f4ng c\u1ee5 c\u1ee1 l\u1edbn.<br \/><b>C\u00f4ng su\u1ea5t m\u00e1y<\/b>: T\u1eeb 160 \u0111\u1ebfn 3000 t\u1ea5n.<br \/><strong>S\u1ea3n l\u01b0\u1ee3ng nh\u1ef1a ti\u00eau th\u1ee5<\/strong>: Tr\u00ean 15.000 t\u1ea5n\/ n\u0103m<br \/><strong>S\u1ea3n xu\u1ea5t v\u00e0 s\u1eeda ch\u1eefa<\/strong>: 50 b\u1ed9 khu\u00f4n m\u1ed7i n\u0103m.<\/div>\t\t\t\t\t\t\t\t<\/div>\n\t\t\t\t<\/div>\n\t\t\t\t<\/div>\n\t\t<div class=\"elementor-element elementor-element-2987fe3 e-con-full e-flex e-con e-child\" data-id=\"2987fe3\" data-element_type=\"container\" data-settings=\"{&quot;background_background&quot;:&quot;classic&quot;}\">\n\t\t\t\t<div class=\"elementor-element elementor-element-c6c7043 elementor-widget elementor-widget-image\" data-id=\"c6c7043\" data-element_type=\"widget\" data-widget_type=\"image.default\">\n\t\t\t\t<div class=\"elementor-widget-container\">\n\t\t\t\t\t\t\t\t\t\t\t\t\t\t\t<img loading=\"lazy\" decoding=\"async\" width=\"400\" height=\"300\" src=\"https:\/\/www.nhuabinhthuan.com.vn\/vn\/wp-content\/uploads\/2025\/02\/cty-thanh-vien-logo-binh-thuan-recycle-400-300-02.jpg\" class=\"attachment-full size-full wp-image-9575\" alt=\"\" srcset=\"https:\/\/www.nhuabinhthuan.com.vn\/vn\/wp-content\/uploads\/2025\/02\/cty-thanh-vien-logo-binh-thuan-recycle-400-300-02.jpg 400w, https:\/\/www.nhuabinhthuan.com.vn\/vn\/wp-content\/uploads\/2025\/02\/cty-thanh-vien-logo-binh-thuan-recycle-400-300-02-300x225.jpg 300w\" sizes=\"(max-width: 400px) 100vw, 400px\" \/>\t\t\t\t\t\t\t\t\t\t\t\t\t\t\t<\/div>\n\t\t\t\t<\/div>\n\t\t\t\t<div class=\"elementor-element elementor-element-890646c elementor-widget elementor-widget-text-editor\" data-id=\"890646c\" data-element_type=\"widget\" data-widget_type=\"text-editor.default\">\n\t\t\t\t<div class=\"elementor-widget-container\">\n\t\t\t\t\t\t\t\t\t<p><strong>C\u00d4NG TY C\u1ed4 PH\u1ea6N BPG RECYCLE<\/strong><br \/><strong>\u0110\u1ecba<\/strong><strong>\u00a0ch\u1ec9<\/strong>: L\u00f4 s\u1ed1 6, \u0111\u01b0\u1eddng s\u1ed1 3, KCN T\u00e2n \u0110\u1ee9c, X. \u0110\u1ee9c Ho\u00e0, T. T\u00e2y Ninh<\/p><div><p><b>C\u00f4ng su\u1ea5t<\/b>: T\u1eeb 4,500 \u0111\u1ebfn 5,500 t\u1ea5n\/ th\u00e1ng.<br \/><strong>S\u1ea3n ph\u1ea9m v\u00e0 d\u1ecbch v\u1ee5 ch\u1ee7 l\u1ef1c<\/strong>: Nh\u1ef1a t\u00e1i ch\u1ebf, Nh\u1ef1a m\u1ea3nh, Thu gom nh\u1ef1a c\u00f4ng nghi\u1ec7p, Gia c\u00f4ng nh\u1ef1a t\u00e1i ch\u1ebf.<\/p><\/div>\t\t\t\t\t\t\t\t<\/div>\n\t\t\t\t<\/div>\n\t\t\t\t<\/div>\n\t\t\t\t<\/div>\n\t\t<div class=\"elementor-element elementor-element-0a9fe8f e-flex e-con-boxed e-con e-parent\" data-id=\"0a9fe8f\" data-element_type=\"container\">\n\t\t\t\t\t<div class=\"e-con-inner\">\n\t\t\t\t\t<\/div>\n\t\t\t\t<\/div>\n\t\t\t\t<\/div>\n\t\t","protected":false},"excerpt":{"rendered":"<p>C\u00d4NG TY TNHH S\u1ea2N XU\u1ea4T NH\u1ef0A B\u00ccNH THU\u1eacNNh\u00e0 m\u00e1y s\u1ed1 01 (BTP):\u00a0C\u00e1c s\u1ea3n ph\u1ea9m ph\u1ee5 tr\u1ee3 ng\u00e0nh h\u00e0ng n\u00f4ng nghi\u1ec7p, ng\u01b0 nghi\u1ec7p\u0110\u1ecba ch\u1ec9: L\u00f4 CN-03, KCN \u0110\u1ed3ng V\u0103n IV, P. L\u00ea H\u1ed3, T. Ninh B\u00ecnhDi\u1ec7n t\u00edch: 7000 m\u00b2Thi\u1ebft b\u1ecb: 33 m\u00e1y \u00e9pC\u00f4ng su\u1ea5t m\u00e1y: T\u1eeb 120 \u0111\u1ebfn 2800 t\u1ea5n.S\u1ea3n l\u01b0\u1ee3ng nh\u1ef1a ti\u00eau th\u1ee5: Tr\u00ean 8000 &hellip;<\/p>\n<p class=\"read-more\"> <a class=\"\" href=\"https:\/\/www.nhuabinhthuan.com.vn\/vn\/gioi-thieu\/cong-ty-thanh-vien\/\"> <span class=\"screen-reader-text\">C\u00d4NG TY TH\u00c0NH VI\u00caN<\/span> Read More &raquo;<\/a><\/p>\n","protected":false},"author":1,"featured_media":0,"parent":14,"menu_order":6,"comment_status":"closed","ping_status":"closed","template":"","meta":{"site-sidebar-layout":"no-sidebar","site-content-layout":"page-builder","ast-site-content-layout":"full-width-container","site-content-style":"default","site-sidebar-style":"default","ast-global-header-display":"","ast-banner-title-visibility":"","ast-main-header-display":"","ast-hfb-above-header-display":"","ast-hfb-below-header-display":"","ast-hfb-mobile-header-display":"","site-post-title":"disabled","ast-breadcrumbs-content":"","ast-featured-img":"disabled","footer-sml-layout":"","theme-transparent-header-meta":"","adv-header-id-meta":"","stick-header-meta":"","header-above-stick-meta":"","header-main-stick-meta":"","header-below-stick-meta":"","astra-migrate-meta-layouts":"set","footnotes":""},"class_list":["post-1503","page","type-page","status-publish","hentry"],"_links":{"self":[{"href":"https:\/\/www.nhuabinhthuan.com.vn\/vn\/wp-json\/wp\/v2\/pages\/1503","targetHints":{"allow":["GET"]}}],"collection":[{"href":"https:\/\/www.nhuabinhthuan.com.vn\/vn\/wp-json\/wp\/v2\/pages"}],"about":[{"href":"https:\/\/www.nhuabinhthuan.com.vn\/vn\/wp-json\/wp\/v2\/types\/page"}],"author":[{"embeddable":true,"href":"https:\/\/www.nhuabinhthuan.com.vn\/vn\/wp-json\/wp\/v2\/users\/1"}],"replies":[{"embeddable":true,"href":"https:\/\/www.nhuabinhthuan.com.vn\/vn\/wp-json\/wp\/v2\/comments?post=1503"}],"version-history":[{"count":115,"href":"https:\/\/www.nhuabinhthuan.com.vn\/vn\/wp-json\/wp\/v2\/pages\/1503\/revisions"}],"predecessor-version":[{"id":10706,"href":"https:\/\/www.nhuabinhthuan.com.vn\/vn\/wp-json\/wp\/v2\/pages\/1503\/revisions\/10706"}],"up":[{"embeddable":true,"href":"https:\/\/www.nhuabinhthuan.com.vn\/vn\/wp-json\/wp\/v2\/pages\/14"}],"wp:attachment":[{"href":"https:\/\/www.nhuabinhthuan.com.vn\/vn\/wp-json\/wp\/v2\/media?parent=1503"}],"curies":[{"name":"wp","href":"https:\/\/api.w.org\/{rel}","templated":true}]}}