{"id":3105,"date":"2023-10-27T21:03:44","date_gmt":"2023-10-27T14:03:44","guid":{"rendered":"https:\/\/www.nhuabinhthuan.com.vn\/vn\/?page_id=3105"},"modified":"2023-11-15T12:20:57","modified_gmt":"2023-11-15T05:20:57","slug":"thung-song-co-quai","status":"publish","type":"page","link":"https:\/\/www.nhuabinhthuan.com.vn\/vn\/san-pham\/nhua-cong-nghiep\/thung-nhua\/thung-song-co-quai\/","title":{"rendered":"TH\u00d9NG S\u00d3NG C\u00d3 QUAI"},"content":{"rendered":"\t\t<div data-elementor-type=\"wp-page\" data-elementor-id=\"3105\" class=\"elementor elementor-3105\" data-elementor-post-type=\"page\">\n\t\t\t\t\t\t<section class=\"elementor-section elementor-top-section elementor-element elementor-element-339b0fd elementor-section-height-min-height elementor-section-full_width elementor-section-height-default elementor-section-items-middle\" data-id=\"339b0fd\" data-element_type=\"section\" data-settings=\"{&quot;background_background&quot;:&quot;classic&quot;}\">\n\t\t\t\t\t\t\t<div class=\"elementor-background-overlay\"><\/div>\n\t\t\t\t\t\t\t<div class=\"elementor-container elementor-column-gap-default\">\n\t\t\t\t\t<div class=\"elementor-column elementor-col-100 elementor-top-column elementor-element elementor-element-abd5892\" data-id=\"abd5892\" data-element_type=\"column\">\n\t\t\t<div class=\"elementor-widget-wrap elementor-element-populated\">\n\t\t\t\t\t\t\t<\/div>\n\t\t<\/div>\n\t\t\t\t\t<\/div>\n\t\t<\/section>\n\t\t<div class=\"elementor-element elementor-element-96e7fe8 e-con-full e-flex e-con e-parent\" data-id=\"96e7fe8\" data-element_type=\"container\">\n\t\t<div class=\"elementor-element elementor-element-d345468 e-con-full e-flex e-con e-child\" data-id=\"d345468\" data-element_type=\"container\" data-settings=\"{&quot;background_background&quot;:&quot;classic&quot;}\">\n\t\t\t\t<div class=\"elementor-element elementor-element-6736424 elementor-widget elementor-widget-heading\" data-id=\"6736424\" data-element_type=\"widget\" data-widget_type=\"heading.default\">\n\t\t\t\t<div class=\"elementor-widget-container\">\n\t\t\t\t\t<h2 class=\"elementor-heading-title elementor-size-default\">S\u1ea2N PH\u1ea8M PALLET<\/h2>\t\t\t\t<\/div>\n\t\t\t\t<\/div>\n\t\t\t\t<div class=\"elementor-element elementor-element-5721e5c elementor-nav-menu--dropdown-tablet elementor-nav-menu__text-align-aside elementor-nav-menu--toggle elementor-nav-menu--burger elementor-invisible elementor-widget elementor-widget-nav-menu\" data-id=\"5721e5c\" data-element_type=\"widget\" data-settings=\"{&quot;layout&quot;:&quot;vertical&quot;,&quot;_animation&quot;:&quot;fadeInLeft&quot;,&quot;_animation_delay&quot;:100,&quot;submenu_icon&quot;:{&quot;value&quot;:&quot;&lt;i class=\\&quot;fas fa-caret-down\\&quot;&gt;&lt;\\\/i&gt;&quot;,&quot;library&quot;:&quot;fa-solid&quot;},&quot;toggle&quot;:&quot;burger&quot;}\" data-widget_type=\"nav-menu.default\">\n\t\t\t\t<div class=\"elementor-widget-container\">\n\t\t\t\t\t\t\t\t<nav aria-label=\"Menu\" class=\"elementor-nav-menu--main elementor-nav-menu__container elementor-nav-menu--layout-vertical e--pointer-underline e--animation-fade\">\n\t\t\t\t<ul id=\"menu-1-5721e5c\" class=\"elementor-nav-menu sm-vertical\"><li class=\"menu-item menu-item-type-post_type menu-item-object-page menu-item-3047\"><a href=\"https:\/\/www.nhuabinhthuan.com.vn\/vn\/san-pham\/nhua-cong-nghiep\/pallet\/pallet-coc\/\" class=\"elementor-item menu-link\">PALLET C\u1ed0C<\/a><\/li>\n<li class=\"menu-item menu-item-type-post_type menu-item-object-page menu-item-3046\"><a href=\"https:\/\/www.nhuabinhthuan.com.vn\/vn\/san-pham\/nhua-cong-nghiep\/pallet\/pallet-lien-khoi\/\" class=\"elementor-item menu-link\">PALLET LI\u1ec0N KH\u1ed0I<\/a><\/li>\n<li class=\"menu-item menu-item-type-post_type menu-item-object-page menu-item-3045\"><a href=\"https:\/\/www.nhuabinhthuan.com.vn\/vn\/san-pham\/nhua-cong-nghiep\/pallet\/pallet-lot-san\/\" class=\"elementor-item menu-link\">PALLET L\u00d3T S\u00c0N<\/a><\/li>\n<li class=\"menu-item menu-item-type-post_type menu-item-object-page menu-item-3044\"><a href=\"https:\/\/www.nhuabinhthuan.com.vn\/vn\/san-pham\/nhua-cong-nghiep\/pallet\/pallet-co-khung-loi-thep\/\" class=\"elementor-item menu-link\">PALLET C\u00d3 KHUNG L\u00d5I TH\u00c9P<\/a><\/li>\n<li class=\"menu-item menu-item-type-post_type menu-item-object-page menu-item-3043\"><a href=\"https:\/\/www.nhuabinhthuan.com.vn\/vn\/san-pham\/nhua-cong-nghiep\/pallet\/pallet-xuat-khau\/\" class=\"elementor-item menu-link\">PALLET XU\u1ea4T KH\u1ea8U<\/a><\/li>\n<li class=\"menu-item menu-item-type-post_type menu-item-object-page menu-item-3042\"><a href=\"https:\/\/www.nhuabinhthuan.com.vn\/vn\/san-pham\/nhua-cong-nghiep\/pallet\/pallet-ghep\/\" class=\"elementor-item menu-link\">PALLET GH\u00c9P<\/a><\/li>\n<\/ul>\t\t\t<\/nav>\n\t\t\t\t\t<div class=\"elementor-menu-toggle\" role=\"button\" tabindex=\"0\" aria-label=\"Menu Toggle\" aria-expanded=\"false\">\n\t\t\t<i aria-hidden=\"true\" role=\"presentation\" class=\"elementor-menu-toggle__icon--open eicon-menu-bar\"><\/i><i aria-hidden=\"true\" role=\"presentation\" class=\"elementor-menu-toggle__icon--close eicon-close\"><\/i>\t\t<\/div>\n\t\t\t\t\t<nav class=\"elementor-nav-menu--dropdown elementor-nav-menu__container\" aria-hidden=\"true\">\n\t\t\t\t<ul id=\"menu-2-5721e5c\" class=\"elementor-nav-menu sm-vertical\"><li class=\"menu-item menu-item-type-post_type menu-item-object-page menu-item-3047\"><a href=\"https:\/\/www.nhuabinhthuan.com.vn\/vn\/san-pham\/nhua-cong-nghiep\/pallet\/pallet-coc\/\" class=\"elementor-item menu-link\" tabindex=\"-1\">PALLET C\u1ed0C<\/a><\/li>\n<li class=\"menu-item menu-item-type-post_type menu-item-object-page menu-item-3046\"><a href=\"https:\/\/www.nhuabinhthuan.com.vn\/vn\/san-pham\/nhua-cong-nghiep\/pallet\/pallet-lien-khoi\/\" class=\"elementor-item menu-link\" tabindex=\"-1\">PALLET LI\u1ec0N KH\u1ed0I<\/a><\/li>\n<li class=\"menu-item menu-item-type-post_type menu-item-object-page menu-item-3045\"><a href=\"https:\/\/www.nhuabinhthuan.com.vn\/vn\/san-pham\/nhua-cong-nghiep\/pallet\/pallet-lot-san\/\" class=\"elementor-item menu-link\" tabindex=\"-1\">PALLET L\u00d3T S\u00c0N<\/a><\/li>\n<li class=\"menu-item menu-item-type-post_type menu-item-object-page menu-item-3044\"><a href=\"https:\/\/www.nhuabinhthuan.com.vn\/vn\/san-pham\/nhua-cong-nghiep\/pallet\/pallet-co-khung-loi-thep\/\" class=\"elementor-item menu-link\" tabindex=\"-1\">PALLET C\u00d3 KHUNG L\u00d5I TH\u00c9P<\/a><\/li>\n<li class=\"menu-item menu-item-type-post_type menu-item-object-page menu-item-3043\"><a href=\"https:\/\/www.nhuabinhthuan.com.vn\/vn\/san-pham\/nhua-cong-nghiep\/pallet\/pallet-xuat-khau\/\" class=\"elementor-item menu-link\" tabindex=\"-1\">PALLET XU\u1ea4T KH\u1ea8U<\/a><\/li>\n<li class=\"menu-item menu-item-type-post_type menu-item-object-page menu-item-3042\"><a href=\"https:\/\/www.nhuabinhthuan.com.vn\/vn\/san-pham\/nhua-cong-nghiep\/pallet\/pallet-ghep\/\" class=\"elementor-item menu-link\" tabindex=\"-1\">PALLET GH\u00c9P<\/a><\/li>\n<\/ul>\t\t\t<\/nav>\n\t\t\t\t\t\t<\/div>\n\t\t\t\t<\/div>\n\t\t\t\t<div class=\"elementor-element elementor-element-d12dc7c elementor-widget-divider--view-line elementor-widget elementor-widget-divider\" data-id=\"d12dc7c\" data-element_type=\"widget\" data-widget_type=\"divider.default\">\n\t\t\t\t<div class=\"elementor-widget-container\">\n\t\t\t\t\t\t\t<div class=\"elementor-divider\">\n\t\t\t<span class=\"elementor-divider-separator\">\n\t\t\t\t\t\t<\/span>\n\t\t<\/div>\n\t\t\t\t\t\t<\/div>\n\t\t\t\t<\/div>\n\t\t\t\t<div class=\"elementor-element elementor-element-0962971 elementor-widget elementor-widget-heading\" data-id=\"0962971\" data-element_type=\"widget\" data-widget_type=\"heading.default\">\n\t\t\t\t<div class=\"elementor-widget-container\">\n\t\t\t\t\t<h2 class=\"elementor-heading-title elementor-size-default\">S\u1ea2N PH\u1ea8M TH\u00d9NG NH\u1ef0A<\/h2>\t\t\t\t<\/div>\n\t\t\t\t<\/div>\n\t\t\t\t<div class=\"elementor-element elementor-element-c3219e3 elementor-nav-menu--dropdown-tablet elementor-nav-menu__text-align-aside elementor-nav-menu--toggle elementor-nav-menu--burger elementor-invisible elementor-widget elementor-widget-nav-menu\" data-id=\"c3219e3\" data-element_type=\"widget\" data-settings=\"{&quot;layout&quot;:&quot;vertical&quot;,&quot;_animation&quot;:&quot;fadeInLeft&quot;,&quot;_animation_delay&quot;:100,&quot;submenu_icon&quot;:{&quot;value&quot;:&quot;&lt;i class=\\&quot;fas fa-caret-down\\&quot;&gt;&lt;\\\/i&gt;&quot;,&quot;library&quot;:&quot;fa-solid&quot;},&quot;toggle&quot;:&quot;burger&quot;}\" data-widget_type=\"nav-menu.default\">\n\t\t\t\t<div class=\"elementor-widget-container\">\n\t\t\t\t\t\t\t\t<nav aria-label=\"Menu\" class=\"elementor-nav-menu--main elementor-nav-menu__container elementor-nav-menu--layout-vertical e--pointer-underline e--animation-fade\">\n\t\t\t\t<ul id=\"menu-1-c3219e3\" class=\"elementor-nav-menu sm-vertical\"><li class=\"menu-item menu-item-type-post_type menu-item-object-page menu-item-3114\"><a href=\"https:\/\/www.nhuabinhthuan.com.vn\/vn\/san-pham\/nhua-cong-nghiep\/thung-nhua\/thung-a\/\" class=\"elementor-item menu-link\">TH\u00d9NG A<\/a><\/li>\n<li class=\"menu-item menu-item-type-post_type menu-item-object-page menu-item-3113\"><a href=\"https:\/\/www.nhuabinhthuan.com.vn\/vn\/san-pham\/nhua-cong-nghiep\/thung-nhua\/thung-b\/\" class=\"elementor-item menu-link\">TH\u00d9NG B<\/a><\/li>\n<li class=\"menu-item menu-item-type-post_type menu-item-object-page menu-item-3112\"><a href=\"https:\/\/www.nhuabinhthuan.com.vn\/vn\/san-pham\/nhua-cong-nghiep\/thung-nhua\/thung-song-ho\/\" class=\"elementor-item menu-link\">TH\u00d9NG S\u00d3NG H\u1ede<\/a><\/li>\n<li class=\"menu-item menu-item-type-post_type menu-item-object-page menu-item-3111\"><a href=\"https:\/\/www.nhuabinhthuan.com.vn\/vn\/san-pham\/nhua-cong-nghiep\/thung-nhua\/thung-song-bit\/\" class=\"elementor-item menu-link\">TH\u00d9NG S\u00d3NG B\u00cdT<\/a><\/li>\n<li class=\"menu-item menu-item-type-post_type menu-item-object-page menu-item-3110\"><a href=\"https:\/\/www.nhuabinhthuan.com.vn\/vn\/san-pham\/nhua-cong-nghiep\/thung-nhua\/thung-song-co-quai\/\" class=\"elementor-item menu-link\">TH\u00d9NG S\u00d3NG C\u00d3 QUAI<\/a><\/li>\n<li class=\"menu-item menu-item-type-post_type menu-item-object-page menu-item-3109\"><a href=\"https:\/\/www.nhuabinhthuan.com.vn\/vn\/san-pham\/nhua-cong-nghiep\/thung-nhua\/thung-song-co-banh-xe\/\" class=\"elementor-item menu-link\">TH\u00d9NG S\u00d3NG C\u00d3 B\u00c1NH XE<\/a><\/li>\n<li class=\"menu-item menu-item-type-post_type menu-item-object-page menu-item-3119\"><a href=\"https:\/\/www.nhuabinhthuan.com.vn\/vn\/san-pham\/nhua-cong-nghiep\/thung-rac\/\" class=\"elementor-item menu-link\">TH\u00d9NG R\u00c1C<\/a><\/li>\n<li class=\"menu-item menu-item-type-post_type menu-item-object-page menu-item-3120\"><a href=\"https:\/\/www.nhuabinhthuan.com.vn\/vn\/san-pham\/nhua-cong-nghiep\/phu-kien\/\" class=\"elementor-item menu-link\">PH\u1ee4 KI\u1ec6N<\/a><\/li>\n<\/ul>\t\t\t<\/nav>\n\t\t\t\t\t<div class=\"elementor-menu-toggle\" role=\"button\" tabindex=\"0\" aria-label=\"Menu Toggle\" aria-expanded=\"false\">\n\t\t\t<i aria-hidden=\"true\" role=\"presentation\" class=\"elementor-menu-toggle__icon--open eicon-menu-bar\"><\/i><i aria-hidden=\"true\" role=\"presentation\" class=\"elementor-menu-toggle__icon--close eicon-close\"><\/i>\t\t<\/div>\n\t\t\t\t\t<nav class=\"elementor-nav-menu--dropdown elementor-nav-menu__container\" aria-hidden=\"true\">\n\t\t\t\t<ul id=\"menu-2-c3219e3\" class=\"elementor-nav-menu sm-vertical\"><li class=\"menu-item menu-item-type-post_type menu-item-object-page menu-item-3114\"><a href=\"https:\/\/www.nhuabinhthuan.com.vn\/vn\/san-pham\/nhua-cong-nghiep\/thung-nhua\/thung-a\/\" class=\"elementor-item menu-link\" tabindex=\"-1\">TH\u00d9NG A<\/a><\/li>\n<li class=\"menu-item menu-item-type-post_type menu-item-object-page menu-item-3113\"><a href=\"https:\/\/www.nhuabinhthuan.com.vn\/vn\/san-pham\/nhua-cong-nghiep\/thung-nhua\/thung-b\/\" class=\"elementor-item menu-link\" tabindex=\"-1\">TH\u00d9NG B<\/a><\/li>\n<li class=\"menu-item menu-item-type-post_type menu-item-object-page menu-item-3112\"><a href=\"https:\/\/www.nhuabinhthuan.com.vn\/vn\/san-pham\/nhua-cong-nghiep\/thung-nhua\/thung-song-ho\/\" class=\"elementor-item menu-link\" tabindex=\"-1\">TH\u00d9NG S\u00d3NG H\u1ede<\/a><\/li>\n<li class=\"menu-item menu-item-type-post_type menu-item-object-page menu-item-3111\"><a href=\"https:\/\/www.nhuabinhthuan.com.vn\/vn\/san-pham\/nhua-cong-nghiep\/thung-nhua\/thung-song-bit\/\" class=\"elementor-item menu-link\" tabindex=\"-1\">TH\u00d9NG S\u00d3NG B\u00cdT<\/a><\/li>\n<li class=\"menu-item menu-item-type-post_type menu-item-object-page menu-item-3110\"><a href=\"https:\/\/www.nhuabinhthuan.com.vn\/vn\/san-pham\/nhua-cong-nghiep\/thung-nhua\/thung-song-co-quai\/\" class=\"elementor-item menu-link\" tabindex=\"-1\">TH\u00d9NG S\u00d3NG C\u00d3 QUAI<\/a><\/li>\n<li class=\"menu-item menu-item-type-post_type menu-item-object-page menu-item-3109\"><a href=\"https:\/\/www.nhuabinhthuan.com.vn\/vn\/san-pham\/nhua-cong-nghiep\/thung-nhua\/thung-song-co-banh-xe\/\" class=\"elementor-item menu-link\" tabindex=\"-1\">TH\u00d9NG S\u00d3NG C\u00d3 B\u00c1NH XE<\/a><\/li>\n<li class=\"menu-item menu-item-type-post_type menu-item-object-page menu-item-3119\"><a href=\"https:\/\/www.nhuabinhthuan.com.vn\/vn\/san-pham\/nhua-cong-nghiep\/thung-rac\/\" class=\"elementor-item menu-link\" tabindex=\"-1\">TH\u00d9NG R\u00c1C<\/a><\/li>\n<li class=\"menu-item menu-item-type-post_type menu-item-object-page menu-item-3120\"><a href=\"https:\/\/www.nhuabinhthuan.com.vn\/vn\/san-pham\/nhua-cong-nghiep\/phu-kien\/\" class=\"elementor-item menu-link\" tabindex=\"-1\">PH\u1ee4 KI\u1ec6N<\/a><\/li>\n<\/ul>\t\t\t<\/nav>\n\t\t\t\t\t\t<\/div>\n\t\t\t\t<\/div>\n\t\t\t\t<\/div>\n\t\t<div class=\"elementor-element elementor-element-69a9054 e-con-full e-flex e-con e-child\" data-id=\"69a9054\" data-element_type=\"container\">\n\t\t<div class=\"elementor-element elementor-element-d163aef e-con-full e-flex e-con e-child\" data-id=\"d163aef\" data-element_type=\"container\">\n\t\t\t\t<div class=\"elementor-element elementor-element-503a33d elementor-widget elementor-widget-image\" data-id=\"503a33d\" data-element_type=\"widget\" data-widget_type=\"image.default\">\n\t\t\t\t<div class=\"elementor-widget-container\">\n\t\t\t\t\t\t\t\t\t\t\t\t<figure class=\"wp-caption\">\n\t\t\t\t\t\t\t\t\t\t\t<a href=\"https:\/\/www.nhuabinhthuan.com.vn\/vn\/san-pham\/nhua-cong-nghiep\/thung-nhua\/thung-song-co-quai\/BPGST-33V\">\n\t\t\t\t\t\t\t<img fetchpriority=\"high\" decoding=\"async\" width=\"450\" height=\"450\" src=\"https:\/\/www.nhuabinhthuan.com.vn\/vn\/wp-content\/uploads\/2023\/10\/sp_ncn_thungnhua_thung_song_co_quai_do_450_450_BPGST-33V.jpg\" class=\"elementor-animation-grow attachment-full size-full wp-image-3520\" alt=\"\" srcset=\"https:\/\/www.nhuabinhthuan.com.vn\/vn\/wp-content\/uploads\/2023\/10\/sp_ncn_thungnhua_thung_song_co_quai_do_450_450_BPGST-33V.jpg 450w, https:\/\/www.nhuabinhthuan.com.vn\/vn\/wp-content\/uploads\/2023\/10\/sp_ncn_thungnhua_thung_song_co_quai_do_450_450_BPGST-33V-300x300.jpg 300w, https:\/\/www.nhuabinhthuan.com.vn\/vn\/wp-content\/uploads\/2023\/10\/sp_ncn_thungnhua_thung_song_co_quai_do_450_450_BPGST-33V-150x150.jpg 150w\" sizes=\"(max-width: 450px) 100vw, 450px\" \/>\t\t\t\t\t\t\t\t<\/a>\n\t\t\t\t\t\t\t\t\t\t\t<figcaption class=\"widget-image-caption wp-caption-text\">Th\u00f9ng s\u00f3ng h\u1edf c\u00f3 quai BPGST-33V<\/figcaption>\n\t\t\t\t\t\t\t\t\t\t<\/figure>\n\t\t\t\t\t\t\t\t\t<\/div>\n\t\t\t\t<\/div>\n\t\t\t\t<\/div>\n\t\t\t\t<\/div>\n\t\t\t\t<\/div>\n\t\t\t\t<\/div>\n\t\t","protected":false},"excerpt":{"rendered":"<p>S\u1ea2N PH\u1ea8M PALLET S\u1ea2N PH\u1ea8M TH\u00d9NG NH\u1ef0A Th\u00f9ng s\u00f3ng h\u1edf c\u00f3 quai BPGST-33V<\/p>\n","protected":false},"author":1,"featured_media":0,"parent":2904,"menu_order":5,"comment_status":"closed","ping_status":"closed","template":"","meta":{"site-sidebar-layout":"no-sidebar","site-content-layout":"page-builder","ast-site-content-layout":"","site-content-style":"default","site-sidebar-style":"default","ast-global-header-display":"","ast-banner-title-visibility":"","ast-main-header-display":"","ast-hfb-above-header-display":"","ast-hfb-below-header-display":"","ast-hfb-mobile-header-display":"","site-post-title":"disabled","ast-breadcrumbs-content":"","ast-featured-img":"disabled","footer-sml-layout":"","theme-transparent-header-meta":"enabled","adv-header-id-meta":"","stick-header-meta":"","header-above-stick-meta":"","header-main-stick-meta":"","header-below-stick-meta":"","astra-migrate-meta-layouts":"","footnotes":""},"class_list":["post-3105","page","type-page","status-publish","hentry"],"_links":{"self":[{"href":"https:\/\/www.nhuabinhthuan.com.vn\/vn\/wp-json\/wp\/v2\/pages\/3105","targetHints":{"allow":["GET"]}}],"collection":[{"href":"https:\/\/www.nhuabinhthuan.com.vn\/vn\/wp-json\/wp\/v2\/pages"}],"about":[{"href":"https:\/\/www.nhuabinhthuan.com.vn\/vn\/wp-json\/wp\/v2\/types\/page"}],"author":[{"embeddable":true,"href":"https:\/\/www.nhuabinhthuan.com.vn\/vn\/wp-json\/wp\/v2\/users\/1"}],"replies":[{"embeddable":true,"href":"https:\/\/www.nhuabinhthuan.com.vn\/vn\/wp-json\/wp\/v2\/comments?post=3105"}],"version-history":[{"count":26,"href":"https:\/\/www.nhuabinhthuan.com.vn\/vn\/wp-json\/wp\/v2\/pages\/3105\/revisions"}],"predecessor-version":[{"id":6718,"href":"https:\/\/www.nhuabinhthuan.com.vn\/vn\/wp-json\/wp\/v2\/pages\/3105\/revisions\/6718"}],"up":[{"embeddable":true,"href":"https:\/\/www.nhuabinhthuan.com.vn\/vn\/wp-json\/wp\/v2\/pages\/2904"}],"wp:attachment":[{"href":"https:\/\/www.nhuabinhthuan.com.vn\/vn\/wp-json\/wp\/v2\/media?parent=3105"}],"curies":[{"name":"wp","href":"https:\/\/api.w.org\/{rel}","templated":true}]}}