{"id":4426,"date":"2023-10-31T20:17:17","date_gmt":"2023-10-31T13:17:17","guid":{"rendered":"https:\/\/www.nhuabinhthuan.com.vn\/vn\/?page_id=4426"},"modified":"2025-01-17T16:46:38","modified_gmt":"2025-01-17T09:46:38","slug":"bpgst-33v","status":"publish","type":"page","link":"https:\/\/www.nhuabinhthuan.com.vn\/vn\/san-pham\/nhua-cong-nghiep\/thung-nhua\/thung-song-co-quai\/bpgst-33v\/","title":{"rendered":"TH\u00d9NG S\u00d3NG C\u00d3 QUAI &#8211; BPGST-33V"},"content":{"rendered":"\t\t<div data-elementor-type=\"wp-page\" data-elementor-id=\"4426\" class=\"elementor elementor-4426\" data-elementor-post-type=\"page\">\n\t\t\t\t\t\t<section class=\"elementor-section elementor-top-section elementor-element elementor-element-339b0fd elementor-section-height-min-height elementor-section-full_width elementor-section-height-default elementor-section-items-middle\" data-id=\"339b0fd\" data-element_type=\"section\" data-settings=\"{&quot;background_background&quot;:&quot;classic&quot;}\">\n\t\t\t\t\t\t\t<div class=\"elementor-background-overlay\"><\/div>\n\t\t\t\t\t\t\t<div class=\"elementor-container elementor-column-gap-default\">\n\t\t\t\t\t<div class=\"elementor-column elementor-col-100 elementor-top-column elementor-element elementor-element-abd5892\" data-id=\"abd5892\" data-element_type=\"column\">\n\t\t\t<div class=\"elementor-widget-wrap elementor-element-populated\">\n\t\t\t\t\t\t\t<\/div>\n\t\t<\/div>\n\t\t\t\t\t<\/div>\n\t\t<\/section>\n\t\t<div class=\"elementor-element elementor-element-96e7fe8 e-con-full e-flex e-con e-parent\" data-id=\"96e7fe8\" data-element_type=\"container\">\n\t\t<div class=\"elementor-element elementor-element-d345468 e-con-full e-flex e-con e-child\" data-id=\"d345468\" data-element_type=\"container\" data-settings=\"{&quot;background_background&quot;:&quot;classic&quot;}\">\n\t\t\t\t<div class=\"elementor-element elementor-element-6736424 elementor-widget elementor-widget-heading\" data-id=\"6736424\" data-element_type=\"widget\" data-widget_type=\"heading.default\">\n\t\t\t\t<div class=\"elementor-widget-container\">\n\t\t\t\t\t<h2 class=\"elementor-heading-title elementor-size-default\">S\u1ea2N PH\u1ea8M PALLET<\/h2>\t\t\t\t<\/div>\n\t\t\t\t<\/div>\n\t\t\t\t<div class=\"elementor-element elementor-element-5721e5c elementor-nav-menu--dropdown-tablet elementor-nav-menu__text-align-aside elementor-nav-menu--toggle elementor-nav-menu--burger elementor-invisible elementor-widget elementor-widget-nav-menu\" data-id=\"5721e5c\" data-element_type=\"widget\" data-settings=\"{&quot;layout&quot;:&quot;vertical&quot;,&quot;_animation&quot;:&quot;fadeInLeft&quot;,&quot;_animation_delay&quot;:100,&quot;submenu_icon&quot;:{&quot;value&quot;:&quot;&lt;i class=\\&quot;fas fa-caret-down\\&quot;&gt;&lt;\\\/i&gt;&quot;,&quot;library&quot;:&quot;fa-solid&quot;},&quot;toggle&quot;:&quot;burger&quot;}\" data-widget_type=\"nav-menu.default\">\n\t\t\t\t<div class=\"elementor-widget-container\">\n\t\t\t\t\t\t\t\t<nav aria-label=\"Menu\" class=\"elementor-nav-menu--main elementor-nav-menu__container elementor-nav-menu--layout-vertical e--pointer-underline e--animation-fade\">\n\t\t\t\t<ul id=\"menu-1-5721e5c\" class=\"elementor-nav-menu sm-vertical\"><li class=\"menu-item menu-item-type-post_type menu-item-object-page menu-item-3047\"><a href=\"https:\/\/www.nhuabinhthuan.com.vn\/vn\/san-pham\/nhua-cong-nghiep\/pallet\/pallet-coc\/\" class=\"elementor-item menu-link\">PALLET C\u1ed0C<\/a><\/li>\n<li class=\"menu-item menu-item-type-post_type menu-item-object-page menu-item-3046\"><a href=\"https:\/\/www.nhuabinhthuan.com.vn\/vn\/san-pham\/nhua-cong-nghiep\/pallet\/pallet-lien-khoi\/\" class=\"elementor-item menu-link\">PALLET LI\u1ec0N KH\u1ed0I<\/a><\/li>\n<li class=\"menu-item menu-item-type-post_type menu-item-object-page menu-item-3045\"><a href=\"https:\/\/www.nhuabinhthuan.com.vn\/vn\/san-pham\/nhua-cong-nghiep\/pallet\/pallet-lot-san\/\" class=\"elementor-item menu-link\">PALLET L\u00d3T S\u00c0N<\/a><\/li>\n<li class=\"menu-item menu-item-type-post_type menu-item-object-page menu-item-3044\"><a href=\"https:\/\/www.nhuabinhthuan.com.vn\/vn\/san-pham\/nhua-cong-nghiep\/pallet\/pallet-co-khung-loi-thep\/\" class=\"elementor-item menu-link\">PALLET C\u00d3 KHUNG L\u00d5I TH\u00c9P<\/a><\/li>\n<li class=\"menu-item menu-item-type-post_type menu-item-object-page menu-item-3043\"><a href=\"https:\/\/www.nhuabinhthuan.com.vn\/vn\/san-pham\/nhua-cong-nghiep\/pallet\/pallet-xuat-khau\/\" class=\"elementor-item menu-link\">PALLET XU\u1ea4T KH\u1ea8U<\/a><\/li>\n<li class=\"menu-item menu-item-type-post_type menu-item-object-page menu-item-3042\"><a href=\"https:\/\/www.nhuabinhthuan.com.vn\/vn\/san-pham\/nhua-cong-nghiep\/pallet\/pallet-ghep\/\" class=\"elementor-item menu-link\">PALLET GH\u00c9P<\/a><\/li>\n<\/ul>\t\t\t<\/nav>\n\t\t\t\t\t<div class=\"elementor-menu-toggle\" role=\"button\" tabindex=\"0\" aria-label=\"Menu Toggle\" aria-expanded=\"false\">\n\t\t\t<i aria-hidden=\"true\" role=\"presentation\" class=\"elementor-menu-toggle__icon--open eicon-menu-bar\"><\/i><i aria-hidden=\"true\" role=\"presentation\" class=\"elementor-menu-toggle__icon--close eicon-close\"><\/i>\t\t<\/div>\n\t\t\t\t\t<nav class=\"elementor-nav-menu--dropdown elementor-nav-menu__container\" aria-hidden=\"true\">\n\t\t\t\t<ul id=\"menu-2-5721e5c\" class=\"elementor-nav-menu sm-vertical\"><li class=\"menu-item menu-item-type-post_type menu-item-object-page menu-item-3047\"><a href=\"https:\/\/www.nhuabinhthuan.com.vn\/vn\/san-pham\/nhua-cong-nghiep\/pallet\/pallet-coc\/\" class=\"elementor-item menu-link\" tabindex=\"-1\">PALLET C\u1ed0C<\/a><\/li>\n<li class=\"menu-item menu-item-type-post_type menu-item-object-page menu-item-3046\"><a href=\"https:\/\/www.nhuabinhthuan.com.vn\/vn\/san-pham\/nhua-cong-nghiep\/pallet\/pallet-lien-khoi\/\" class=\"elementor-item menu-link\" tabindex=\"-1\">PALLET LI\u1ec0N KH\u1ed0I<\/a><\/li>\n<li class=\"menu-item menu-item-type-post_type menu-item-object-page menu-item-3045\"><a href=\"https:\/\/www.nhuabinhthuan.com.vn\/vn\/san-pham\/nhua-cong-nghiep\/pallet\/pallet-lot-san\/\" class=\"elementor-item menu-link\" tabindex=\"-1\">PALLET L\u00d3T S\u00c0N<\/a><\/li>\n<li class=\"menu-item menu-item-type-post_type menu-item-object-page menu-item-3044\"><a href=\"https:\/\/www.nhuabinhthuan.com.vn\/vn\/san-pham\/nhua-cong-nghiep\/pallet\/pallet-co-khung-loi-thep\/\" class=\"elementor-item menu-link\" tabindex=\"-1\">PALLET C\u00d3 KHUNG L\u00d5I TH\u00c9P<\/a><\/li>\n<li class=\"menu-item menu-item-type-post_type menu-item-object-page menu-item-3043\"><a href=\"https:\/\/www.nhuabinhthuan.com.vn\/vn\/san-pham\/nhua-cong-nghiep\/pallet\/pallet-xuat-khau\/\" class=\"elementor-item menu-link\" tabindex=\"-1\">PALLET XU\u1ea4T KH\u1ea8U<\/a><\/li>\n<li class=\"menu-item menu-item-type-post_type menu-item-object-page menu-item-3042\"><a href=\"https:\/\/www.nhuabinhthuan.com.vn\/vn\/san-pham\/nhua-cong-nghiep\/pallet\/pallet-ghep\/\" class=\"elementor-item menu-link\" tabindex=\"-1\">PALLET GH\u00c9P<\/a><\/li>\n<\/ul>\t\t\t<\/nav>\n\t\t\t\t\t\t<\/div>\n\t\t\t\t<\/div>\n\t\t\t\t<div class=\"elementor-element elementor-element-d12dc7c elementor-widget-divider--view-line elementor-widget elementor-widget-divider\" data-id=\"d12dc7c\" data-element_type=\"widget\" data-widget_type=\"divider.default\">\n\t\t\t\t<div class=\"elementor-widget-container\">\n\t\t\t\t\t\t\t<div class=\"elementor-divider\">\n\t\t\t<span class=\"elementor-divider-separator\">\n\t\t\t\t\t\t<\/span>\n\t\t<\/div>\n\t\t\t\t\t\t<\/div>\n\t\t\t\t<\/div>\n\t\t\t\t<div class=\"elementor-element elementor-element-0962971 elementor-widget elementor-widget-heading\" data-id=\"0962971\" data-element_type=\"widget\" data-widget_type=\"heading.default\">\n\t\t\t\t<div class=\"elementor-widget-container\">\n\t\t\t\t\t<h2 class=\"elementor-heading-title elementor-size-default\">S\u1ea2N PH\u1ea8M TH\u00d9NG NH\u1ef0A<\/h2>\t\t\t\t<\/div>\n\t\t\t\t<\/div>\n\t\t\t\t<div class=\"elementor-element elementor-element-c3219e3 elementor-nav-menu--dropdown-tablet elementor-nav-menu__text-align-aside elementor-nav-menu--toggle elementor-nav-menu--burger elementor-invisible elementor-widget elementor-widget-nav-menu\" data-id=\"c3219e3\" data-element_type=\"widget\" data-settings=\"{&quot;layout&quot;:&quot;vertical&quot;,&quot;_animation&quot;:&quot;fadeInLeft&quot;,&quot;_animation_delay&quot;:100,&quot;submenu_icon&quot;:{&quot;value&quot;:&quot;&lt;i class=\\&quot;fas fa-caret-down\\&quot;&gt;&lt;\\\/i&gt;&quot;,&quot;library&quot;:&quot;fa-solid&quot;},&quot;toggle&quot;:&quot;burger&quot;}\" data-widget_type=\"nav-menu.default\">\n\t\t\t\t<div class=\"elementor-widget-container\">\n\t\t\t\t\t\t\t\t<nav aria-label=\"Menu\" class=\"elementor-nav-menu--main elementor-nav-menu__container elementor-nav-menu--layout-vertical e--pointer-underline e--animation-fade\">\n\t\t\t\t<ul id=\"menu-1-c3219e3\" class=\"elementor-nav-menu sm-vertical\"><li class=\"menu-item menu-item-type-post_type menu-item-object-page menu-item-3114\"><a href=\"https:\/\/www.nhuabinhthuan.com.vn\/vn\/san-pham\/nhua-cong-nghiep\/thung-nhua\/thung-a\/\" class=\"elementor-item menu-link\">TH\u00d9NG A<\/a><\/li>\n<li class=\"menu-item menu-item-type-post_type menu-item-object-page menu-item-3113\"><a href=\"https:\/\/www.nhuabinhthuan.com.vn\/vn\/san-pham\/nhua-cong-nghiep\/thung-nhua\/thung-b\/\" class=\"elementor-item menu-link\">TH\u00d9NG B<\/a><\/li>\n<li class=\"menu-item menu-item-type-post_type menu-item-object-page menu-item-3112\"><a href=\"https:\/\/www.nhuabinhthuan.com.vn\/vn\/san-pham\/nhua-cong-nghiep\/thung-nhua\/thung-song-ho\/\" class=\"elementor-item menu-link\">TH\u00d9NG S\u00d3NG H\u1ede<\/a><\/li>\n<li class=\"menu-item menu-item-type-post_type menu-item-object-page menu-item-3111\"><a href=\"https:\/\/www.nhuabinhthuan.com.vn\/vn\/san-pham\/nhua-cong-nghiep\/thung-nhua\/thung-song-bit\/\" class=\"elementor-item menu-link\">TH\u00d9NG S\u00d3NG B\u00cdT<\/a><\/li>\n<li class=\"menu-item menu-item-type-post_type menu-item-object-page menu-item-3110\"><a href=\"https:\/\/www.nhuabinhthuan.com.vn\/vn\/san-pham\/nhua-cong-nghiep\/thung-nhua\/thung-song-co-quai\/\" class=\"elementor-item menu-link\">TH\u00d9NG S\u00d3NG C\u00d3 QUAI<\/a><\/li>\n<li class=\"menu-item menu-item-type-post_type menu-item-object-page menu-item-3109\"><a href=\"https:\/\/www.nhuabinhthuan.com.vn\/vn\/san-pham\/nhua-cong-nghiep\/thung-nhua\/thung-song-co-banh-xe\/\" class=\"elementor-item menu-link\">TH\u00d9NG S\u00d3NG C\u00d3 B\u00c1NH XE<\/a><\/li>\n<li class=\"menu-item menu-item-type-post_type menu-item-object-page menu-item-3119\"><a href=\"https:\/\/www.nhuabinhthuan.com.vn\/vn\/san-pham\/nhua-cong-nghiep\/thung-rac\/\" class=\"elementor-item menu-link\">TH\u00d9NG R\u00c1C<\/a><\/li>\n<li class=\"menu-item menu-item-type-post_type menu-item-object-page menu-item-3120\"><a href=\"https:\/\/www.nhuabinhthuan.com.vn\/vn\/san-pham\/nhua-cong-nghiep\/phu-kien\/\" class=\"elementor-item menu-link\">PH\u1ee4 KI\u1ec6N<\/a><\/li>\n<\/ul>\t\t\t<\/nav>\n\t\t\t\t\t<div class=\"elementor-menu-toggle\" role=\"button\" tabindex=\"0\" aria-label=\"Menu Toggle\" aria-expanded=\"false\">\n\t\t\t<i aria-hidden=\"true\" role=\"presentation\" class=\"elementor-menu-toggle__icon--open eicon-menu-bar\"><\/i><i aria-hidden=\"true\" role=\"presentation\" class=\"elementor-menu-toggle__icon--close eicon-close\"><\/i>\t\t<\/div>\n\t\t\t\t\t<nav class=\"elementor-nav-menu--dropdown elementor-nav-menu__container\" aria-hidden=\"true\">\n\t\t\t\t<ul id=\"menu-2-c3219e3\" class=\"elementor-nav-menu sm-vertical\"><li class=\"menu-item menu-item-type-post_type menu-item-object-page menu-item-3114\"><a href=\"https:\/\/www.nhuabinhthuan.com.vn\/vn\/san-pham\/nhua-cong-nghiep\/thung-nhua\/thung-a\/\" class=\"elementor-item menu-link\" tabindex=\"-1\">TH\u00d9NG A<\/a><\/li>\n<li class=\"menu-item menu-item-type-post_type menu-item-object-page menu-item-3113\"><a href=\"https:\/\/www.nhuabinhthuan.com.vn\/vn\/san-pham\/nhua-cong-nghiep\/thung-nhua\/thung-b\/\" class=\"elementor-item menu-link\" tabindex=\"-1\">TH\u00d9NG B<\/a><\/li>\n<li class=\"menu-item menu-item-type-post_type menu-item-object-page menu-item-3112\"><a href=\"https:\/\/www.nhuabinhthuan.com.vn\/vn\/san-pham\/nhua-cong-nghiep\/thung-nhua\/thung-song-ho\/\" class=\"elementor-item menu-link\" tabindex=\"-1\">TH\u00d9NG S\u00d3NG H\u1ede<\/a><\/li>\n<li class=\"menu-item menu-item-type-post_type menu-item-object-page menu-item-3111\"><a href=\"https:\/\/www.nhuabinhthuan.com.vn\/vn\/san-pham\/nhua-cong-nghiep\/thung-nhua\/thung-song-bit\/\" class=\"elementor-item menu-link\" tabindex=\"-1\">TH\u00d9NG S\u00d3NG B\u00cdT<\/a><\/li>\n<li class=\"menu-item menu-item-type-post_type menu-item-object-page menu-item-3110\"><a href=\"https:\/\/www.nhuabinhthuan.com.vn\/vn\/san-pham\/nhua-cong-nghiep\/thung-nhua\/thung-song-co-quai\/\" class=\"elementor-item menu-link\" tabindex=\"-1\">TH\u00d9NG S\u00d3NG C\u00d3 QUAI<\/a><\/li>\n<li class=\"menu-item menu-item-type-post_type menu-item-object-page menu-item-3109\"><a href=\"https:\/\/www.nhuabinhthuan.com.vn\/vn\/san-pham\/nhua-cong-nghiep\/thung-nhua\/thung-song-co-banh-xe\/\" class=\"elementor-item menu-link\" tabindex=\"-1\">TH\u00d9NG S\u00d3NG C\u00d3 B\u00c1NH XE<\/a><\/li>\n<li class=\"menu-item menu-item-type-post_type menu-item-object-page menu-item-3119\"><a href=\"https:\/\/www.nhuabinhthuan.com.vn\/vn\/san-pham\/nhua-cong-nghiep\/thung-rac\/\" class=\"elementor-item menu-link\" tabindex=\"-1\">TH\u00d9NG R\u00c1C<\/a><\/li>\n<li class=\"menu-item menu-item-type-post_type menu-item-object-page menu-item-3120\"><a href=\"https:\/\/www.nhuabinhthuan.com.vn\/vn\/san-pham\/nhua-cong-nghiep\/phu-kien\/\" class=\"elementor-item menu-link\" tabindex=\"-1\">PH\u1ee4 KI\u1ec6N<\/a><\/li>\n<\/ul>\t\t\t<\/nav>\n\t\t\t\t\t\t<\/div>\n\t\t\t\t<\/div>\n\t\t\t\t<\/div>\n\t\t<div class=\"elementor-element elementor-element-69a9054 e-con-full e-flex e-con e-child\" data-id=\"69a9054\" data-element_type=\"container\">\n\t\t<div class=\"elementor-element elementor-element-f0c9d0d e-con-full e-flex e-con e-child\" data-id=\"f0c9d0d\" data-element_type=\"container\">\n\t\t<div class=\"elementor-element elementor-element-f0fa2c3 e-con-full e-flex e-con e-child\" data-id=\"f0fa2c3\" data-element_type=\"container\">\n\t\t\t\t<div class=\"elementor-element elementor-element-16d67b4 elementor-widget elementor-widget-image\" data-id=\"16d67b4\" data-element_type=\"widget\" data-widget_type=\"image.default\">\n\t\t\t\t<div class=\"elementor-widget-container\">\n\t\t\t\t\t\t\t\t\t\t\t\t<figure class=\"wp-caption\">\n\t\t\t\t\t\t\t\t\t\t<img fetchpriority=\"high\" decoding=\"async\" width=\"450\" height=\"450\" src=\"https:\/\/www.nhuabinhthuan.com.vn\/vn\/wp-content\/uploads\/2023\/10\/sp_ncn_thungnhua_thung_song_co_quai_do_450_450_BPGST-33V.jpg\" class=\"elementor-animation-grow attachment-full size-full wp-image-3520\" alt=\"\" srcset=\"https:\/\/www.nhuabinhthuan.com.vn\/vn\/wp-content\/uploads\/2023\/10\/sp_ncn_thungnhua_thung_song_co_quai_do_450_450_BPGST-33V.jpg 450w, https:\/\/www.nhuabinhthuan.com.vn\/vn\/wp-content\/uploads\/2023\/10\/sp_ncn_thungnhua_thung_song_co_quai_do_450_450_BPGST-33V-300x300.jpg 300w, https:\/\/www.nhuabinhthuan.com.vn\/vn\/wp-content\/uploads\/2023\/10\/sp_ncn_thungnhua_thung_song_co_quai_do_450_450_BPGST-33V-150x150.jpg 150w\" sizes=\"(max-width: 450px) 100vw, 450px\" \/>\t\t\t\t\t\t\t\t\t\t\t<figcaption class=\"widget-image-caption wp-caption-text\">Th\u00f9ng s\u00f3ng h\u1edf c\u00f3 quai BPGST-33V<\/figcaption>\n\t\t\t\t\t\t\t\t\t\t<\/figure>\n\t\t\t\t\t\t\t\t\t<\/div>\n\t\t\t\t<\/div>\n\t\t\t\t<\/div>\n\t\t<div class=\"elementor-element elementor-element-675bb1c e-con-full e-flex e-con e-child\" data-id=\"675bb1c\" data-element_type=\"container\">\n\t\t\t\t<div class=\"elementor-element elementor-element-6186cae elementor-widget elementor-widget-heading\" data-id=\"6186cae\" data-element_type=\"widget\" data-widget_type=\"heading.default\">\n\t\t\t\t<div class=\"elementor-widget-container\">\n\t\t\t\t\t<h2 class=\"elementor-heading-title elementor-size-default\">Th\u00f9ng s\u00f3ng h\u1edf c\u00f3 quai BPGST-33V<\/h2>\t\t\t\t<\/div>\n\t\t\t\t<\/div>\n\t\t\t\t<div class=\"elementor-element elementor-element-8455590 elementor-widget elementor-widget-text-editor\" data-id=\"8455590\" data-element_type=\"widget\" data-widget_type=\"text-editor.default\">\n\t\t\t\t<div class=\"elementor-widget-container\">\n\t\t\t\t\t\t\t\t\t<ul class=\"thongSo\"><li><strong>M\u00e3:<\/strong> BPGST-33V<\/li><li><strong>K\u00edch th\u01b0\u1edbc:<\/strong> 705 x 470 x 330 \u00b110mm<\/li><li><strong>Ch\u1ea5t li\u1ec7u:<\/strong> Polypropylen nguy\u00ean sinh<\/li><\/ul>\t\t\t\t\t\t\t\t<\/div>\n\t\t\t\t<\/div>\n\t\t\t\t<div class=\"elementor-element elementor-element-7f99e33 elementor-widget elementor-widget-text-editor\" data-id=\"7f99e33\" data-element_type=\"widget\" data-widget_type=\"text-editor.default\">\n\t\t\t\t<div class=\"elementor-widget-container\">\n\t\t\t\t\t\t\t\t\t<div class=\"description\"><ul><li>C\u00f3 quai s\u1eaft \u0111\u1ec3 x\u00e1ch r\u1ea5t ph\u00f9 h\u1ee3p cho b\u1ea3o qu\u1ea3n v\u00e0 di chuy\u1ec3n tr\u00e1i c\u00e2y c\u0169ng nh\u01b0 ph\u1ee5c v\u1ee5 ng\u00e0nh c\u00f4ng nghi\u1ec7p da gi\u1ea7y, may m\u1eb7c.<\/li><li>L\u00e0 lo\u1ea1i s\u00f3ng nh\u1ef1a \u0111an l\u01b0\u1edbi c\u00f3 l\u1ed7 h\u1edf v\u1edbi \u0111\u01b0\u1eddng g\u00e2n t\u0103ng c\u1ee9ng xung quanh \u0111\u1ec3 b\u1ea3o v\u1ec7 h\u00e0ng h\u00f3a khi v\u1eadn chuy\u1ec3n, tr\u00e1nh hao h\u1ee5t.<\/li><li>B\u00ean trong v\u1edbi k\u00edch th\u01b0\u1edbc cao, r\u1ed9ng r\u00e3i, gi\u00fap ch\u1ee9a \u0111\u1ee9ng v\u00e0 s\u1eafp x\u1ebfp s\u1ea3n ph\u1ea9m d\u1ec5 d\u00e0ng.<\/li><li>D\u00f9ng ch\u1ee9a h\u00e0ng h\u00f3a c\u00f3 k\u00edch th\u01b0\u1edbc l\u1edbn, d\u1ec5 k\u00e9o l\u00f4i tr\u00ean m\u1eb7t s\u00e0n.<\/li><li>K\u00edch th\u01b0\u1edbc l\u1edbn gi\u00fap ch\u1ee9a \u0111\u1ef1ng \u0111\u01b0\u1ee3c nhi\u1ec1u h\u00e0ng h\u00f3a, nhi\u1ec1u \u0111\u01b0\u1eddng \u0111an l\u01b0\u1edbi v\u00e0 \u0111\u01b0\u1eddng g\u00e2n t\u0103ng c\u1ee9ng cho s\u1ea3n ph\u1ea9m th\u00eam c\u1ee9ng c\u00e1p v\u00e0 ch\u1ecbu l\u1ef1c t\u1ed1t.<\/li><\/ul><\/div>\t\t\t\t\t\t\t\t<\/div>\n\t\t\t\t<\/div>\n\t\t\t\t<div class=\"elementor-element elementor-element-89c72ae elementor-widget elementor-widget-text-editor\" data-id=\"89c72ae\" data-element_type=\"widget\" data-widget_type=\"text-editor.default\">\n\t\t\t\t<div class=\"elementor-widget-container\">\n\t\t\t\t\t\t\t\t\t<ul><li>Th\u00f9ng nh\u1ef1a s\u00f3ng h\u1edf c\u00f3 quai\u00a0\u0111\u01b0\u1ee3c s\u1eed d\u1ee5ng ph\u1ed5 bi\u1ebfn trong\u00a0vi\u1ec7c ch\u1ee9a \u0111\u1ef1ng v\u00e0 v\u1eadn chuy\u1ec3n v\u00e0 b\u1ea3o qu\u1ea3n h\u00e0ng h\u00f3a ph\u1ee5c v\u1ee5 cho ng\u00e0nh th\u1ee7y h\u1ea3i s\u1ea3n, ch\u1ebf bi\u1ebfn n\u00f4ng s\u1ea3n v\u00e0 c\u00e1c ng\u00e0nh c\u00f4ng nghi\u1ec7p may m\u1eb7c, da gi\u1ea7y ho\u1eb7c t\u1ea1i si\u00eau th\u1ecb &amp; c\u1eeda h\u00e0ng.<\/li><li>S\u1ea3n xu\u1ea5t t\u1eeb\u00a0100% nh\u1ef1a PP nguy\u00ean sinh\u00a0tr\u00ean d\u00e2y truy\u1ec1n c\u00f4ng ngh\u1ec7 hi\u1ec7n \u0111\u1ea1i Nh\u1eadt B\u1ea3n. S\u1ea3n ph\u1ea9m \u0111\u1ea1t ti\u00eau chu\u1ea9n ch\u1ea5t l\u01b0\u1ee3ng\u00a0ISO9001:2015 v\u00e0 ISO14001:2015, th\u00e2n thi\u1ec7n v\u1edbi m\u00f4i tr\u01b0\u1eddng v\u00e0 an to\u00e0n cho ng\u01b0\u1eddi s\u1eed d\u1ee5ng.\u00a0\u00a0<\/li><li>L\u00e0 lo\u1ea1i s\u00f3ng nh\u1ef1a \u0111an l\u01b0\u1edbi c\u00f3 l\u1ed7 h\u1edf v\u1edbi k\u1ebft c\u1ea5u l\u00e0 \u0111\u1ed9 c\u1ee9ng cao v\u00e0 ch\u1eafc ch\u1eafn. \u0110\u01b0\u1eddng\u00a0g\u00e2n t\u0103ng c\u1ee9ng xung quanh \u0111\u1ec3 b\u1ea3o v\u1ec7 h\u00e0ng h\u00f3a khi v\u1eadn chuy\u1ec3n, tr\u00e1nh hao h\u1ee5t.<\/li><li>C\u00f3 quai s\u1eaft \u0111\u1ec3 x\u00e1ch r\u1ea5t ph\u00f9 h\u1ee3p cho b\u1ea3o qu\u1ea3n v\u00e0 di chuy\u1ec3n tr\u00e1i c\u00e2y c\u0169ng nh\u01b0 ph\u1ee5c v\u1ee5 ng\u00e0nh c\u00f4ng nghi\u1ec7p da gi\u1ea7y, may m\u1eb7c.<\/li><li>K\u00edch th\u01b0\u1edbc l\u1edbn gi\u00fap ch\u1ee9a \u0111\u1ef1ng \u0111\u01b0\u1ee3c nhi\u1ec1u h\u00e0ng h\u00f3a, nhi\u1ec1u \u0111\u01b0\u1eddng \u0111an l\u01b0\u1edbi v\u00e0 \u0111\u01b0\u1eddng g\u00e2n t\u0103ng c\u1ee9ng cho s\u1ea3n ph\u1ea9m th\u00eam c\u1ee9ng c\u00e1p v\u00e0 ch\u1ecbu l\u1ef1c t\u1ed1t.<\/li><\/ul>\t\t\t\t\t\t\t\t<\/div>\n\t\t\t\t<\/div>\n\t\t\t\t<\/div>\n\t\t<div class=\"elementor-element elementor-element-184d4fd e-con-full e-flex e-con e-child\" data-id=\"184d4fd\" data-element_type=\"container\" data-settings=\"{&quot;background_background&quot;:&quot;classic&quot;}\">\n\t\t\t\t<div class=\"elementor-element elementor-element-e1ae2ae elementor-widget elementor-widget-heading\" data-id=\"e1ae2ae\" data-element_type=\"widget\" data-widget_type=\"heading.default\">\n\t\t\t\t<div class=\"elementor-widget-container\">\n\t\t\t\t\t<h2 class=\"elementor-heading-title elementor-size-default\">Th\u00f4ng s\u1ed1 k\u1ef9 thu\u1eadt<\/h2>\t\t\t\t<\/div>\n\t\t\t\t<\/div>\n\t\t\t\t<div class=\"elementor-element elementor-element-114bdbd elementor-widget elementor-widget-text-editor\" data-id=\"114bdbd\" data-element_type=\"widget\" data-widget_type=\"text-editor.default\">\n\t\t\t\t<div class=\"elementor-widget-container\">\n\t\t\t\t\t\t\t\t\t<div class=\"noidung\"><ul><li>K\u00edch th\u01b0\u1edbc ngo\u00e0i: 705\u00a0x 470\u00a0x 330\u00a0mm\u00a0\u00b110mm<\/li><li>K\u00edch th\u01b0\u1edbc trong: 650 x 432 x 322 mm \u00b110mm<\/li><li>Tr\u1ecdng l\u01b0\u1ee3ng: 2.4 kg \u00b1 3%<\/li><li>Ch\u1ea5t li\u1ec7u: Nh\u1ef1a PP<\/li><li>M\u00e0u s\u1eafc: Xanh d\u01b0\u01a1ng, Xanh l\u00e1, \u0110\u1ecf, V\u00e0ng<\/li><li>Xu\u1ea5t x\u1ee9: Vi\u1ec7t Nam<\/li><li>Th\u01b0\u01a1ng hi\u1ec7u: Binh Thuan Plastic (Nh\u1ef1a B\u00ecnh Thu\u1eadn)<\/li><\/ul><\/div>\t\t\t\t\t\t\t\t<\/div>\n\t\t\t\t<\/div>\n\t\t\t\t<\/div>\n\t\t<div class=\"elementor-element elementor-element-801ee6e e-con-full e-flex e-con e-child\" data-id=\"801ee6e\" data-element_type=\"container\">\n\t\t\t\t<div class=\"elementor-element elementor-element-a050ea6 elementor-widget-divider--view-line elementor-widget elementor-widget-divider\" data-id=\"a050ea6\" data-element_type=\"widget\" data-widget_type=\"divider.default\">\n\t\t\t\t<div class=\"elementor-widget-container\">\n\t\t\t\t\t\t\t<div class=\"elementor-divider\">\n\t\t\t<span class=\"elementor-divider-separator\">\n\t\t\t\t\t\t<\/span>\n\t\t<\/div>\n\t\t\t\t\t\t<\/div>\n\t\t\t\t<\/div>\n\t\t\t\t<\/div>\n\t\t<div class=\"elementor-element elementor-element-63dad28 e-con-full e-flex e-con e-child\" data-id=\"63dad28\" data-element_type=\"container\" data-settings=\"{&quot;background_background&quot;:&quot;classic&quot;}\">\n\t\t\t\t<div class=\"elementor-element elementor-element-817a5c8 elementor-widget elementor-widget-heading\" data-id=\"817a5c8\" data-element_type=\"widget\" data-widget_type=\"heading.default\">\n\t\t\t\t<div class=\"elementor-widget-container\">\n\t\t\t\t\t<h2 class=\"elementor-heading-title elementor-size-default\">C\u00c1C S\u1ea2N PH\u1ea8M KH\u00c1C<\/h2>\t\t\t\t<\/div>\n\t\t\t\t<\/div>\n\t\t\t\t<\/div>\n\t\t\t\t<\/div>\n\t\t<div class=\"elementor-element elementor-element-d163aef e-con-full e-flex e-con e-child\" data-id=\"d163aef\" data-element_type=\"container\">\n\t\t\t\t<div class=\"elementor-element elementor-element-503a33d elementor-widget elementor-widget-image\" data-id=\"503a33d\" data-element_type=\"widget\" data-widget_type=\"image.default\">\n\t\t\t\t<div class=\"elementor-widget-container\">\n\t\t\t\t\t\t\t\t\t\t\t\t<figure class=\"wp-caption\">\n\t\t\t\t\t\t\t\t\t\t<img fetchpriority=\"high\" decoding=\"async\" width=\"450\" height=\"450\" src=\"https:\/\/www.nhuabinhthuan.com.vn\/vn\/wp-content\/uploads\/2023\/10\/sp_ncn_thungnhua_thung_song_co_quai_do_450_450_BPGST-33V.jpg\" class=\"elementor-animation-grow attachment-full size-full wp-image-3520\" alt=\"\" srcset=\"https:\/\/www.nhuabinhthuan.com.vn\/vn\/wp-content\/uploads\/2023\/10\/sp_ncn_thungnhua_thung_song_co_quai_do_450_450_BPGST-33V.jpg 450w, https:\/\/www.nhuabinhthuan.com.vn\/vn\/wp-content\/uploads\/2023\/10\/sp_ncn_thungnhua_thung_song_co_quai_do_450_450_BPGST-33V-300x300.jpg 300w, https:\/\/www.nhuabinhthuan.com.vn\/vn\/wp-content\/uploads\/2023\/10\/sp_ncn_thungnhua_thung_song_co_quai_do_450_450_BPGST-33V-150x150.jpg 150w\" sizes=\"(max-width: 450px) 100vw, 450px\" \/>\t\t\t\t\t\t\t\t\t\t\t<figcaption class=\"widget-image-caption wp-caption-text\">Th\u00f9ng s\u00f3ng h\u1edf c\u00f3 quai BPGST-33V<\/figcaption>\n\t\t\t\t\t\t\t\t\t\t<\/figure>\n\t\t\t\t\t\t\t\t\t<\/div>\n\t\t\t\t<\/div>\n\t\t\t\t<\/div>\n\t\t\t\t<\/div>\n\t\t\t\t<\/div>\n\t\t\t\t<\/div>\n\t\t","protected":false},"excerpt":{"rendered":"<p>S\u1ea2N PH\u1ea8M PALLET S\u1ea2N PH\u1ea8M TH\u00d9NG NH\u1ef0A Th\u00f9ng s\u00f3ng h\u1edf c\u00f3 quai BPGST-33V Th\u00f9ng s\u00f3ng h\u1edf c\u00f3 quai BPGST-33V M\u00e3: BPGST-33V K\u00edch th\u01b0\u1edbc: 705 x 470 x 330 \u00b110mm Ch\u1ea5t li\u1ec7u: Polypropylen nguy\u00ean sinh C\u00f3 quai s\u1eaft \u0111\u1ec3 x\u00e1ch r\u1ea5t ph\u00f9 h\u1ee3p cho b\u1ea3o qu\u1ea3n v\u00e0 di chuy\u1ec3n tr\u00e1i c\u00e2y c\u0169ng nh\u01b0 ph\u1ee5c v\u1ee5 ng\u00e0nh &hellip;<\/p>\n<p class=\"read-more\"> <a class=\"\" href=\"https:\/\/www.nhuabinhthuan.com.vn\/vn\/san-pham\/nhua-cong-nghiep\/thung-nhua\/thung-song-co-quai\/bpgst-33v\/\"> <span class=\"screen-reader-text\">TH\u00d9NG S\u00d3NG C\u00d3 QUAI &#8211; BPGST-33V<\/span> Read More &raquo;<\/a><\/p>\n","protected":false},"author":2,"featured_media":0,"parent":3105,"menu_order":1,"comment_status":"closed","ping_status":"closed","template":"","meta":{"site-sidebar-layout":"no-sidebar","site-content-layout":"page-builder","ast-site-content-layout":"","site-content-style":"default","site-sidebar-style":"default","ast-global-header-display":"","ast-banner-title-visibility":"","ast-main-header-display":"","ast-hfb-above-header-display":"","ast-hfb-below-header-display":"","ast-hfb-mobile-header-display":"","site-post-title":"disabled","ast-breadcrumbs-content":"","ast-featured-img":"disabled","footer-sml-layout":"","theme-transparent-header-meta":"enabled","adv-header-id-meta":"","stick-header-meta":"","header-above-stick-meta":"","header-main-stick-meta":"","header-below-stick-meta":"","astra-migrate-meta-layouts":"","footnotes":""},"class_list":["post-4426","page","type-page","status-publish","hentry"],"_links":{"self":[{"href":"https:\/\/www.nhuabinhthuan.com.vn\/vn\/wp-json\/wp\/v2\/pages\/4426","targetHints":{"allow":["GET"]}}],"collection":[{"href":"https:\/\/www.nhuabinhthuan.com.vn\/vn\/wp-json\/wp\/v2\/pages"}],"about":[{"href":"https:\/\/www.nhuabinhthuan.com.vn\/vn\/wp-json\/wp\/v2\/types\/page"}],"author":[{"embeddable":true,"href":"https:\/\/www.nhuabinhthuan.com.vn\/vn\/wp-json\/wp\/v2\/users\/2"}],"replies":[{"embeddable":true,"href":"https:\/\/www.nhuabinhthuan.com.vn\/vn\/wp-json\/wp\/v2\/comments?post=4426"}],"version-history":[{"count":7,"href":"https:\/\/www.nhuabinhthuan.com.vn\/vn\/wp-json\/wp\/v2\/pages\/4426\/revisions"}],"predecessor-version":[{"id":9495,"href":"https:\/\/www.nhuabinhthuan.com.vn\/vn\/wp-json\/wp\/v2\/pages\/4426\/revisions\/9495"}],"up":[{"embeddable":true,"href":"https:\/\/www.nhuabinhthuan.com.vn\/vn\/wp-json\/wp\/v2\/pages\/3105"}],"wp:attachment":[{"href":"https:\/\/www.nhuabinhthuan.com.vn\/vn\/wp-json\/wp\/v2\/media?parent=4426"}],"curies":[{"name":"wp","href":"https:\/\/api.w.org\/{rel}","templated":true}]}}