{"id":4480,"date":"2023-11-01T10:20:22","date_gmt":"2023-11-01T03:20:22","guid":{"rendered":"https:\/\/www.nhuabinhthuan.com.vn\/vn\/?page_id=4480"},"modified":"2023-11-11T12:31:19","modified_gmt":"2023-11-11T05:31:19","slug":"longga","status":"publish","type":"page","link":"https:\/\/www.nhuabinhthuan.com.vn\/vn\/san-pham\/nhua-nong-nghiep\/long-ga\/longga\/","title":{"rendered":"L\u1ed2NG G\u00c0 &#8211; L\u1ed2NG G\u00c0"},"content":{"rendered":"\t\t<div data-elementor-type=\"wp-page\" data-elementor-id=\"4480\" class=\"elementor elementor-4480\" data-elementor-post-type=\"page\">\n\t\t\t\t\t\t<section class=\"elementor-section elementor-top-section elementor-element elementor-element-339b0fd elementor-section-height-min-height elementor-section-full_width elementor-section-height-default elementor-section-items-middle\" data-id=\"339b0fd\" data-element_type=\"section\" data-settings=\"{&quot;background_background&quot;:&quot;classic&quot;}\">\n\t\t\t\t\t\t\t<div class=\"elementor-background-overlay\"><\/div>\n\t\t\t\t\t\t\t<div class=\"elementor-container elementor-column-gap-default\">\n\t\t\t\t\t<div class=\"elementor-column elementor-col-100 elementor-top-column elementor-element elementor-element-abd5892\" data-id=\"abd5892\" data-element_type=\"column\">\n\t\t\t<div class=\"elementor-widget-wrap elementor-element-populated\">\n\t\t\t\t\t\t\t<\/div>\n\t\t<\/div>\n\t\t\t\t\t<\/div>\n\t\t<\/section>\n\t\t<div class=\"elementor-element elementor-element-36f1c8e e-con-full e-flex e-con e-parent\" data-id=\"36f1c8e\" data-element_type=\"container\">\n\t\t<div class=\"elementor-element elementor-element-8c054da e-con-full e-flex e-con e-child\" data-id=\"8c054da\" data-element_type=\"container\" data-settings=\"{&quot;background_background&quot;:&quot;classic&quot;}\">\n\t\t\t\t<div class=\"elementor-element elementor-element-5678d7d elementor-widget elementor-widget-heading\" data-id=\"5678d7d\" data-element_type=\"widget\" data-widget_type=\"heading.default\">\n\t\t\t\t<div class=\"elementor-widget-container\">\n\t\t\t\t\t<h2 class=\"elementor-heading-title elementor-size-default\">NH\u1ef0A N\u00d4NG NGHI\u1ec6P<\/h2>\t\t\t\t<\/div>\n\t\t\t\t<\/div>\n\t\t\t\t<div class=\"elementor-element elementor-element-4b61352 elementor-nav-menu--dropdown-tablet elementor-nav-menu__text-align-aside elementor-nav-menu--toggle elementor-nav-menu--burger elementor-invisible elementor-widget elementor-widget-nav-menu\" data-id=\"4b61352\" data-element_type=\"widget\" data-settings=\"{&quot;layout&quot;:&quot;vertical&quot;,&quot;_animation&quot;:&quot;fadeInLeft&quot;,&quot;_animation_delay&quot;:100,&quot;submenu_icon&quot;:{&quot;value&quot;:&quot;&lt;i class=\\&quot;fas fa-caret-down\\&quot;&gt;&lt;\\\/i&gt;&quot;,&quot;library&quot;:&quot;fa-solid&quot;},&quot;toggle&quot;:&quot;burger&quot;}\" data-widget_type=\"nav-menu.default\">\n\t\t\t\t<div class=\"elementor-widget-container\">\n\t\t\t\t\t\t\t\t<nav aria-label=\"Menu\" class=\"elementor-nav-menu--main elementor-nav-menu__container elementor-nav-menu--layout-vertical e--pointer-underline e--animation-fade\">\n\t\t\t\t<ul id=\"menu-1-4b61352\" class=\"elementor-nav-menu sm-vertical\"><li class=\"menu-item menu-item-type-post_type menu-item-object-page menu-item-3598\"><a href=\"https:\/\/www.nhuabinhthuan.com.vn\/vn\/san-pham\/nhua-nong-nghiep\/mang-an\/\" class=\"elementor-item menu-link\">M\u00c1NG \u0102N<\/a><\/li>\n<li class=\"menu-item menu-item-type-post_type menu-item-object-page menu-item-3599\"><a href=\"https:\/\/www.nhuabinhthuan.com.vn\/vn\/san-pham\/nhua-nong-nghiep\/binh-uong\/\" class=\"elementor-item menu-link\">B\u00ccNH U\u1ed0NG<\/a><\/li>\n<li class=\"menu-item menu-item-type-post_type menu-item-object-page menu-item-3600\"><a href=\"https:\/\/www.nhuabinhthuan.com.vn\/vn\/san-pham\/nhua-nong-nghiep\/long-ga\/\" class=\"elementor-item menu-link\">L\u1ed2NG G\u00c0<\/a><\/li>\n<li class=\"menu-item menu-item-type-post_type menu-item-object-page menu-item-3601\"><a href=\"https:\/\/www.nhuabinhthuan.com.vn\/vn\/san-pham\/nhua-nong-nghiep\/san\/\" class=\"elementor-item menu-link\">S\u00c0N<\/a><\/li>\n<li class=\"menu-item menu-item-type-post_type menu-item-object-page menu-item-3602\"><a href=\"https:\/\/www.nhuabinhthuan.com.vn\/vn\/san-pham\/nhua-nong-nghiep\/sot-ca\/\" class=\"elementor-item menu-link\">S\u1eccT C\u00c1<\/a><\/li>\n<li class=\"menu-item menu-item-type-post_type menu-item-object-page menu-item-3603\"><a href=\"https:\/\/www.nhuabinhthuan.com.vn\/vn\/san-pham\/nhua-nong-nghiep\/vi-trung\/\" class=\"elementor-item menu-link\">V\u1ec8 TR\u1ee8NG<\/a><\/li>\n<\/ul>\t\t\t<\/nav>\n\t\t\t\t\t<div class=\"elementor-menu-toggle\" role=\"button\" tabindex=\"0\" aria-label=\"Menu Toggle\" aria-expanded=\"false\">\n\t\t\t<i aria-hidden=\"true\" role=\"presentation\" class=\"elementor-menu-toggle__icon--open eicon-menu-bar\"><\/i><i aria-hidden=\"true\" role=\"presentation\" class=\"elementor-menu-toggle__icon--close eicon-close\"><\/i>\t\t<\/div>\n\t\t\t\t\t<nav class=\"elementor-nav-menu--dropdown elementor-nav-menu__container\" aria-hidden=\"true\">\n\t\t\t\t<ul id=\"menu-2-4b61352\" class=\"elementor-nav-menu sm-vertical\"><li class=\"menu-item menu-item-type-post_type menu-item-object-page menu-item-3598\"><a href=\"https:\/\/www.nhuabinhthuan.com.vn\/vn\/san-pham\/nhua-nong-nghiep\/mang-an\/\" class=\"elementor-item menu-link\" tabindex=\"-1\">M\u00c1NG \u0102N<\/a><\/li>\n<li class=\"menu-item menu-item-type-post_type menu-item-object-page menu-item-3599\"><a href=\"https:\/\/www.nhuabinhthuan.com.vn\/vn\/san-pham\/nhua-nong-nghiep\/binh-uong\/\" class=\"elementor-item menu-link\" tabindex=\"-1\">B\u00ccNH U\u1ed0NG<\/a><\/li>\n<li class=\"menu-item menu-item-type-post_type menu-item-object-page menu-item-3600\"><a href=\"https:\/\/www.nhuabinhthuan.com.vn\/vn\/san-pham\/nhua-nong-nghiep\/long-ga\/\" class=\"elementor-item menu-link\" tabindex=\"-1\">L\u1ed2NG G\u00c0<\/a><\/li>\n<li class=\"menu-item menu-item-type-post_type menu-item-object-page menu-item-3601\"><a href=\"https:\/\/www.nhuabinhthuan.com.vn\/vn\/san-pham\/nhua-nong-nghiep\/san\/\" class=\"elementor-item menu-link\" tabindex=\"-1\">S\u00c0N<\/a><\/li>\n<li class=\"menu-item menu-item-type-post_type menu-item-object-page menu-item-3602\"><a href=\"https:\/\/www.nhuabinhthuan.com.vn\/vn\/san-pham\/nhua-nong-nghiep\/sot-ca\/\" class=\"elementor-item menu-link\" tabindex=\"-1\">S\u1eccT C\u00c1<\/a><\/li>\n<li class=\"menu-item menu-item-type-post_type menu-item-object-page menu-item-3603\"><a href=\"https:\/\/www.nhuabinhthuan.com.vn\/vn\/san-pham\/nhua-nong-nghiep\/vi-trung\/\" class=\"elementor-item menu-link\" tabindex=\"-1\">V\u1ec8 TR\u1ee8NG<\/a><\/li>\n<\/ul>\t\t\t<\/nav>\n\t\t\t\t\t\t<\/div>\n\t\t\t\t<\/div>\n\t\t\t\t<\/div>\n\t\t<div class=\"elementor-element elementor-element-05e31e3 e-con-full e-flex e-con e-child\" data-id=\"05e31e3\" data-element_type=\"container\">\n\t\t<div class=\"elementor-element elementor-element-6f964ff e-con-full e-flex e-con e-child\" data-id=\"6f964ff\" data-element_type=\"container\">\n\t\t<div class=\"elementor-element elementor-element-e2317fd e-con-full e-flex e-con e-child\" data-id=\"e2317fd\" data-element_type=\"container\">\n\t\t\t\t<div class=\"elementor-element elementor-element-d2f20a9 elementor-widget elementor-widget-image\" data-id=\"d2f20a9\" data-element_type=\"widget\" data-widget_type=\"image.default\">\n\t\t\t\t<div class=\"elementor-widget-container\">\n\t\t\t\t\t\t\t\t\t\t\t\t<figure class=\"wp-caption\">\n\t\t\t\t\t\t\t\t\t\t<img fetchpriority=\"high\" decoding=\"async\" width=\"450\" height=\"450\" src=\"https:\/\/www.nhuabinhthuan.com.vn\/vn\/wp-content\/uploads\/2023\/10\/sp_nnn_longga_450_450_longga.jpg\" class=\"elementor-animation-grow attachment-full size-full wp-image-3643\" alt=\"\" srcset=\"https:\/\/www.nhuabinhthuan.com.vn\/vn\/wp-content\/uploads\/2023\/10\/sp_nnn_longga_450_450_longga.jpg 450w, https:\/\/www.nhuabinhthuan.com.vn\/vn\/wp-content\/uploads\/2023\/10\/sp_nnn_longga_450_450_longga-300x300.jpg 300w, https:\/\/www.nhuabinhthuan.com.vn\/vn\/wp-content\/uploads\/2023\/10\/sp_nnn_longga_450_450_longga-150x150.jpg 150w\" sizes=\"(max-width: 450px) 100vw, 450px\" \/>\t\t\t\t\t\t\t\t\t\t\t<figcaption class=\"widget-image-caption wp-caption-text\">L\u1ed3ng g\u00e0<\/figcaption>\n\t\t\t\t\t\t\t\t\t\t<\/figure>\n\t\t\t\t\t\t\t\t\t<\/div>\n\t\t\t\t<\/div>\n\t\t\t\t<\/div>\n\t\t<div class=\"elementor-element elementor-element-d02550f e-con-full e-flex e-con e-child\" data-id=\"d02550f\" data-element_type=\"container\">\n\t\t\t\t<div class=\"elementor-element elementor-element-dfa6a08 elementor-widget elementor-widget-heading\" data-id=\"dfa6a08\" data-element_type=\"widget\" data-widget_type=\"heading.default\">\n\t\t\t\t<div class=\"elementor-widget-container\">\n\t\t\t\t\t<h2 class=\"elementor-heading-title elementor-size-default\">L\u1ed3ng g\u00e0<\/h2>\t\t\t\t<\/div>\n\t\t\t\t<\/div>\n\t\t\t\t<div class=\"elementor-element elementor-element-594886a elementor-widget elementor-widget-text-editor\" data-id=\"594886a\" data-element_type=\"widget\" data-widget_type=\"text-editor.default\">\n\t\t\t\t<div class=\"elementor-widget-container\">\n\t\t\t\t\t\t\t\t\t<ul class=\"thongSo\"><li><strong>M\u00e3:<\/strong> LGTQ01<\/li><li><strong>K\u00edch th\u01b0\u1edbc:<\/strong>730 x 540 x 250 mm<\/li><li><strong>Ch\u1ea5t li\u1ec7u:<\/strong> Nh\u1ef1a PP &#8211; Taiwan<\/li><\/ul>\t\t\t\t\t\t\t\t<\/div>\n\t\t\t\t<\/div>\n\t\t\t\t<\/div>\n\t\t<div class=\"elementor-element elementor-element-7182678 e-con-full e-flex e-con e-child\" data-id=\"7182678\" data-element_type=\"container\" data-settings=\"{&quot;background_background&quot;:&quot;classic&quot;}\">\n\t\t\t\t<div class=\"elementor-element elementor-element-3708a77 elementor-widget elementor-widget-heading\" data-id=\"3708a77\" data-element_type=\"widget\" data-widget_type=\"heading.default\">\n\t\t\t\t<div class=\"elementor-widget-container\">\n\t\t\t\t\t<h2 class=\"elementor-heading-title elementor-size-default\">Th\u00f4ng s\u1ed1 k\u1ef9 thu\u1eadt<\/h2>\t\t\t\t<\/div>\n\t\t\t\t<\/div>\n\t\t\t\t<\/div>\n\t\t<div class=\"elementor-element elementor-element-4dce748 e-con-full e-flex e-con e-child\" data-id=\"4dce748\" data-element_type=\"container\">\n\t\t\t\t<div class=\"elementor-element elementor-element-cd20497 elementor-widget-divider--view-line elementor-widget elementor-widget-divider\" data-id=\"cd20497\" data-element_type=\"widget\" data-widget_type=\"divider.default\">\n\t\t\t\t<div class=\"elementor-widget-container\">\n\t\t\t\t\t\t\t<div class=\"elementor-divider\">\n\t\t\t<span class=\"elementor-divider-separator\">\n\t\t\t\t\t\t<\/span>\n\t\t<\/div>\n\t\t\t\t\t\t<\/div>\n\t\t\t\t<\/div>\n\t\t\t\t<\/div>\n\t\t<div class=\"elementor-element elementor-element-75fb4be e-con-full e-flex e-con e-child\" data-id=\"75fb4be\" data-element_type=\"container\" data-settings=\"{&quot;background_background&quot;:&quot;classic&quot;}\">\n\t\t\t\t<div class=\"elementor-element elementor-element-c49cb6f elementor-widget elementor-widget-heading\" data-id=\"c49cb6f\" data-element_type=\"widget\" data-widget_type=\"heading.default\">\n\t\t\t\t<div class=\"elementor-widget-container\">\n\t\t\t\t\t<h2 class=\"elementor-heading-title elementor-size-default\">C\u00c1C S\u1ea2N PH\u1ea8M KH\u00c1C<\/h2>\t\t\t\t<\/div>\n\t\t\t\t<\/div>\n\t\t\t\t<\/div>\n\t\t\t\t<\/div>\n\t\t<div class=\"elementor-element elementor-element-e0d3cb5 e-con-full e-flex e-con e-child\" data-id=\"e0d3cb5\" data-element_type=\"container\">\n\t\t\t\t<div class=\"elementor-element elementor-element-bdb858b elementor-widget elementor-widget-image\" data-id=\"bdb858b\" data-element_type=\"widget\" data-widget_type=\"image.default\">\n\t\t\t\t<div class=\"elementor-widget-container\">\n\t\t\t\t\t\t\t\t\t\t\t\t<figure class=\"wp-caption\">\n\t\t\t\t\t\t\t\t\t\t<img fetchpriority=\"high\" decoding=\"async\" width=\"450\" height=\"450\" src=\"https:\/\/www.nhuabinhthuan.com.vn\/vn\/wp-content\/uploads\/2023\/10\/sp_nnn_longga_450_450_longga.jpg\" class=\"elementor-animation-grow attachment-full size-full wp-image-3643\" alt=\"\" srcset=\"https:\/\/www.nhuabinhthuan.com.vn\/vn\/wp-content\/uploads\/2023\/10\/sp_nnn_longga_450_450_longga.jpg 450w, https:\/\/www.nhuabinhthuan.com.vn\/vn\/wp-content\/uploads\/2023\/10\/sp_nnn_longga_450_450_longga-300x300.jpg 300w, https:\/\/www.nhuabinhthuan.com.vn\/vn\/wp-content\/uploads\/2023\/10\/sp_nnn_longga_450_450_longga-150x150.jpg 150w\" sizes=\"(max-width: 450px) 100vw, 450px\" \/>\t\t\t\t\t\t\t\t\t\t\t<figcaption class=\"widget-image-caption wp-caption-text\">L\u1ed3ng g\u00e0<\/figcaption>\n\t\t\t\t\t\t\t\t\t\t<\/figure>\n\t\t\t\t\t\t\t\t\t<\/div>\n\t\t\t\t<\/div>\n\t\t\t\t<\/div>\n\t\t\t\t<\/div>\n\t\t\t\t<\/div>\n\t\t\t\t<\/div>\n\t\t","protected":false},"excerpt":{"rendered":"<p>NH\u1ef0A N\u00d4NG NGHI\u1ec6P L\u1ed3ng g\u00e0 L\u1ed3ng g\u00e0 M\u00e3: LGTQ01 K\u00edch th\u01b0\u1edbc:730 x 540 x 250 mm Ch\u1ea5t li\u1ec7u: Nh\u1ef1a PP &#8211; Taiwan Th\u00f4ng s\u1ed1 k\u1ef9 thu\u1eadt C\u00c1C S\u1ea2N PH\u1ea8M KH\u00c1C L\u1ed3ng g\u00e0<\/p>\n","protected":false},"author":1,"featured_media":0,"parent":3010,"menu_order":1,"comment_status":"closed","ping_status":"closed","template":"","meta":{"site-sidebar-layout":"no-sidebar","site-content-layout":"page-builder","ast-site-content-layout":"","site-content-style":"default","site-sidebar-style":"default","ast-global-header-display":"","ast-banner-title-visibility":"","ast-main-header-display":"","ast-hfb-above-header-display":"","ast-hfb-below-header-display":"","ast-hfb-mobile-header-display":"","site-post-title":"disabled","ast-breadcrumbs-content":"","ast-featured-img":"disabled","footer-sml-layout":"","theme-transparent-header-meta":"enabled","adv-header-id-meta":"","stick-header-meta":"","header-above-stick-meta":"","header-main-stick-meta":"","header-below-stick-meta":"","astra-migrate-meta-layouts":"","footnotes":""},"class_list":["post-4480","page","type-page","status-publish","hentry"],"_links":{"self":[{"href":"https:\/\/www.nhuabinhthuan.com.vn\/vn\/wp-json\/wp\/v2\/pages\/4480","targetHints":{"allow":["GET"]}}],"collection":[{"href":"https:\/\/www.nhuabinhthuan.com.vn\/vn\/wp-json\/wp\/v2\/pages"}],"about":[{"href":"https:\/\/www.nhuabinhthuan.com.vn\/vn\/wp-json\/wp\/v2\/types\/page"}],"author":[{"embeddable":true,"href":"https:\/\/www.nhuabinhthuan.com.vn\/vn\/wp-json\/wp\/v2\/users\/1"}],"replies":[{"embeddable":true,"href":"https:\/\/www.nhuabinhthuan.com.vn\/vn\/wp-json\/wp\/v2\/comments?post=4480"}],"version-history":[{"count":10,"href":"https:\/\/www.nhuabinhthuan.com.vn\/vn\/wp-json\/wp\/v2\/pages\/4480\/revisions"}],"predecessor-version":[{"id":6326,"href":"https:\/\/www.nhuabinhthuan.com.vn\/vn\/wp-json\/wp\/v2\/pages\/4480\/revisions\/6326"}],"up":[{"embeddable":true,"href":"https:\/\/www.nhuabinhthuan.com.vn\/vn\/wp-json\/wp\/v2\/pages\/3010"}],"wp:attachment":[{"href":"https:\/\/www.nhuabinhthuan.com.vn\/vn\/wp-json\/wp\/v2\/media?parent=4480"}],"curies":[{"name":"wp","href":"https:\/\/api.w.org\/{rel}","templated":true}]}}