{"id":4590,"date":"2023-11-01T11:09:12","date_gmt":"2023-11-01T04:09:12","guid":{"rendered":"https:\/\/www.nhuabinhthuan.com.vn\/vn\/?page_id=4590"},"modified":"2023-11-11T12:26:28","modified_gmt":"2023-11-11T05:26:28","slug":"manggadai","status":"publish","type":"page","link":"https:\/\/www.nhuabinhthuan.com.vn\/vn\/san-pham\/nhua-nong-nghiep\/mang-an\/manggadai\/","title":{"rendered":"M\u00c1NG \u0102N &#8211; M\u00e1ng g\u00e0 d\u00e0i"},"content":{"rendered":"\t\t<div data-elementor-type=\"wp-page\" data-elementor-id=\"4590\" class=\"elementor elementor-4590\" data-elementor-post-type=\"page\">\n\t\t\t\t\t\t<section class=\"elementor-section elementor-top-section elementor-element elementor-element-339b0fd elementor-section-height-min-height elementor-section-full_width elementor-section-height-default elementor-section-items-middle\" data-id=\"339b0fd\" data-element_type=\"section\" data-settings=\"{&quot;background_background&quot;:&quot;classic&quot;}\">\n\t\t\t\t\t\t\t<div class=\"elementor-background-overlay\"><\/div>\n\t\t\t\t\t\t\t<div class=\"elementor-container elementor-column-gap-default\">\n\t\t\t\t\t<div class=\"elementor-column elementor-col-100 elementor-top-column elementor-element elementor-element-abd5892\" data-id=\"abd5892\" data-element_type=\"column\">\n\t\t\t<div class=\"elementor-widget-wrap elementor-element-populated\">\n\t\t\t\t\t\t\t<\/div>\n\t\t<\/div>\n\t\t\t\t\t<\/div>\n\t\t<\/section>\n\t\t<div class=\"elementor-element elementor-element-59c4e20 e-con-full e-flex e-con e-parent\" data-id=\"59c4e20\" data-element_type=\"container\">\n\t\t<div class=\"elementor-element elementor-element-5aa333b e-con-full e-flex e-con e-child\" data-id=\"5aa333b\" data-element_type=\"container\" data-settings=\"{&quot;background_background&quot;:&quot;classic&quot;}\">\n\t\t\t\t<div class=\"elementor-element elementor-element-1abcf63 elementor-widget elementor-widget-heading\" data-id=\"1abcf63\" data-element_type=\"widget\" data-widget_type=\"heading.default\">\n\t\t\t\t<div class=\"elementor-widget-container\">\n\t\t\t\t\t<h2 class=\"elementor-heading-title elementor-size-default\">NH\u1ef0A N\u00d4NG NGHI\u1ec6P<\/h2>\t\t\t\t<\/div>\n\t\t\t\t<\/div>\n\t\t\t\t<div class=\"elementor-element elementor-element-e5f7654 elementor-nav-menu--dropdown-tablet elementor-nav-menu__text-align-aside elementor-nav-menu--toggle elementor-nav-menu--burger elementor-invisible elementor-widget elementor-widget-nav-menu\" data-id=\"e5f7654\" data-element_type=\"widget\" data-settings=\"{&quot;layout&quot;:&quot;vertical&quot;,&quot;_animation&quot;:&quot;fadeInLeft&quot;,&quot;_animation_delay&quot;:100,&quot;submenu_icon&quot;:{&quot;value&quot;:&quot;&lt;i class=\\&quot;fas fa-caret-down\\&quot;&gt;&lt;\\\/i&gt;&quot;,&quot;library&quot;:&quot;fa-solid&quot;},&quot;toggle&quot;:&quot;burger&quot;}\" data-widget_type=\"nav-menu.default\">\n\t\t\t\t<div class=\"elementor-widget-container\">\n\t\t\t\t\t\t\t\t<nav aria-label=\"Menu\" class=\"elementor-nav-menu--main elementor-nav-menu__container elementor-nav-menu--layout-vertical e--pointer-underline e--animation-fade\">\n\t\t\t\t<ul id=\"menu-1-e5f7654\" class=\"elementor-nav-menu sm-vertical\"><li class=\"menu-item menu-item-type-post_type menu-item-object-page menu-item-3598\"><a href=\"https:\/\/www.nhuabinhthuan.com.vn\/vn\/san-pham\/nhua-nong-nghiep\/mang-an\/\" class=\"elementor-item menu-link\">M\u00c1NG \u0102N<\/a><\/li>\n<li class=\"menu-item menu-item-type-post_type menu-item-object-page menu-item-3599\"><a href=\"https:\/\/www.nhuabinhthuan.com.vn\/vn\/san-pham\/nhua-nong-nghiep\/binh-uong\/\" class=\"elementor-item menu-link\">B\u00ccNH U\u1ed0NG<\/a><\/li>\n<li class=\"menu-item menu-item-type-post_type menu-item-object-page menu-item-3600\"><a href=\"https:\/\/www.nhuabinhthuan.com.vn\/vn\/san-pham\/nhua-nong-nghiep\/long-ga\/\" class=\"elementor-item menu-link\">L\u1ed2NG G\u00c0<\/a><\/li>\n<li class=\"menu-item menu-item-type-post_type menu-item-object-page menu-item-3601\"><a href=\"https:\/\/www.nhuabinhthuan.com.vn\/vn\/san-pham\/nhua-nong-nghiep\/san\/\" class=\"elementor-item menu-link\">S\u00c0N<\/a><\/li>\n<li class=\"menu-item menu-item-type-post_type menu-item-object-page menu-item-3602\"><a href=\"https:\/\/www.nhuabinhthuan.com.vn\/vn\/san-pham\/nhua-nong-nghiep\/sot-ca\/\" class=\"elementor-item menu-link\">S\u1eccT C\u00c1<\/a><\/li>\n<li class=\"menu-item menu-item-type-post_type menu-item-object-page menu-item-3603\"><a href=\"https:\/\/www.nhuabinhthuan.com.vn\/vn\/san-pham\/nhua-nong-nghiep\/vi-trung\/\" class=\"elementor-item menu-link\">V\u1ec8 TR\u1ee8NG<\/a><\/li>\n<\/ul>\t\t\t<\/nav>\n\t\t\t\t\t<div class=\"elementor-menu-toggle\" role=\"button\" tabindex=\"0\" aria-label=\"Menu Toggle\" aria-expanded=\"false\">\n\t\t\t<i aria-hidden=\"true\" role=\"presentation\" class=\"elementor-menu-toggle__icon--open eicon-menu-bar\"><\/i><i aria-hidden=\"true\" role=\"presentation\" class=\"elementor-menu-toggle__icon--close eicon-close\"><\/i>\t\t<\/div>\n\t\t\t\t\t<nav class=\"elementor-nav-menu--dropdown elementor-nav-menu__container\" aria-hidden=\"true\">\n\t\t\t\t<ul id=\"menu-2-e5f7654\" class=\"elementor-nav-menu sm-vertical\"><li class=\"menu-item menu-item-type-post_type menu-item-object-page menu-item-3598\"><a href=\"https:\/\/www.nhuabinhthuan.com.vn\/vn\/san-pham\/nhua-nong-nghiep\/mang-an\/\" class=\"elementor-item menu-link\" tabindex=\"-1\">M\u00c1NG \u0102N<\/a><\/li>\n<li class=\"menu-item menu-item-type-post_type menu-item-object-page menu-item-3599\"><a href=\"https:\/\/www.nhuabinhthuan.com.vn\/vn\/san-pham\/nhua-nong-nghiep\/binh-uong\/\" class=\"elementor-item menu-link\" tabindex=\"-1\">B\u00ccNH U\u1ed0NG<\/a><\/li>\n<li class=\"menu-item menu-item-type-post_type menu-item-object-page menu-item-3600\"><a href=\"https:\/\/www.nhuabinhthuan.com.vn\/vn\/san-pham\/nhua-nong-nghiep\/long-ga\/\" class=\"elementor-item menu-link\" tabindex=\"-1\">L\u1ed2NG G\u00c0<\/a><\/li>\n<li class=\"menu-item menu-item-type-post_type menu-item-object-page menu-item-3601\"><a href=\"https:\/\/www.nhuabinhthuan.com.vn\/vn\/san-pham\/nhua-nong-nghiep\/san\/\" class=\"elementor-item menu-link\" tabindex=\"-1\">S\u00c0N<\/a><\/li>\n<li class=\"menu-item menu-item-type-post_type menu-item-object-page menu-item-3602\"><a href=\"https:\/\/www.nhuabinhthuan.com.vn\/vn\/san-pham\/nhua-nong-nghiep\/sot-ca\/\" class=\"elementor-item menu-link\" tabindex=\"-1\">S\u1eccT C\u00c1<\/a><\/li>\n<li class=\"menu-item menu-item-type-post_type menu-item-object-page menu-item-3603\"><a href=\"https:\/\/www.nhuabinhthuan.com.vn\/vn\/san-pham\/nhua-nong-nghiep\/vi-trung\/\" class=\"elementor-item menu-link\" tabindex=\"-1\">V\u1ec8 TR\u1ee8NG<\/a><\/li>\n<\/ul>\t\t\t<\/nav>\n\t\t\t\t\t\t<\/div>\n\t\t\t\t<\/div>\n\t\t\t\t<\/div>\n\t\t<div class=\"elementor-element elementor-element-02e19f8 e-con-full e-flex e-con e-child\" data-id=\"02e19f8\" data-element_type=\"container\">\n\t\t<div class=\"elementor-element elementor-element-8288251 e-con-full e-flex e-con e-child\" data-id=\"8288251\" data-element_type=\"container\">\n\t\t<div class=\"elementor-element elementor-element-e05e88c e-con-full e-flex e-con e-child\" data-id=\"e05e88c\" data-element_type=\"container\">\n\t\t\t\t<div class=\"elementor-element elementor-element-492460f elementor-widget elementor-widget-image\" data-id=\"492460f\" data-element_type=\"widget\" data-widget_type=\"image.default\">\n\t\t\t\t<div class=\"elementor-widget-container\">\n\t\t\t\t\t\t\t\t\t\t\t\t<figure class=\"wp-caption\">\n\t\t\t\t\t\t\t\t\t\t<img fetchpriority=\"high\" decoding=\"async\" width=\"450\" height=\"450\" src=\"https:\/\/www.nhuabinhthuan.com.vn\/vn\/wp-content\/uploads\/2023\/10\/sp_nnn_mangan_450_450_manggadai.jpg\" class=\"elementor-animation-grow attachment-full size-full wp-image-3625\" alt=\"\" srcset=\"https:\/\/www.nhuabinhthuan.com.vn\/vn\/wp-content\/uploads\/2023\/10\/sp_nnn_mangan_450_450_manggadai.jpg 450w, https:\/\/www.nhuabinhthuan.com.vn\/vn\/wp-content\/uploads\/2023\/10\/sp_nnn_mangan_450_450_manggadai-300x300.jpg 300w, https:\/\/www.nhuabinhthuan.com.vn\/vn\/wp-content\/uploads\/2023\/10\/sp_nnn_mangan_450_450_manggadai-150x150.jpg 150w\" sizes=\"(max-width: 450px) 100vw, 450px\" \/>\t\t\t\t\t\t\t\t\t\t\t<figcaption class=\"widget-image-caption wp-caption-text\">M\u00e1ng g\u00e0 d\u00e0i<\/figcaption>\n\t\t\t\t\t\t\t\t\t\t<\/figure>\n\t\t\t\t\t\t\t\t\t<\/div>\n\t\t\t\t<\/div>\n\t\t\t\t<\/div>\n\t\t<div class=\"elementor-element elementor-element-9a01153 e-con-full e-flex e-con e-child\" data-id=\"9a01153\" data-element_type=\"container\">\n\t\t\t\t<div class=\"elementor-element elementor-element-1340f4d elementor-widget elementor-widget-heading\" data-id=\"1340f4d\" data-element_type=\"widget\" data-widget_type=\"heading.default\">\n\t\t\t\t<div class=\"elementor-widget-container\">\n\t\t\t\t\t<h2 class=\"elementor-heading-title elementor-size-default\">M\u00e1ng g\u00e0 d\u00e0i<\/h2>\t\t\t\t<\/div>\n\t\t\t\t<\/div>\n\t\t\t\t<div class=\"elementor-element elementor-element-b34e2a7 elementor-widget elementor-widget-text-editor\" data-id=\"b34e2a7\" data-element_type=\"widget\" data-widget_type=\"text-editor.default\">\n\t\t\t\t<div class=\"elementor-widget-container\">\n\t\t\t\t\t\t\t\t\t<ul class=\"thongSo\"><li><strong>M\u00e3:<\/strong> MGA01<\/li><li><strong>K\u00edch th\u01b0\u1edbc:<\/strong>650x120x65<\/li><li><strong>Ch\u1ea5t li\u1ec7u:<\/strong> Nh\u1ef1a PP -Taiwan<\/li><\/ul>\t\t\t\t\t\t\t\t<\/div>\n\t\t\t\t<\/div>\n\t\t\t\t<\/div>\n\t\t<div class=\"elementor-element elementor-element-8e274d3 e-con-full e-flex e-con e-child\" data-id=\"8e274d3\" data-element_type=\"container\" data-settings=\"{&quot;background_background&quot;:&quot;classic&quot;}\">\n\t\t\t\t<div class=\"elementor-element elementor-element-1130d42 elementor-widget elementor-widget-heading\" data-id=\"1130d42\" data-element_type=\"widget\" data-widget_type=\"heading.default\">\n\t\t\t\t<div class=\"elementor-widget-container\">\n\t\t\t\t\t<h2 class=\"elementor-heading-title elementor-size-default\">Th\u00f4ng s\u1ed1 k\u1ef9 thu\u1eadt<\/h2>\t\t\t\t<\/div>\n\t\t\t\t<\/div>\n\t\t\t\t<\/div>\n\t\t<div class=\"elementor-element elementor-element-27b1997 e-con-full e-flex e-con e-child\" data-id=\"27b1997\" data-element_type=\"container\">\n\t\t\t\t<div class=\"elementor-element elementor-element-e342409 elementor-widget-divider--view-line elementor-widget elementor-widget-divider\" data-id=\"e342409\" data-element_type=\"widget\" data-widget_type=\"divider.default\">\n\t\t\t\t<div class=\"elementor-widget-container\">\n\t\t\t\t\t\t\t<div class=\"elementor-divider\">\n\t\t\t<span class=\"elementor-divider-separator\">\n\t\t\t\t\t\t<\/span>\n\t\t<\/div>\n\t\t\t\t\t\t<\/div>\n\t\t\t\t<\/div>\n\t\t\t\t<\/div>\n\t\t<div class=\"elementor-element elementor-element-4917551 e-con-full e-flex e-con e-child\" data-id=\"4917551\" data-element_type=\"container\" data-settings=\"{&quot;background_background&quot;:&quot;classic&quot;}\">\n\t\t\t\t<div class=\"elementor-element elementor-element-ad15660 elementor-widget elementor-widget-heading\" data-id=\"ad15660\" data-element_type=\"widget\" data-widget_type=\"heading.default\">\n\t\t\t\t<div class=\"elementor-widget-container\">\n\t\t\t\t\t<h2 class=\"elementor-heading-title elementor-size-default\">C\u00c1C S\u1ea2N PH\u1ea8M KH\u00c1C<\/h2>\t\t\t\t<\/div>\n\t\t\t\t<\/div>\n\t\t\t\t<\/div>\n\t\t\t\t<\/div>\n\t\t<div class=\"elementor-element elementor-element-c387333 e-con-full e-flex e-con e-child\" data-id=\"c387333\" data-element_type=\"container\">\n\t\t\t\t<div class=\"elementor-element elementor-element-1ca4bdb elementor-widget elementor-widget-image\" data-id=\"1ca4bdb\" data-element_type=\"widget\" data-widget_type=\"image.default\">\n\t\t\t\t<div class=\"elementor-widget-container\">\n\t\t\t\t\t\t\t\t\t\t\t\t<figure class=\"wp-caption\">\n\t\t\t\t\t\t\t\t\t\t\t<a href=\"https:\/\/www.nhuabinhthuan.com.vn\/vn\/san-pham\/nhua-nong-nghiep\/mang-an\/manganchogacon\">\n\t\t\t\t\t\t\t<img decoding=\"async\" width=\"450\" height=\"450\" src=\"https:\/\/www.nhuabinhthuan.com.vn\/vn\/wp-content\/uploads\/2023\/10\/sp_nnn_mangan_450_450_manganchogacon.jpg\" class=\"elementor-animation-grow attachment-full size-full wp-image-3613\" alt=\"\" srcset=\"https:\/\/www.nhuabinhthuan.com.vn\/vn\/wp-content\/uploads\/2023\/10\/sp_nnn_mangan_450_450_manganchogacon.jpg 450w, https:\/\/www.nhuabinhthuan.com.vn\/vn\/wp-content\/uploads\/2023\/10\/sp_nnn_mangan_450_450_manganchogacon-300x300.jpg 300w, https:\/\/www.nhuabinhthuan.com.vn\/vn\/wp-content\/uploads\/2023\/10\/sp_nnn_mangan_450_450_manganchogacon-150x150.jpg 150w\" sizes=\"(max-width: 450px) 100vw, 450px\" \/>\t\t\t\t\t\t\t\t<\/a>\n\t\t\t\t\t\t\t\t\t\t\t<figcaption class=\"widget-image-caption wp-caption-text\">M\u00e1ng \u0103n cho g\u00e0 con (m\u00e2m g\u00e0)<\/figcaption>\n\t\t\t\t\t\t\t\t\t\t<\/figure>\n\t\t\t\t\t\t\t\t\t<\/div>\n\t\t\t\t<\/div>\n\t\t\t\t<\/div>\n\t\t<div class=\"elementor-element elementor-element-ab43c0e e-con-full e-flex e-con e-child\" data-id=\"ab43c0e\" data-element_type=\"container\">\n\t\t\t\t<div class=\"elementor-element elementor-element-84bb2c6 elementor-widget elementor-widget-image\" data-id=\"84bb2c6\" data-element_type=\"widget\" data-widget_type=\"image.default\">\n\t\t\t\t<div class=\"elementor-widget-container\">\n\t\t\t\t\t\t\t\t\t\t\t\t<figure class=\"wp-caption\">\n\t\t\t\t\t\t\t\t\t\t\t<a href=\"https:\/\/www.nhuabinhthuan.com.vn\/vn\/san-pham\/nhua-nong-nghiep\/mang-an\/mangdaicholon\">\n\t\t\t\t\t\t\t<img decoding=\"async\" width=\"450\" height=\"450\" src=\"https:\/\/www.nhuabinhthuan.com.vn\/vn\/wp-content\/uploads\/2023\/10\/sp_nnn_mangan_450_450_mangancholon.jpg\" class=\"elementor-animation-grow attachment-full size-full wp-image-3615\" alt=\"\" srcset=\"https:\/\/www.nhuabinhthuan.com.vn\/vn\/wp-content\/uploads\/2023\/10\/sp_nnn_mangan_450_450_mangancholon.jpg 450w, https:\/\/www.nhuabinhthuan.com.vn\/vn\/wp-content\/uploads\/2023\/10\/sp_nnn_mangan_450_450_mangancholon-300x300.jpg 300w, https:\/\/www.nhuabinhthuan.com.vn\/vn\/wp-content\/uploads\/2023\/10\/sp_nnn_mangan_450_450_mangancholon-150x150.jpg 150w\" sizes=\"(max-width: 450px) 100vw, 450px\" \/>\t\t\t\t\t\t\t\t<\/a>\n\t\t\t\t\t\t\t\t\t\t\t<figcaption class=\"widget-image-caption wp-caption-text\">M\u00e1ng d\u00e0i (m\u00e1ng l\u1ee3n)<\/figcaption>\n\t\t\t\t\t\t\t\t\t\t<\/figure>\n\t\t\t\t\t\t\t\t\t<\/div>\n\t\t\t\t<\/div>\n\t\t\t\t<\/div>\n\t\t<div class=\"elementor-element elementor-element-aa83210 e-con-full e-flex e-con e-child\" data-id=\"aa83210\" data-element_type=\"container\">\n\t\t\t\t<div class=\"elementor-element elementor-element-151f387 elementor-widget elementor-widget-image\" data-id=\"151f387\" data-element_type=\"widget\" data-widget_type=\"image.default\">\n\t\t\t\t<div class=\"elementor-widget-container\">\n\t\t\t\t\t\t\t\t\t\t\t\t<figure class=\"wp-caption\">\n\t\t\t\t\t\t\t\t\t\t\t<a href=\"https:\/\/www.nhuabinhthuan.com.vn\/vn\/san-pham\/nhua-nong-nghiep\/mang-an\/mangvuong\">\n\t\t\t\t\t\t\t<img loading=\"lazy\" decoding=\"async\" width=\"450\" height=\"450\" src=\"https:\/\/www.nhuabinhthuan.com.vn\/vn\/wp-content\/uploads\/2023\/10\/sp_nnn_mangan_450_450_mangvuong.jpg\" class=\"elementor-animation-grow attachment-full size-full wp-image-3616\" alt=\"\" srcset=\"https:\/\/www.nhuabinhthuan.com.vn\/vn\/wp-content\/uploads\/2023\/10\/sp_nnn_mangan_450_450_mangvuong.jpg 450w, https:\/\/www.nhuabinhthuan.com.vn\/vn\/wp-content\/uploads\/2023\/10\/sp_nnn_mangan_450_450_mangvuong-300x300.jpg 300w, https:\/\/www.nhuabinhthuan.com.vn\/vn\/wp-content\/uploads\/2023\/10\/sp_nnn_mangan_450_450_mangvuong-150x150.jpg 150w\" sizes=\"(max-width: 450px) 100vw, 450px\" \/>\t\t\t\t\t\t\t\t<\/a>\n\t\t\t\t\t\t\t\t\t\t\t<figcaption class=\"widget-image-caption wp-caption-text\">M\u00e1ng vu\u00f4ng<\/figcaption>\n\t\t\t\t\t\t\t\t\t\t<\/figure>\n\t\t\t\t\t\t\t\t\t<\/div>\n\t\t\t\t<\/div>\n\t\t\t\t<\/div>\n\t\t<div class=\"elementor-element elementor-element-a202f43 e-con-full e-flex e-con e-child\" data-id=\"a202f43\" data-element_type=\"container\">\n\t\t\t\t<div class=\"elementor-element elementor-element-3619630 elementor-widget elementor-widget-image\" data-id=\"3619630\" data-element_type=\"widget\" data-widget_type=\"image.default\">\n\t\t\t\t<div class=\"elementor-widget-container\">\n\t\t\t\t\t\t\t\t\t\t\t\t<figure class=\"wp-caption\">\n\t\t\t\t\t\t\t\t\t\t\t<a href=\"https:\/\/www.nhuabinhthuan.com.vn\/vn\/san-pham\/nhua-nong-nghiep\/mang-an\/mangandaixaumoc\">\n\t\t\t\t\t\t\t<img loading=\"lazy\" decoding=\"async\" width=\"450\" height=\"450\" src=\"https:\/\/www.nhuabinhthuan.com.vn\/vn\/wp-content\/uploads\/2023\/10\/sp_nnn_mangan_450_450_mangandaixaumoc.jpg\" class=\"elementor-animation-grow attachment-full size-full wp-image-3620\" alt=\"\" srcset=\"https:\/\/www.nhuabinhthuan.com.vn\/vn\/wp-content\/uploads\/2023\/10\/sp_nnn_mangan_450_450_mangandaixaumoc.jpg 450w, https:\/\/www.nhuabinhthuan.com.vn\/vn\/wp-content\/uploads\/2023\/10\/sp_nnn_mangan_450_450_mangandaixaumoc-300x300.jpg 300w, https:\/\/www.nhuabinhthuan.com.vn\/vn\/wp-content\/uploads\/2023\/10\/sp_nnn_mangan_450_450_mangandaixaumoc-150x150.jpg 150w\" sizes=\"(max-width: 450px) 100vw, 450px\" \/>\t\t\t\t\t\t\t\t<\/a>\n\t\t\t\t\t\t\t\t\t\t\t<figcaption class=\"widget-image-caption wp-caption-text\">M\u00e1ng \u0103n \u0111\u1ea1i x\u00e2u m\u00f3c<\/figcaption>\n\t\t\t\t\t\t\t\t\t\t<\/figure>\n\t\t\t\t\t\t\t\t\t<\/div>\n\t\t\t\t<\/div>\n\t\t\t\t<\/div>\n\t\t<div class=\"elementor-element elementor-element-21f4b96 e-con-full e-flex e-con e-child\" data-id=\"21f4b96\" data-element_type=\"container\">\n\t\t\t\t<div class=\"elementor-element elementor-element-ff7073d elementor-widget elementor-widget-image\" data-id=\"ff7073d\" data-element_type=\"widget\" data-widget_type=\"image.default\">\n\t\t\t\t<div class=\"elementor-widget-container\">\n\t\t\t\t\t\t\t\t\t\t\t\t<figure class=\"wp-caption\">\n\t\t\t\t\t\t\t\t\t\t\t<a href=\"https:\/\/www.nhuabinhthuan.com.vn\/vn\/san-pham\/nhua-nong-nghiep\/mang-an\/manganlienvanh\">\n\t\t\t\t\t\t\t<img loading=\"lazy\" decoding=\"async\" width=\"450\" height=\"450\" src=\"https:\/\/www.nhuabinhthuan.com.vn\/vn\/wp-content\/uploads\/2023\/10\/sp_nnn_mangan_450_450_manganlienvanh.jpg\" class=\"elementor-animation-grow attachment-full size-full wp-image-3621\" alt=\"\" srcset=\"https:\/\/www.nhuabinhthuan.com.vn\/vn\/wp-content\/uploads\/2023\/10\/sp_nnn_mangan_450_450_manganlienvanh.jpg 450w, https:\/\/www.nhuabinhthuan.com.vn\/vn\/wp-content\/uploads\/2023\/10\/sp_nnn_mangan_450_450_manganlienvanh-300x300.jpg 300w, https:\/\/www.nhuabinhthuan.com.vn\/vn\/wp-content\/uploads\/2023\/10\/sp_nnn_mangan_450_450_manganlienvanh-150x150.jpg 150w\" sizes=\"(max-width: 450px) 100vw, 450px\" \/>\t\t\t\t\t\t\t\t<\/a>\n\t\t\t\t\t\t\t\t\t\t\t<figcaption class=\"widget-image-caption wp-caption-text\">M\u00e1ng \u0103n li\u1ec1n v\u00e0nh<\/figcaption>\n\t\t\t\t\t\t\t\t\t\t<\/figure>\n\t\t\t\t\t\t\t\t\t<\/div>\n\t\t\t\t<\/div>\n\t\t\t\t<\/div>\n\t\t<div class=\"elementor-element elementor-element-8ed56ce e-con-full e-flex e-con e-child\" data-id=\"8ed56ce\" data-element_type=\"container\">\n\t\t\t\t<div class=\"elementor-element elementor-element-82e0c29 elementor-widget elementor-widget-image\" data-id=\"82e0c29\" data-element_type=\"widget\" data-widget_type=\"image.default\">\n\t\t\t\t<div class=\"elementor-widget-container\">\n\t\t\t\t\t\t\t\t\t\t\t\t<figure class=\"wp-caption\">\n\t\t\t\t\t\t\t\t\t\t<img fetchpriority=\"high\" decoding=\"async\" width=\"450\" height=\"450\" src=\"https:\/\/www.nhuabinhthuan.com.vn\/vn\/wp-content\/uploads\/2023\/10\/sp_nnn_mangan_450_450_manggadai.jpg\" class=\"elementor-animation-grow attachment-full size-full wp-image-3625\" alt=\"\" srcset=\"https:\/\/www.nhuabinhthuan.com.vn\/vn\/wp-content\/uploads\/2023\/10\/sp_nnn_mangan_450_450_manggadai.jpg 450w, https:\/\/www.nhuabinhthuan.com.vn\/vn\/wp-content\/uploads\/2023\/10\/sp_nnn_mangan_450_450_manggadai-300x300.jpg 300w, https:\/\/www.nhuabinhthuan.com.vn\/vn\/wp-content\/uploads\/2023\/10\/sp_nnn_mangan_450_450_manggadai-150x150.jpg 150w\" sizes=\"(max-width: 450px) 100vw, 450px\" \/>\t\t\t\t\t\t\t\t\t\t\t<figcaption class=\"widget-image-caption wp-caption-text\">M\u00e1ng g\u00e0 d\u00e0i<\/figcaption>\n\t\t\t\t\t\t\t\t\t\t<\/figure>\n\t\t\t\t\t\t\t\t\t<\/div>\n\t\t\t\t<\/div>\n\t\t\t\t<\/div>\n\t\t<div class=\"elementor-element elementor-element-2dd4d08 e-con-full e-flex e-con e-child\" data-id=\"2dd4d08\" data-element_type=\"container\">\n\t\t\t\t<div class=\"elementor-element elementor-element-50edf23 elementor-widget elementor-widget-image\" data-id=\"50edf23\" data-element_type=\"widget\" data-widget_type=\"image.default\">\n\t\t\t\t<div class=\"elementor-widget-container\">\n\t\t\t\t\t\t\t\t\t\t\t\t<figure class=\"wp-caption\">\n\t\t\t\t\t\t\t\t\t\t\t<a href=\"https:\/\/www.nhuabinhthuan.com.vn\/vn\/san-pham\/nhua-nong-nghiep\/mang-an\/manganindo\">\n\t\t\t\t\t\t\t<img loading=\"lazy\" decoding=\"async\" width=\"450\" height=\"450\" src=\"https:\/\/www.nhuabinhthuan.com.vn\/vn\/wp-content\/uploads\/2023\/10\/sp_nnn_mangan_450_450_manganindo-1.jpg\" class=\"elementor-animation-grow attachment-full size-full wp-image-3629\" alt=\"\" srcset=\"https:\/\/www.nhuabinhthuan.com.vn\/vn\/wp-content\/uploads\/2023\/10\/sp_nnn_mangan_450_450_manganindo-1.jpg 450w, https:\/\/www.nhuabinhthuan.com.vn\/vn\/wp-content\/uploads\/2023\/10\/sp_nnn_mangan_450_450_manganindo-1-300x300.jpg 300w, https:\/\/www.nhuabinhthuan.com.vn\/vn\/wp-content\/uploads\/2023\/10\/sp_nnn_mangan_450_450_manganindo-1-150x150.jpg 150w\" sizes=\"(max-width: 450px) 100vw, 450px\" \/>\t\t\t\t\t\t\t\t<\/a>\n\t\t\t\t\t\t\t\t\t\t\t<figcaption class=\"widget-image-caption wp-caption-text\">M\u00e1ng \u0103n Indo<\/figcaption>\n\t\t\t\t\t\t\t\t\t\t<\/figure>\n\t\t\t\t\t\t\t\t\t<\/div>\n\t\t\t\t<\/div>\n\t\t\t\t<\/div>\n\t\t\t\t<\/div>\n\t\t\t\t<\/div>\n\t\t<div class=\"elementor-element elementor-element-e7315c7 e-flex e-con-boxed e-con e-parent\" data-id=\"e7315c7\" data-element_type=\"container\">\n\t\t\t\t\t<div class=\"e-con-inner\">\n\t\t\t\t\t<\/div>\n\t\t\t\t<\/div>\n\t\t<div class=\"elementor-element elementor-element-9a6a3d0 e-flex e-con-boxed e-con e-parent\" data-id=\"9a6a3d0\" data-element_type=\"container\">\n\t\t\t\t\t<div class=\"e-con-inner\">\n\t\t\t\t\t<\/div>\n\t\t\t\t<\/div>\n\t\t\t\t<\/div>\n\t\t","protected":false},"excerpt":{"rendered":"<p>NH\u1ef0A N\u00d4NG NGHI\u1ec6P M\u00e1ng g\u00e0 d\u00e0i M\u00e1ng g\u00e0 d\u00e0i M\u00e3: MGA01 K\u00edch th\u01b0\u1edbc:650x120x65 Ch\u1ea5t li\u1ec7u: Nh\u1ef1a PP -Taiwan Th\u00f4ng s\u1ed1 k\u1ef9 thu\u1eadt C\u00c1C S\u1ea2N PH\u1ea8M KH\u00c1C M\u00e1ng \u0103n cho g\u00e0 con (m\u00e2m g\u00e0) M\u00e1ng d\u00e0i (m\u00e1ng l\u1ee3n) M\u00e1ng vu\u00f4ng M\u00e1ng \u0103n \u0111\u1ea1i x\u00e2u m\u00f3c M\u00e1ng \u0103n li\u1ec1n v\u00e0nh M\u00e1ng g\u00e0 d\u00e0i M\u00e1ng \u0103n Indo<\/p>\n","protected":false},"author":2,"featured_media":0,"parent":3006,"menu_order":6,"comment_status":"closed","ping_status":"closed","template":"","meta":{"site-sidebar-layout":"no-sidebar","site-content-layout":"page-builder","ast-site-content-layout":"","site-content-style":"default","site-sidebar-style":"default","ast-global-header-display":"","ast-banner-title-visibility":"","ast-main-header-display":"","ast-hfb-above-header-display":"","ast-hfb-below-header-display":"","ast-hfb-mobile-header-display":"","site-post-title":"disabled","ast-breadcrumbs-content":"","ast-featured-img":"disabled","footer-sml-layout":"","theme-transparent-header-meta":"enabled","adv-header-id-meta":"","stick-header-meta":"","header-above-stick-meta":"","header-main-stick-meta":"","header-below-stick-meta":"","astra-migrate-meta-layouts":"","footnotes":""},"class_list":["post-4590","page","type-page","status-publish","hentry"],"_links":{"self":[{"href":"https:\/\/www.nhuabinhthuan.com.vn\/vn\/wp-json\/wp\/v2\/pages\/4590","targetHints":{"allow":["GET"]}}],"collection":[{"href":"https:\/\/www.nhuabinhthuan.com.vn\/vn\/wp-json\/wp\/v2\/pages"}],"about":[{"href":"https:\/\/www.nhuabinhthuan.com.vn\/vn\/wp-json\/wp\/v2\/types\/page"}],"author":[{"embeddable":true,"href":"https:\/\/www.nhuabinhthuan.com.vn\/vn\/wp-json\/wp\/v2\/users\/2"}],"replies":[{"embeddable":true,"href":"https:\/\/www.nhuabinhthuan.com.vn\/vn\/wp-json\/wp\/v2\/comments?post=4590"}],"version-history":[{"count":7,"href":"https:\/\/www.nhuabinhthuan.com.vn\/vn\/wp-json\/wp\/v2\/pages\/4590\/revisions"}],"predecessor-version":[{"id":6311,"href":"https:\/\/www.nhuabinhthuan.com.vn\/vn\/wp-json\/wp\/v2\/pages\/4590\/revisions\/6311"}],"up":[{"embeddable":true,"href":"https:\/\/www.nhuabinhthuan.com.vn\/vn\/wp-json\/wp\/v2\/pages\/3006"}],"wp:attachment":[{"href":"https:\/\/www.nhuabinhthuan.com.vn\/vn\/wp-json\/wp\/v2\/media?parent=4590"}],"curies":[{"name":"wp","href":"https:\/\/api.w.org\/{rel}","templated":true}]}}