{"id":5178,"date":"2023-11-02T12:51:59","date_gmt":"2023-11-02T05:51:59","guid":{"rendered":"https:\/\/www.nhuabinhthuan.com.vn\/vn\/?page_id=5178"},"modified":"2023-11-11T12:58:06","modified_gmt":"2023-11-11T05:58:06","slug":"chauhoathongminh","status":"publish","type":"page","link":"https:\/\/www.nhuabinhthuan.com.vn\/vn\/san-pham\/nhua-trong-trot\/chau-tu-giac\/chauhoathongminh\/","title":{"rendered":"CH\u1eacU T\u1ee8 GI\u00c1C &#8211; Ch\u1eadu hoa th\u00f4ng minh"},"content":{"rendered":"\t\t<div data-elementor-type=\"wp-page\" data-elementor-id=\"5178\" class=\"elementor elementor-5178\" data-elementor-post-type=\"page\">\n\t\t\t\t\t\t<section class=\"elementor-section elementor-top-section elementor-element elementor-element-339b0fd elementor-section-height-min-height elementor-section-full_width elementor-section-height-default elementor-section-items-middle\" data-id=\"339b0fd\" data-element_type=\"section\" data-settings=\"{&quot;background_background&quot;:&quot;classic&quot;}\">\n\t\t\t\t\t\t\t<div class=\"elementor-background-overlay\"><\/div>\n\t\t\t\t\t\t\t<div class=\"elementor-container elementor-column-gap-default\">\n\t\t\t\t\t<div class=\"elementor-column elementor-col-100 elementor-top-column elementor-element elementor-element-abd5892\" data-id=\"abd5892\" data-element_type=\"column\">\n\t\t\t<div class=\"elementor-widget-wrap elementor-element-populated\">\n\t\t\t\t\t\t\t<\/div>\n\t\t<\/div>\n\t\t\t\t\t<\/div>\n\t\t<\/section>\n\t\t<div class=\"elementor-element elementor-element-59c4e20 e-con-full e-flex e-con e-parent\" data-id=\"59c4e20\" data-element_type=\"container\">\n\t\t<div class=\"elementor-element elementor-element-b547fec e-con-full e-flex e-con e-child\" data-id=\"b547fec\" data-element_type=\"container\" data-settings=\"{&quot;background_background&quot;:&quot;classic&quot;}\">\n\t\t\t\t<div class=\"elementor-element elementor-element-92b8e67 elementor-widget elementor-widget-heading\" data-id=\"92b8e67\" data-element_type=\"widget\" data-widget_type=\"heading.default\">\n\t\t\t\t<div class=\"elementor-widget-container\">\n\t\t\t\t\t<h2 class=\"elementor-heading-title elementor-size-default\">NH\u1ef0A TR\u1ed2NG TR\u1eccT<\/h2>\t\t\t\t<\/div>\n\t\t\t\t<\/div>\n\t\t\t\t<div class=\"elementor-element elementor-element-d33fd5e elementor-nav-menu--dropdown-tablet elementor-nav-menu__text-align-aside elementor-nav-menu--toggle elementor-nav-menu--burger elementor-invisible elementor-widget elementor-widget-nav-menu\" data-id=\"d33fd5e\" data-element_type=\"widget\" data-settings=\"{&quot;layout&quot;:&quot;vertical&quot;,&quot;_animation&quot;:&quot;fadeInLeft&quot;,&quot;_animation_delay&quot;:100,&quot;submenu_icon&quot;:{&quot;value&quot;:&quot;&lt;i class=\\&quot;fas fa-caret-down\\&quot;&gt;&lt;\\\/i&gt;&quot;,&quot;library&quot;:&quot;fa-solid&quot;},&quot;toggle&quot;:&quot;burger&quot;}\" data-widget_type=\"nav-menu.default\">\n\t\t\t\t<div class=\"elementor-widget-container\">\n\t\t\t\t\t\t\t\t<nav aria-label=\"Menu\" class=\"elementor-nav-menu--main elementor-nav-menu__container elementor-nav-menu--layout-vertical e--pointer-underline e--animation-fade\">\n\t\t\t\t<ul id=\"menu-1-d33fd5e\" class=\"elementor-nav-menu sm-vertical\"><li class=\"menu-item menu-item-type-post_type menu-item-object-page menu-item-3775\"><a href=\"https:\/\/www.nhuabinhthuan.com.vn\/vn\/san-pham\/nhua-trong-trot\/chau-tron\/\" class=\"elementor-item menu-link\">CH\u1eacU TR\u00d2N<\/a><\/li>\n<li class=\"menu-item menu-item-type-post_type menu-item-object-page menu-item-3774\"><a href=\"https:\/\/www.nhuabinhthuan.com.vn\/vn\/san-pham\/nhua-trong-trot\/chau-tu-giac\/\" class=\"elementor-item menu-link\">CH\u1eacU T\u1ee8 GI\u00c1C<\/a><\/li>\n<li class=\"menu-item menu-item-type-post_type menu-item-object-page menu-item-3773\"><a href=\"https:\/\/www.nhuabinhthuan.com.vn\/vn\/san-pham\/nhua-trong-trot\/chau-luc-giac\/\" class=\"elementor-item menu-link\">CH\u1eacU L\u1ee4C GI\u00c1C<\/a><\/li>\n<li class=\"menu-item menu-item-type-post_type menu-item-object-page menu-item-3772\"><a href=\"https:\/\/www.nhuabinhthuan.com.vn\/vn\/san-pham\/nhua-trong-trot\/chau-bat-giac\/\" class=\"elementor-item menu-link\">CH\u1eacU B\u00c1T GI\u00c1C<\/a><\/li>\n<li class=\"menu-item menu-item-type-post_type menu-item-object-page menu-item-3771\"><a href=\"https:\/\/www.nhuabinhthuan.com.vn\/vn\/san-pham\/nhua-trong-trot\/chau-treo\/\" class=\"elementor-item menu-link\">CH\u1eacU TREO<\/a><\/li>\n<li class=\"menu-item menu-item-type-post_type menu-item-object-page menu-item-3769\"><a href=\"https:\/\/www.nhuabinhthuan.com.vn\/vn\/san-pham\/nhua-trong-trot\/chau-kep-ban-cong\/\" class=\"elementor-item menu-link\">CH\u1eacU K\u1eb8P BAN C\u00d4NG<\/a><\/li>\n<li class=\"menu-item menu-item-type-post_type menu-item-object-page menu-item-3770\"><a href=\"https:\/\/www.nhuabinhthuan.com.vn\/vn\/san-pham\/nhua-trong-trot\/chau-op-tuong\/\" class=\"elementor-item menu-link\">CH\u1eacU \u1ed0P T\u01af\u1edcNG<\/a><\/li>\n<li class=\"menu-item menu-item-type-post_type menu-item-object-page menu-item-3768\"><a href=\"https:\/\/www.nhuabinhthuan.com.vn\/vn\/san-pham\/nhua-trong-trot\/chau-hang-rao\/\" class=\"elementor-item menu-link\">CH\u1eacU H\u00c0NG R\u00c0O<\/a><\/li>\n<li class=\"menu-item menu-item-type-post_type menu-item-object-page menu-item-3767\"><a href=\"https:\/\/www.nhuabinhthuan.com.vn\/vn\/san-pham\/nhua-trong-trot\/khay-uom\/\" class=\"elementor-item menu-link\">KHAY \u01af\u01a0M<\/a><\/li>\n<li class=\"menu-item menu-item-type-post_type menu-item-object-page menu-item-3766\"><a href=\"https:\/\/www.nhuabinhthuan.com.vn\/vn\/san-pham\/nhua-trong-trot\/chau-lan\/\" class=\"elementor-item menu-link\">CH\u1eacU LAN<\/a><\/li>\n<li class=\"menu-item menu-item-type-post_type menu-item-object-page menu-item-3765\"><a href=\"https:\/\/www.nhuabinhthuan.com.vn\/vn\/san-pham\/nhua-trong-trot\/khay-trong-rau\/\" class=\"elementor-item menu-link\">KHAY TR\u1ed2NG RAU<\/a><\/li>\n<li class=\"menu-item menu-item-type-post_type menu-item-object-page menu-item-3764\"><a href=\"https:\/\/www.nhuabinhthuan.com.vn\/vn\/san-pham\/nhua-trong-trot\/dia-lot-chau\/\" class=\"elementor-item menu-link\">\u0110\u0128A L\u00d3T CH\u1eacU<\/a><\/li>\n<\/ul>\t\t\t<\/nav>\n\t\t\t\t\t<div class=\"elementor-menu-toggle\" role=\"button\" tabindex=\"0\" aria-label=\"Menu Toggle\" aria-expanded=\"false\">\n\t\t\t<i aria-hidden=\"true\" role=\"presentation\" class=\"elementor-menu-toggle__icon--open eicon-menu-bar\"><\/i><i aria-hidden=\"true\" role=\"presentation\" class=\"elementor-menu-toggle__icon--close eicon-close\"><\/i>\t\t<\/div>\n\t\t\t\t\t<nav class=\"elementor-nav-menu--dropdown elementor-nav-menu__container\" aria-hidden=\"true\">\n\t\t\t\t<ul id=\"menu-2-d33fd5e\" class=\"elementor-nav-menu sm-vertical\"><li class=\"menu-item menu-item-type-post_type menu-item-object-page menu-item-3775\"><a href=\"https:\/\/www.nhuabinhthuan.com.vn\/vn\/san-pham\/nhua-trong-trot\/chau-tron\/\" class=\"elementor-item menu-link\" tabindex=\"-1\">CH\u1eacU TR\u00d2N<\/a><\/li>\n<li class=\"menu-item menu-item-type-post_type menu-item-object-page menu-item-3774\"><a href=\"https:\/\/www.nhuabinhthuan.com.vn\/vn\/san-pham\/nhua-trong-trot\/chau-tu-giac\/\" class=\"elementor-item menu-link\" tabindex=\"-1\">CH\u1eacU T\u1ee8 GI\u00c1C<\/a><\/li>\n<li class=\"menu-item menu-item-type-post_type menu-item-object-page menu-item-3773\"><a href=\"https:\/\/www.nhuabinhthuan.com.vn\/vn\/san-pham\/nhua-trong-trot\/chau-luc-giac\/\" class=\"elementor-item menu-link\" tabindex=\"-1\">CH\u1eacU L\u1ee4C GI\u00c1C<\/a><\/li>\n<li class=\"menu-item menu-item-type-post_type menu-item-object-page menu-item-3772\"><a href=\"https:\/\/www.nhuabinhthuan.com.vn\/vn\/san-pham\/nhua-trong-trot\/chau-bat-giac\/\" class=\"elementor-item menu-link\" tabindex=\"-1\">CH\u1eacU B\u00c1T GI\u00c1C<\/a><\/li>\n<li class=\"menu-item menu-item-type-post_type menu-item-object-page menu-item-3771\"><a href=\"https:\/\/www.nhuabinhthuan.com.vn\/vn\/san-pham\/nhua-trong-trot\/chau-treo\/\" class=\"elementor-item menu-link\" tabindex=\"-1\">CH\u1eacU TREO<\/a><\/li>\n<li class=\"menu-item menu-item-type-post_type menu-item-object-page menu-item-3769\"><a href=\"https:\/\/www.nhuabinhthuan.com.vn\/vn\/san-pham\/nhua-trong-trot\/chau-kep-ban-cong\/\" class=\"elementor-item menu-link\" tabindex=\"-1\">CH\u1eacU K\u1eb8P BAN C\u00d4NG<\/a><\/li>\n<li class=\"menu-item menu-item-type-post_type menu-item-object-page menu-item-3770\"><a href=\"https:\/\/www.nhuabinhthuan.com.vn\/vn\/san-pham\/nhua-trong-trot\/chau-op-tuong\/\" class=\"elementor-item menu-link\" tabindex=\"-1\">CH\u1eacU \u1ed0P T\u01af\u1edcNG<\/a><\/li>\n<li class=\"menu-item menu-item-type-post_type menu-item-object-page menu-item-3768\"><a href=\"https:\/\/www.nhuabinhthuan.com.vn\/vn\/san-pham\/nhua-trong-trot\/chau-hang-rao\/\" class=\"elementor-item menu-link\" tabindex=\"-1\">CH\u1eacU H\u00c0NG R\u00c0O<\/a><\/li>\n<li class=\"menu-item menu-item-type-post_type menu-item-object-page menu-item-3767\"><a href=\"https:\/\/www.nhuabinhthuan.com.vn\/vn\/san-pham\/nhua-trong-trot\/khay-uom\/\" class=\"elementor-item menu-link\" tabindex=\"-1\">KHAY \u01af\u01a0M<\/a><\/li>\n<li class=\"menu-item menu-item-type-post_type menu-item-object-page menu-item-3766\"><a href=\"https:\/\/www.nhuabinhthuan.com.vn\/vn\/san-pham\/nhua-trong-trot\/chau-lan\/\" class=\"elementor-item menu-link\" tabindex=\"-1\">CH\u1eacU LAN<\/a><\/li>\n<li class=\"menu-item menu-item-type-post_type menu-item-object-page menu-item-3765\"><a href=\"https:\/\/www.nhuabinhthuan.com.vn\/vn\/san-pham\/nhua-trong-trot\/khay-trong-rau\/\" class=\"elementor-item menu-link\" tabindex=\"-1\">KHAY TR\u1ed2NG RAU<\/a><\/li>\n<li class=\"menu-item menu-item-type-post_type menu-item-object-page menu-item-3764\"><a href=\"https:\/\/www.nhuabinhthuan.com.vn\/vn\/san-pham\/nhua-trong-trot\/dia-lot-chau\/\" class=\"elementor-item menu-link\" tabindex=\"-1\">\u0110\u0128A L\u00d3T CH\u1eacU<\/a><\/li>\n<\/ul>\t\t\t<\/nav>\n\t\t\t\t\t\t<\/div>\n\t\t\t\t<\/div>\n\t\t\t\t<\/div>\n\t\t<div class=\"elementor-element elementor-element-02e19f8 e-con-full e-flex e-con e-child\" data-id=\"02e19f8\" data-element_type=\"container\">\n\t\t<div class=\"elementor-element elementor-element-183fb2b e-con-full e-flex e-con e-child\" data-id=\"183fb2b\" data-element_type=\"container\">\n\t\t<div class=\"elementor-element elementor-element-70c867f e-con-full e-flex e-con e-child\" data-id=\"70c867f\" data-element_type=\"container\">\n\t\t\t\t<div class=\"elementor-element elementor-element-d4c40cd elementor-widget elementor-widget-image\" data-id=\"d4c40cd\" data-element_type=\"widget\" data-widget_type=\"image.default\">\n\t\t\t\t<div class=\"elementor-widget-container\">\n\t\t\t\t\t\t\t\t\t\t\t\t<figure class=\"wp-caption\">\n\t\t\t\t\t\t\t\t\t\t<img fetchpriority=\"high\" decoding=\"async\" width=\"450\" height=\"450\" src=\"https:\/\/www.nhuabinhthuan.com.vn\/vn\/wp-content\/uploads\/2023\/10\/sp_ntt_chautugiac_450_450_chauhoathongminh.jpg\" class=\"elementor-animation-grow attachment-full size-full wp-image-3833\" alt=\"\" srcset=\"https:\/\/www.nhuabinhthuan.com.vn\/vn\/wp-content\/uploads\/2023\/10\/sp_ntt_chautugiac_450_450_chauhoathongminh.jpg 450w, https:\/\/www.nhuabinhthuan.com.vn\/vn\/wp-content\/uploads\/2023\/10\/sp_ntt_chautugiac_450_450_chauhoathongminh-300x300.jpg 300w, https:\/\/www.nhuabinhthuan.com.vn\/vn\/wp-content\/uploads\/2023\/10\/sp_ntt_chautugiac_450_450_chauhoathongminh-150x150.jpg 150w\" sizes=\"(max-width: 450px) 100vw, 450px\" \/>\t\t\t\t\t\t\t\t\t\t\t<figcaption class=\"widget-image-caption wp-caption-text\">Ch\u1eadu hoa th\u00f4ng minh<\/figcaption>\n\t\t\t\t\t\t\t\t\t\t<\/figure>\n\t\t\t\t\t\t\t\t\t<\/div>\n\t\t\t\t<\/div>\n\t\t\t\t<\/div>\n\t\t<div class=\"elementor-element elementor-element-891d1bf e-con-full e-flex e-con e-child\" data-id=\"891d1bf\" data-element_type=\"container\">\n\t\t\t\t<div class=\"elementor-element elementor-element-800f2c1 elementor-widget elementor-widget-heading\" data-id=\"800f2c1\" data-element_type=\"widget\" data-widget_type=\"heading.default\">\n\t\t\t\t<div class=\"elementor-widget-container\">\n\t\t\t\t\t<h2 class=\"elementor-heading-title elementor-size-default\">Ch\u1eadu hoa th\u00f4ng minh<\/h2>\t\t\t\t<\/div>\n\t\t\t\t<\/div>\n\t\t\t\t<div class=\"elementor-element elementor-element-e955b3c elementor-widget elementor-widget-text-editor\" data-id=\"e955b3c\" data-element_type=\"widget\" data-widget_type=\"text-editor.default\">\n\t\t\t\t<div class=\"elementor-widget-container\">\n\t\t\t\t\t\t\t\t\t<ul class=\"thongSo\"><li><strong>M\u00e3:<\/strong> KTRTM<\/li><li><strong>K\u00edch th\u01b0\u1edbc: <\/strong>2 k\u00edch c\u1ee1 kh\u00e1c nhau<\/li><li><strong>Ch\u1ea5t li\u1ec7u:<\/strong>\u00a0<\/li><\/ul>\t\t\t\t\t\t\t\t<\/div>\n\t\t\t\t<\/div>\n\t\t\t\t<\/div>\n\t\t<div class=\"elementor-element elementor-element-d98fa95 e-con-full e-flex e-con e-child\" data-id=\"d98fa95\" data-element_type=\"container\" data-settings=\"{&quot;background_background&quot;:&quot;classic&quot;}\">\n\t\t\t\t<div class=\"elementor-element elementor-element-978903e elementor-widget elementor-widget-heading\" data-id=\"978903e\" data-element_type=\"widget\" data-widget_type=\"heading.default\">\n\t\t\t\t<div class=\"elementor-widget-container\">\n\t\t\t\t\t<h2 class=\"elementor-heading-title elementor-size-default\">Th\u00f4ng tin chi ti\u1ebft<\/h2>\t\t\t\t<\/div>\n\t\t\t\t<\/div>\n\t\t\t\t<\/div>\n\t\t<div class=\"elementor-element elementor-element-2ef58c5 e-con-full e-flex e-con e-child\" data-id=\"2ef58c5\" data-element_type=\"container\" data-settings=\"{&quot;background_background&quot;:&quot;classic&quot;}\">\n\t\t\t\t<div class=\"elementor-element elementor-element-8a688a4 elementor-widget elementor-widget-heading\" data-id=\"8a688a4\" data-element_type=\"widget\" data-widget_type=\"heading.default\">\n\t\t\t\t<div class=\"elementor-widget-container\">\n\t\t\t\t\t<h2 class=\"elementor-heading-title elementor-size-default\">Th\u00f4ng s\u1ed1 k\u1ef9 thu\u1eadt<\/h2>\t\t\t\t<\/div>\n\t\t\t\t<\/div>\n\t\t\t\t<\/div>\n\t\t<div class=\"elementor-element elementor-element-e9b4079 e-con-full e-flex e-con e-child\" data-id=\"e9b4079\" data-element_type=\"container\">\n\t\t\t\t<div class=\"elementor-element elementor-element-e643777 elementor-widget-divider--view-line elementor-widget elementor-widget-divider\" data-id=\"e643777\" data-element_type=\"widget\" data-widget_type=\"divider.default\">\n\t\t\t\t<div class=\"elementor-widget-container\">\n\t\t\t\t\t\t\t<div class=\"elementor-divider\">\n\t\t\t<span class=\"elementor-divider-separator\">\n\t\t\t\t\t\t<\/span>\n\t\t<\/div>\n\t\t\t\t\t\t<\/div>\n\t\t\t\t<\/div>\n\t\t\t\t<\/div>\n\t\t<div class=\"elementor-element elementor-element-10ef5a3 e-con-full e-flex e-con e-child\" data-id=\"10ef5a3\" data-element_type=\"container\" data-settings=\"{&quot;background_background&quot;:&quot;classic&quot;}\">\n\t\t\t\t<div class=\"elementor-element elementor-element-5558fb4 elementor-widget elementor-widget-heading\" data-id=\"5558fb4\" data-element_type=\"widget\" data-widget_type=\"heading.default\">\n\t\t\t\t<div class=\"elementor-widget-container\">\n\t\t\t\t\t<h2 class=\"elementor-heading-title elementor-size-default\">C\u00c1C S\u1ea2N PH\u1ea8M KH\u00c1C<\/h2>\t\t\t\t<\/div>\n\t\t\t\t<\/div>\n\t\t\t\t<\/div>\n\t\t\t\t<\/div>\n\t\t<div class=\"elementor-element elementor-element-c387333 e-con-full e-flex e-con e-child\" data-id=\"c387333\" data-element_type=\"container\">\n\t\t\t\t<div class=\"elementor-element elementor-element-1ca4bdb elementor-widget elementor-widget-image\" data-id=\"1ca4bdb\" data-element_type=\"widget\" data-widget_type=\"image.default\">\n\t\t\t\t<div class=\"elementor-widget-container\">\n\t\t\t\t\t\t\t\t\t\t\t\t<figure class=\"wp-caption\">\n\t\t\t\t\t\t\t\t\t\t\t<a href=\"https:\/\/www.nhuabinhthuan.com.vn\/vn\/san-pham\/nhua-trong-trot\/chau-tu-giac\/chauhoavuongcao\">\n\t\t\t\t\t\t\t<img decoding=\"async\" width=\"450\" height=\"450\" src=\"https:\/\/www.nhuabinhthuan.com.vn\/vn\/wp-content\/uploads\/2023\/10\/sp_ntt_chautugiac_450_450_chauhoavuongcao.jpg\" class=\"elementor-animation-grow attachment-full size-full wp-image-3829\" alt=\"\" srcset=\"https:\/\/www.nhuabinhthuan.com.vn\/vn\/wp-content\/uploads\/2023\/10\/sp_ntt_chautugiac_450_450_chauhoavuongcao.jpg 450w, https:\/\/www.nhuabinhthuan.com.vn\/vn\/wp-content\/uploads\/2023\/10\/sp_ntt_chautugiac_450_450_chauhoavuongcao-300x300.jpg 300w, https:\/\/www.nhuabinhthuan.com.vn\/vn\/wp-content\/uploads\/2023\/10\/sp_ntt_chautugiac_450_450_chauhoavuongcao-150x150.jpg 150w\" sizes=\"(max-width: 450px) 100vw, 450px\" \/>\t\t\t\t\t\t\t\t<\/a>\n\t\t\t\t\t\t\t\t\t\t\t<figcaption class=\"widget-image-caption wp-caption-text\">Ch\u1eadu hoa vu\u00f4ng cao<\/figcaption>\n\t\t\t\t\t\t\t\t\t\t<\/figure>\n\t\t\t\t\t\t\t\t\t<\/div>\n\t\t\t\t<\/div>\n\t\t\t\t<\/div>\n\t\t<div class=\"elementor-element elementor-element-ab43c0e e-con-full e-flex e-con e-child\" data-id=\"ab43c0e\" data-element_type=\"container\">\n\t\t\t\t<div class=\"elementor-element elementor-element-84bb2c6 elementor-widget elementor-widget-image\" data-id=\"84bb2c6\" data-element_type=\"widget\" data-widget_type=\"image.default\">\n\t\t\t\t<div class=\"elementor-widget-container\">\n\t\t\t\t\t\t\t\t\t\t\t\t<figure class=\"wp-caption\">\n\t\t\t\t\t\t\t\t\t\t<img fetchpriority=\"high\" decoding=\"async\" width=\"450\" height=\"450\" src=\"https:\/\/www.nhuabinhthuan.com.vn\/vn\/wp-content\/uploads\/2023\/10\/sp_ntt_chautugiac_450_450_chauhoathongminh.jpg\" class=\"elementor-animation-grow attachment-full size-full wp-image-3833\" alt=\"\" srcset=\"https:\/\/www.nhuabinhthuan.com.vn\/vn\/wp-content\/uploads\/2023\/10\/sp_ntt_chautugiac_450_450_chauhoathongminh.jpg 450w, https:\/\/www.nhuabinhthuan.com.vn\/vn\/wp-content\/uploads\/2023\/10\/sp_ntt_chautugiac_450_450_chauhoathongminh-300x300.jpg 300w, https:\/\/www.nhuabinhthuan.com.vn\/vn\/wp-content\/uploads\/2023\/10\/sp_ntt_chautugiac_450_450_chauhoathongminh-150x150.jpg 150w\" sizes=\"(max-width: 450px) 100vw, 450px\" \/>\t\t\t\t\t\t\t\t\t\t\t<figcaption class=\"widget-image-caption wp-caption-text\">Ch\u1eadu hoa th\u00f4ng minh<\/figcaption>\n\t\t\t\t\t\t\t\t\t\t<\/figure>\n\t\t\t\t\t\t\t\t\t<\/div>\n\t\t\t\t<\/div>\n\t\t\t\t<\/div>\n\t\t<div class=\"elementor-element elementor-element-aa83210 e-con-full e-flex e-con e-child\" data-id=\"aa83210\" data-element_type=\"container\">\n\t\t\t\t<div class=\"elementor-element elementor-element-151f387 elementor-widget elementor-widget-image\" data-id=\"151f387\" data-element_type=\"widget\" data-widget_type=\"image.default\">\n\t\t\t\t<div class=\"elementor-widget-container\">\n\t\t\t\t\t\t\t\t\t\t\t\t<figure class=\"wp-caption\">\n\t\t\t\t\t\t\t\t\t\t\t<a href=\"https:\/\/www.nhuabinhthuan.com.vn\/vn\/san-pham\/nhua-trong-trot\/chau-tu-giac\/chauhoavuonghoavan\">\n\t\t\t\t\t\t\t<img decoding=\"async\" width=\"450\" height=\"450\" src=\"https:\/\/www.nhuabinhthuan.com.vn\/vn\/wp-content\/uploads\/2023\/10\/sp_ntt_chautugiac_450_450_chauhoavuonghoavan.jpg\" class=\"elementor-animation-grow attachment-full size-full wp-image-3834\" alt=\"\" srcset=\"https:\/\/www.nhuabinhthuan.com.vn\/vn\/wp-content\/uploads\/2023\/10\/sp_ntt_chautugiac_450_450_chauhoavuonghoavan.jpg 450w, https:\/\/www.nhuabinhthuan.com.vn\/vn\/wp-content\/uploads\/2023\/10\/sp_ntt_chautugiac_450_450_chauhoavuonghoavan-300x300.jpg 300w, https:\/\/www.nhuabinhthuan.com.vn\/vn\/wp-content\/uploads\/2023\/10\/sp_ntt_chautugiac_450_450_chauhoavuonghoavan-150x150.jpg 150w\" sizes=\"(max-width: 450px) 100vw, 450px\" \/>\t\t\t\t\t\t\t\t<\/a>\n\t\t\t\t\t\t\t\t\t\t\t<figcaption class=\"widget-image-caption wp-caption-text\">Ch\u1eadu hoa vu\u00f4ng hoa v\u0103n<\/figcaption>\n\t\t\t\t\t\t\t\t\t\t<\/figure>\n\t\t\t\t\t\t\t\t\t<\/div>\n\t\t\t\t<\/div>\n\t\t\t\t<\/div>\n\t\t<div class=\"elementor-element elementor-element-a202f43 e-con-full e-flex e-con e-child\" data-id=\"a202f43\" data-element_type=\"container\">\n\t\t\t\t<div class=\"elementor-element elementor-element-3619630 elementor-widget elementor-widget-image\" data-id=\"3619630\" data-element_type=\"widget\" data-widget_type=\"image.default\">\n\t\t\t\t<div class=\"elementor-widget-container\">\n\t\t\t\t\t\t\t\t\t\t\t\t<figure class=\"wp-caption\">\n\t\t\t\t\t\t\t\t\t\t\t<a href=\"https:\/\/www.nhuabinhthuan.com.vn\/vn\/san-pham\/nhua-trong-trot\/chau-tu-giac\/chauhoavuongvansocnngang\">\n\t\t\t\t\t\t\t<img loading=\"lazy\" decoding=\"async\" width=\"450\" height=\"450\" src=\"https:\/\/www.nhuabinhthuan.com.vn\/vn\/wp-content\/uploads\/2023\/10\/sp_ntt_chautugiac_450_450_chauhoavuongvansocngang.jpg\" class=\"elementor-animation-grow attachment-full size-full wp-image-3838\" alt=\"\" srcset=\"https:\/\/www.nhuabinhthuan.com.vn\/vn\/wp-content\/uploads\/2023\/10\/sp_ntt_chautugiac_450_450_chauhoavuongvansocngang.jpg 450w, https:\/\/www.nhuabinhthuan.com.vn\/vn\/wp-content\/uploads\/2023\/10\/sp_ntt_chautugiac_450_450_chauhoavuongvansocngang-300x300.jpg 300w, https:\/\/www.nhuabinhthuan.com.vn\/vn\/wp-content\/uploads\/2023\/10\/sp_ntt_chautugiac_450_450_chauhoavuongvansocngang-150x150.jpg 150w\" sizes=\"(max-width: 450px) 100vw, 450px\" \/>\t\t\t\t\t\t\t\t<\/a>\n\t\t\t\t\t\t\t\t\t\t\t<figcaption class=\"widget-image-caption wp-caption-text\">Ch\u1eadu hoa vu\u00f4ng v\u00e2n s\u1ecdc ngang<\/figcaption>\n\t\t\t\t\t\t\t\t\t\t<\/figure>\n\t\t\t\t\t\t\t\t\t<\/div>\n\t\t\t\t<\/div>\n\t\t\t\t<\/div>\n\t\t<div class=\"elementor-element elementor-element-21f4b96 e-con-full e-flex e-con e-child\" data-id=\"21f4b96\" data-element_type=\"container\">\n\t\t\t\t<div class=\"elementor-element elementor-element-ff7073d elementor-widget elementor-widget-image\" data-id=\"ff7073d\" data-element_type=\"widget\" data-widget_type=\"image.default\">\n\t\t\t\t<div class=\"elementor-widget-container\">\n\t\t\t\t\t\t\t\t\t\t\t\t<figure class=\"wp-caption\">\n\t\t\t\t\t\t\t\t\t\t\t<a href=\"https:\/\/www.nhuabinhthuan.com.vn\/vn\/san-pham\/nhua-trong-trot\/chau-tu-giac\/chauhoavuong\">\n\t\t\t\t\t\t\t<img loading=\"lazy\" decoding=\"async\" width=\"450\" height=\"450\" src=\"https:\/\/www.nhuabinhthuan.com.vn\/vn\/wp-content\/uploads\/2023\/10\/sp_ntt_chautugiac_450_450_chauhoavuong.jpg\" class=\"elementor-animation-grow attachment-full size-full wp-image-3842\" alt=\"\" srcset=\"https:\/\/www.nhuabinhthuan.com.vn\/vn\/wp-content\/uploads\/2023\/10\/sp_ntt_chautugiac_450_450_chauhoavuong.jpg 450w, https:\/\/www.nhuabinhthuan.com.vn\/vn\/wp-content\/uploads\/2023\/10\/sp_ntt_chautugiac_450_450_chauhoavuong-300x300.jpg 300w, https:\/\/www.nhuabinhthuan.com.vn\/vn\/wp-content\/uploads\/2023\/10\/sp_ntt_chautugiac_450_450_chauhoavuong-150x150.jpg 150w\" sizes=\"(max-width: 450px) 100vw, 450px\" \/>\t\t\t\t\t\t\t\t<\/a>\n\t\t\t\t\t\t\t\t\t\t\t<figcaption class=\"widget-image-caption wp-caption-text\">Ch\u1eadu hoa vu\u00f4ng<\/figcaption>\n\t\t\t\t\t\t\t\t\t\t<\/figure>\n\t\t\t\t\t\t\t\t\t<\/div>\n\t\t\t\t<\/div>\n\t\t\t\t<\/div>\n\t\t<div class=\"elementor-element elementor-element-8ed56ce e-con-full e-flex e-con e-child\" data-id=\"8ed56ce\" data-element_type=\"container\">\n\t\t\t\t<div class=\"elementor-element elementor-element-82e0c29 elementor-widget elementor-widget-image\" data-id=\"82e0c29\" data-element_type=\"widget\" data-widget_type=\"image.default\">\n\t\t\t\t<div class=\"elementor-widget-container\">\n\t\t\t\t\t\t\t\t\t\t\t\t<figure class=\"wp-caption\">\n\t\t\t\t\t\t\t\t\t\t\t<a href=\"https:\/\/www.nhuabinhthuan.com.vn\/vn\/san-pham\/nhua-trong-trot\/chau-tu-giac\/chauang\">\n\t\t\t\t\t\t\t<img loading=\"lazy\" decoding=\"async\" width=\"450\" height=\"450\" src=\"https:\/\/www.nhuabinhthuan.com.vn\/vn\/wp-content\/uploads\/2023\/10\/sp_ntt_chautugiac_450_450_chauhoaang.jpg\" class=\"elementor-animation-grow attachment-full size-full wp-image-3846\" alt=\"\" srcset=\"https:\/\/www.nhuabinhthuan.com.vn\/vn\/wp-content\/uploads\/2023\/10\/sp_ntt_chautugiac_450_450_chauhoaang.jpg 450w, https:\/\/www.nhuabinhthuan.com.vn\/vn\/wp-content\/uploads\/2023\/10\/sp_ntt_chautugiac_450_450_chauhoaang-300x300.jpg 300w, https:\/\/www.nhuabinhthuan.com.vn\/vn\/wp-content\/uploads\/2023\/10\/sp_ntt_chautugiac_450_450_chauhoaang-150x150.jpg 150w\" sizes=\"(max-width: 450px) 100vw, 450px\" \/>\t\t\t\t\t\t\t\t<\/a>\n\t\t\t\t\t\t\t\t\t\t\t<figcaption class=\"widget-image-caption wp-caption-text\">Ch\u1eadu ang<\/figcaption>\n\t\t\t\t\t\t\t\t\t\t<\/figure>\n\t\t\t\t\t\t\t\t\t<\/div>\n\t\t\t\t<\/div>\n\t\t\t\t<\/div>\n\t\t\t\t<\/div>\n\t\t\t\t<\/div>\n\t\t\t\t<\/div>\n\t\t","protected":false},"excerpt":{"rendered":"<p>NH\u1ef0A TR\u1ed2NG TR\u1eccT Ch\u1eadu hoa th\u00f4ng minh Ch\u1eadu hoa th\u00f4ng minh M\u00e3: KTRTM K\u00edch th\u01b0\u1edbc: 2 k\u00edch c\u1ee1 kh\u00e1c nhau Ch\u1ea5t li\u1ec7u:\u00a0 Th\u00f4ng tin chi ti\u1ebft Th\u00f4ng s\u1ed1 k\u1ef9 thu\u1eadt C\u00c1C S\u1ea2N PH\u1ea8M KH\u00c1C Ch\u1eadu hoa vu\u00f4ng cao Ch\u1eadu hoa th\u00f4ng minh Ch\u1eadu hoa vu\u00f4ng hoa v\u0103n Ch\u1eadu hoa vu\u00f4ng v\u00e2n s\u1ecdc ngang Ch\u1eadu hoa &hellip;<\/p>\n<p class=\"read-more\"> <a class=\"\" href=\"https:\/\/www.nhuabinhthuan.com.vn\/vn\/san-pham\/nhua-trong-trot\/chau-tu-giac\/chauhoathongminh\/\"> <span class=\"screen-reader-text\">CH\u1eacU T\u1ee8 GI\u00c1C &#8211; Ch\u1eadu hoa th\u00f4ng minh<\/span> Read More &raquo;<\/a><\/p>\n","protected":false},"author":2,"featured_media":0,"parent":3715,"menu_order":2,"comment_status":"closed","ping_status":"closed","template":"","meta":{"site-sidebar-layout":"no-sidebar","site-content-layout":"page-builder","ast-site-content-layout":"","site-content-style":"default","site-sidebar-style":"default","ast-global-header-display":"","ast-banner-title-visibility":"","ast-main-header-display":"","ast-hfb-above-header-display":"","ast-hfb-below-header-display":"","ast-hfb-mobile-header-display":"","site-post-title":"disabled","ast-breadcrumbs-content":"","ast-featured-img":"disabled","footer-sml-layout":"","theme-transparent-header-meta":"enabled","adv-header-id-meta":"","stick-header-meta":"","header-above-stick-meta":"","header-main-stick-meta":"","header-below-stick-meta":"","astra-migrate-meta-layouts":"","footnotes":""},"class_list":["post-5178","page","type-page","status-publish","hentry"],"_links":{"self":[{"href":"https:\/\/www.nhuabinhthuan.com.vn\/vn\/wp-json\/wp\/v2\/pages\/5178","targetHints":{"allow":["GET"]}}],"collection":[{"href":"https:\/\/www.nhuabinhthuan.com.vn\/vn\/wp-json\/wp\/v2\/pages"}],"about":[{"href":"https:\/\/www.nhuabinhthuan.com.vn\/vn\/wp-json\/wp\/v2\/types\/page"}],"author":[{"embeddable":true,"href":"https:\/\/www.nhuabinhthuan.com.vn\/vn\/wp-json\/wp\/v2\/users\/2"}],"replies":[{"embeddable":true,"href":"https:\/\/www.nhuabinhthuan.com.vn\/vn\/wp-json\/wp\/v2\/comments?post=5178"}],"version-history":[{"count":10,"href":"https:\/\/www.nhuabinhthuan.com.vn\/vn\/wp-json\/wp\/v2\/pages\/5178\/revisions"}],"predecessor-version":[{"id":6395,"href":"https:\/\/www.nhuabinhthuan.com.vn\/vn\/wp-json\/wp\/v2\/pages\/5178\/revisions\/6395"}],"up":[{"embeddable":true,"href":"https:\/\/www.nhuabinhthuan.com.vn\/vn\/wp-json\/wp\/v2\/pages\/3715"}],"wp:attachment":[{"href":"https:\/\/www.nhuabinhthuan.com.vn\/vn\/wp-json\/wp\/v2\/media?parent=5178"}],"curies":[{"name":"wp","href":"https:\/\/api.w.org\/{rel}","templated":true}]}}